{"id":1339,"date":"2021-05-09T16:51:01","date_gmt":"2021-05-09T14:51:01","guid":{"rendered":"https:\/\/manuelaluchtmeijer.com\/?post_type=product&#038;p=1339"},"modified":"2022-12-12T18:14:26","modified_gmt":"2022-12-12T17:14:26","slug":"linogravure-serie-hold-on-atrappe-moi-ii","status":"publish","type":"product","link":"https:\/\/manuelaluchtmeijer.com\/en\/product\/linogravure-serie-hold-on-atrappe-moi-ii\/","title":{"rendered":"Linocut series HOLD-ON: Attrappe-moi II"},"content":{"rendered":"<p>[et_pb_section fb_built=\u00a0\u00bb1&Prime; _builder_version=\u00a0\u00bb3.22&Prime; custom_padding=\u00a0\u00bb0px||||false|false\u00a0\u00bb global_colors_info=\u00a0\u00bb{}\u00a0\u00bb][et_pb_row _builder_version=\u00a0\u00bb3.25&Prime; background_size=\u00a0\u00bbinitial\u00a0\u00bb background_position=\u00a0\u00bbtop_left\u00a0\u00bb background_repeat=\u00a0\u00bbrepeat\u00a0\u00bb width=\u00a0\u00bb100%\u00a0\u00bb custom_padding=\u00a0\u00bb0px||0px||false|false\u00a0\u00bb global_colors_info=\u00a0\u00bb{}\u00a0\u00bb][et_pb_column type=\u00a0\u00bb4_4&Prime; _builder_version=\u00a0\u00bb3.25&Prime; custom_padding=\u00a0\u00bb|||\u00a0\u00bb global_colors_info=\u00a0\u00bb{}\u00a0\u00bb custom_padding__hover=\u00a0\u00bb|||\u00a0\u00bb][et_pb_wc_breadcrumb _builder_version=\u00a0\u00bb3.0.47&Prime; global_colors_info=\u00a0\u00bb{}\u00a0\u00bb][\/et_pb_wc_breadcrumb][et_pb_wc_cart_notice _builder_version=\u00a0\u00bb3.0.47&Prime; global_colors_info=\u00a0\u00bb{}\u00a0\u00bb][\/et_pb_wc_cart_notice][\/et_pb_column][\/et_pb_row][et_pb_row column_structure=\u00a0\u00bb1_2,1_2&Prime; _builder_version=\u00a0\u00bb3.25&Prime; background_size=\u00a0\u00bbinitial\u00a0\u00bb background_position=\u00a0\u00bbtop_left\u00a0\u00bb background_repeat=\u00a0\u00bbrepeat\u00a0\u00bb width=\u00a0\u00bb100%\u00a0\u00bb custom_padding=\u00a0\u00bb0px||||false|false\u00a0\u00bb global_colors_info=\u00a0\u00bb{}\u00a0\u00bb][et_pb_column type=\u00a0\u00bb1_2&Prime; _builder_version=\u00a0\u00bb3.25&Prime; custom_padding=\u00a0\u00bb|||\u00a0\u00bb global_colors_info=\u00a0\u00bb{}\u00a0\u00bb custom_padding__hover=\u00a0\u00bb|||\u00a0\u00bb][et_pb_wc_images _builder_version=\u00a0\u00bb3.0.47&Prime; global_colors_info=\u00a0\u00bb{}\u00a0\u00bb][\/et_pb_wc_images][\/et_pb_column][et_pb_column type=\u00a0\u00bb1_2&Prime; _builder_version=\u00a0\u00bb3.25&Prime; custom_padding=\u00a0\u00bb|||\u00a0\u00bb global_colors_info=\u00a0\u00bb{}\u00a0\u00bb custom_padding__hover=\u00a0\u00bb|||\u00a0\u00bb][et_pb_wc_title _builder_version=\u00a0\u00bb3.0.47&Prime; global_colors_info=\u00a0\u00bb{}\u00a0\u00bb][\/et_pb_wc_title][et_pb_wc_rating _builder_version=\u00a0\u00bb3.0.47&Prime; global_colors_info=\u00a0\u00bb{}\u00a0\u00bb][\/et_pb_wc_rating][et_pb_wc_price _builder_version=\u00a0\u00bb3.0.47&Prime; global_colors_info=\u00a0\u00bb{}\u00a0\u00bb][\/et_pb_wc_price][et_pb_wc_description _builder_version=\u00a0\u00bb3.0.47&Prime; global_colors_info=\u00a0\u00bb{}\u00a0\u00bb][\/et_pb_wc_description][et_pb_wc_add_to_cart _builder_version=\u00a0\u00bb3.0.47&Prime; global_colors_info=\u00a0\u00bb{}\u00a0\u00bb][\/et_pb_wc_add_to_cart][et_pb_wc_meta _builder_version=\u00a0\u00bb3.0.47&Prime; global_colors_info=\u00a0\u00bb{}\u00a0\u00bb][\/et_pb_wc_meta][\/et_pb_column][\/et_pb_row][et_pb_row _builder_version=\u00a0\u00bb3.25&Prime; background_size=\u00a0\u00bbinitial\u00a0\u00bb background_position=\u00a0\u00bbtop_left\u00a0\u00bb background_repeat=\u00a0\u00bbrepeat\u00a0\u00bb width=\u00a0\u00bb100%\u00a0\u00bb global_colors_info=\u00a0\u00bb{}\u00a0\u00bb][et_pb_column type=\u00a0\u00bb4_4&Prime; _builder_version=\u00a0\u00bb3.25&Prime; custom_padding=\u00a0\u00bb|||\u00a0\u00bb global_colors_info=\u00a0\u00bb{}\u00a0\u00bb custom_padding__hover=\u00a0\u00bb|||\u00a0\u00bb][et_pb_wc_tabs _builder_version=\u00a0\u00bb4.9.4&Prime; global_colors_info=\u00a0\u00bb{}\u00a0\u00bb]\t\t\t\t\t[\/et_pb_wc_tabs][et_pb_wc_upsells _builder_version=\u00a0\u00bb3.0.47&Prime; global_colors_info=\u00a0\u00bb{}\u00a0\u00bb][\/et_pb_wc_upsells][\/et_pb_column][\/et_pb_row][\/et_pb_section]<\/p>\n","protected":false},"excerpt":{"rendered":"<p>Original linocut by Manuela Luchtmeijer, limited and numbered series (25 copies). Series title: <a href=\"https:\/\/manuelaluchtmeijer.com\/en\/oeuvres\/hold-on\/\">HOLD-ON<\/a>.<br \/>\nChaque impression est faite \u00e0 la main, num\u00e9rot\u00e9e et sign\u00e9e. Vendue sans cadre, sous passe-partout, pr\u00eate \u00e0 encadrer. 30x40cm. \u00ab\u00a0Attrape I\u00a0\u00bb &amp; \u00ab\u00a0Attrape II\u00a0\u00bb&nbsp; peuvent \u00eatre accroch\u00e9s l&rsquo;un au-dessus l&rsquo;autre pour s&rsquo;attraper&#8230; (voir photo dans la galerie).<\/p>","protected":false},"featured_media":1219,"template":"","meta":{"_et_pb_use_builder":"on","_et_pb_old_content":"Linogravure de Manuela Luchtmeijer, s\u00e9rie limit\u00e9e et num\u00e9rot\u00e9e (25 ex.). Titre s\u00e9rie : <a href=\"https:\/\/manuelaluchtmeijer.com\/oeuvres\/hold-on\/\">HOLD-ON<\/a>.\r\nChaque impression est faite \u00e0 la main, num\u00e9rot\u00e9e et sign\u00e9e. 30x40cm. Vous recevrez \u00e9galement un certificat d'authenticit\u00e9 avec le n\u00b0 de la gravure. Livr\u00e9e sous passe-partout (sans cadre) dans un emballage s\u00e9curis\u00e9.&nbsp; Frais d'envoi offerts \u00e0 partir de 75\u20ac (Europe).","_et_gb_content_width":"","ngg_post_thumbnail":0,"jetpack_publicize_message":"","jetpack_publicize_feature_enabled":true,"jetpack_social_post_already_shared":false,"jetpack_social_options":{"image_generator_settings":{"template":"highway","default_image_id":0,"font":"","enabled":false},"version":2}},"product_brand":[],"product_cat":[37,38,48],"product_tag":[],"class_list":{"0":"post-1339","1":"product","2":"type-product","3":"status-publish","4":"has-post-thumbnail","6":"product_cat-gravures","7":"product_cat-hold-on","8":"product_cat-hold-on-2","10":"first","11":"instock","12":"taxable","13":"shipping-taxable","14":"purchasable","15":"product-type-simple"},"yoast_head":"<!-- This site is optimized with the Yoast SEO plugin v27.5 - https:\/\/yoast.com\/product\/yoast-seo-wordpress\/ -->\n<title>Linogravure s\u00e9rie HOLD-ON : Attrappe-moi II - Manuela Luchtmeijer<\/title>\n<meta name=\"description\" content=\"Linogravure de Manuela Luchtmeijer, s\u00e9rie limit\u00e9e et num\u00e9rot\u00e9e (25 ex.). Chaque impression est faite \u00e0 la main, num\u00e9rot\u00e9e et sign\u00e9e. Vous recevrez \u00e9galement un certificat d&#039;authenticit\u00e9 avec le nr de la gravure. Chaque impression est faite \u00e0 la main, num\u00e9rot\u00e9e et sign\u00e9e. 30x40cm. Livr\u00e9e sous passe-partout (sans cadre) dans un emballage s\u00e9curis\u00e9.\u00a0\" \/>\n<meta name=\"robots\" content=\"index, follow, max-snippet:-1, max-image-preview:large, max-video-preview:-1\" \/>\n<link rel=\"canonical\" href=\"https:\/\/manuelaluchtmeijer.com\/en\/product\/linogravure-serie-hold-on-atrappe-moi-ii\/\" \/>\n<meta property=\"og:locale\" content=\"en_US\" \/>\n<meta property=\"og:type\" content=\"article\" \/>\n<meta property=\"og:title\" content=\"Linogravure s\u00e9rie HOLD-ON : Attrappe-moi II - Manuela Luchtmeijer\" \/>\n<meta property=\"og:description\" content=\"Linogravure de Manuela Luchtmeijer, s\u00e9rie limit\u00e9e et num\u00e9rot\u00e9e (25 ex.). Chaque impression est faite \u00e0 la main, num\u00e9rot\u00e9e et sign\u00e9e. Vous recevrez \u00e9galement un certificat d&#039;authenticit\u00e9 avec le nr de la gravure. Chaque impression est faite \u00e0 la main, num\u00e9rot\u00e9e et sign\u00e9e. 30x40cm. Livr\u00e9e sous passe-partout (sans cadre) dans un emballage s\u00e9curis\u00e9.\u00a0\" \/>\n<meta property=\"og:url\" content=\"https:\/\/manuelaluchtmeijer.com\/en\/product\/linogravure-serie-hold-on-atrappe-moi-ii\/\" \/>\n<meta property=\"og:site_name\" content=\"Manuela Luchtmeijer\" \/>\n<meta property=\"article:modified_time\" content=\"2022-12-12T17:14:26+00:00\" \/>\n<meta property=\"og:image\" content=\"https:\/\/manuelaluchtmeijer.com\/wp-content\/uploads\/2021\/04\/grasp1_white-copie.jpeg\" \/>\n\t<meta property=\"og:image:width\" content=\"800\" \/>\n\t<meta property=\"og:image:height\" content=\"562\" \/>\n\t<meta property=\"og:image:type\" content=\"image\/jpeg\" \/>\n<meta name=\"twitter:card\" content=\"summary_large_image\" \/>\n<meta name=\"twitter:label1\" content=\"Est. reading time\" \/>\n\t<meta name=\"twitter:data1\" content=\"2 minutes\" \/>\n<script type=\"application\/ld+json\" class=\"yoast-schema-graph\">{\"@context\":\"https:\\\/\\\/schema.org\",\"@graph\":[{\"@type\":\"WebPage\",\"@id\":\"https:\\\/\\\/manuelaluchtmeijer.com\\\/produit\\\/linogravure-serie-hold-on-atrappe-moi-ii\\\/\",\"url\":\"https:\\\/\\\/manuelaluchtmeijer.com\\\/produit\\\/linogravure-serie-hold-on-atrappe-moi-ii\\\/\",\"name\":\"Linogravure s\u00e9rie HOLD-ON : Attrappe-moi II - Manuela Luchtmeijer\",\"isPartOf\":{\"@id\":\"https:\\\/\\\/manuelaluchtmeijer.com\\\/#website\"},\"primaryImageOfPage\":{\"@id\":\"https:\\\/\\\/manuelaluchtmeijer.com\\\/produit\\\/linogravure-serie-hold-on-atrappe-moi-ii\\\/#primaryimage\"},\"image\":{\"@id\":\"https:\\\/\\\/manuelaluchtmeijer.com\\\/produit\\\/linogravure-serie-hold-on-atrappe-moi-ii\\\/#primaryimage\"},\"thumbnailUrl\":\"https:\\\/\\\/i0.wp.com\\\/manuelaluchtmeijer.com\\\/wp-content\\\/uploads\\\/2021\\\/04\\\/grasp1_white-copie.jpeg?fit=800%2C562&ssl=1\",\"datePublished\":\"2021-05-09T14:51:01+00:00\",\"dateModified\":\"2022-12-12T17:14:26+00:00\",\"description\":\"Linogravure de Manuela Luchtmeijer, s\u00e9rie limit\u00e9e et num\u00e9rot\u00e9e (25 ex.). Chaque impression est faite \u00e0 la main, num\u00e9rot\u00e9e et sign\u00e9e. Vous recevrez \u00e9galement un certificat d'authenticit\u00e9 avec le nr de la gravure. Chaque impression est faite \u00e0 la main, num\u00e9rot\u00e9e et sign\u00e9e. 30x40cm. Livr\u00e9e sous passe-partout (sans cadre) dans un emballage s\u00e9curis\u00e9.\u00a0\",\"breadcrumb\":{\"@id\":\"https:\\\/\\\/manuelaluchtmeijer.com\\\/produit\\\/linogravure-serie-hold-on-atrappe-moi-ii\\\/#breadcrumb\"},\"inLanguage\":\"en-US\",\"potentialAction\":[{\"@type\":\"ReadAction\",\"target\":[\"https:\\\/\\\/manuelaluchtmeijer.com\\\/produit\\\/linogravure-serie-hold-on-atrappe-moi-ii\\\/\"]}]},{\"@type\":\"ImageObject\",\"inLanguage\":\"en-US\",\"@id\":\"https:\\\/\\\/manuelaluchtmeijer.com\\\/produit\\\/linogravure-serie-hold-on-atrappe-moi-ii\\\/#primaryimage\",\"url\":\"https:\\\/\\\/i0.wp.com\\\/manuelaluchtmeijer.com\\\/wp-content\\\/uploads\\\/2021\\\/04\\\/grasp1_white-copie.jpeg?fit=800%2C562&ssl=1\",\"contentUrl\":\"https:\\\/\\\/i0.wp.com\\\/manuelaluchtmeijer.com\\\/wp-content\\\/uploads\\\/2021\\\/04\\\/grasp1_white-copie.jpeg?fit=800%2C562&ssl=1\",\"width\":800,\"height\":562},{\"@type\":\"BreadcrumbList\",\"@id\":\"https:\\\/\\\/manuelaluchtmeijer.com\\\/produit\\\/linogravure-serie-hold-on-atrappe-moi-ii\\\/#breadcrumb\",\"itemListElement\":[{\"@type\":\"ListItem\",\"position\":1,\"name\":\"Accueil\",\"item\":\"https:\\\/\\\/manuelaluchtmeijer.com\\\/\"},{\"@type\":\"ListItem\",\"position\":2,\"name\":\"BOUTIQUE\",\"item\":\"https:\\\/\\\/manuelaluchtmeijer.com\\\/boutique\\\/\"},{\"@type\":\"ListItem\",\"position\":3,\"name\":\"Linogravure s\u00e9rie HOLD-ON : Attrappe-moi II\"}]},{\"@type\":\"WebSite\",\"@id\":\"https:\\\/\\\/manuelaluchtmeijer.com\\\/#website\",\"url\":\"https:\\\/\\\/manuelaluchtmeijer.com\\\/\",\"name\":\"Manuela Luchtmeijer\",\"description\":\"artiste - plasticienne\",\"publisher\":{\"@id\":\"https:\\\/\\\/manuelaluchtmeijer.com\\\/#\\\/schema\\\/person\\\/f8c7c781339f5778d7c26efdc7d88323\"},\"potentialAction\":[{\"@type\":\"SearchAction\",\"target\":{\"@type\":\"EntryPoint\",\"urlTemplate\":\"https:\\\/\\\/manuelaluchtmeijer.com\\\/?s={search_term_string}\"},\"query-input\":{\"@type\":\"PropertyValueSpecification\",\"valueRequired\":true,\"valueName\":\"search_term_string\"}}],\"inLanguage\":\"en-US\"},{\"@type\":[\"Person\",\"Organization\"],\"@id\":\"https:\\\/\\\/manuelaluchtmeijer.com\\\/#\\\/schema\\\/person\\\/f8c7c781339f5778d7c26efdc7d88323\",\"name\":\"Atelier Manuela Luchtmeijer\",\"image\":{\"@type\":\"ImageObject\",\"inLanguage\":\"en-US\",\"@id\":\"https:\\\/\\\/i0.wp.com\\\/manuelaluchtmeijer.com\\\/wp-content\\\/uploads\\\/2020\\\/10\\\/LOGO-Manuela-Luchtmeijer-2-e1617879483252.png?fit=743%2C116&ssl=1\",\"url\":\"https:\\\/\\\/i0.wp.com\\\/manuelaluchtmeijer.com\\\/wp-content\\\/uploads\\\/2020\\\/10\\\/LOGO-Manuela-Luchtmeijer-2-e1617879483252.png?fit=743%2C116&ssl=1\",\"contentUrl\":\"https:\\\/\\\/i0.wp.com\\\/manuelaluchtmeijer.com\\\/wp-content\\\/uploads\\\/2020\\\/10\\\/LOGO-Manuela-Luchtmeijer-2-e1617879483252.png?fit=743%2C116&ssl=1\",\"width\":743,\"height\":116,\"caption\":\"Atelier Manuela Luchtmeijer\"},\"logo\":{\"@id\":\"https:\\\/\\\/i0.wp.com\\\/manuelaluchtmeijer.com\\\/wp-content\\\/uploads\\\/2020\\\/10\\\/LOGO-Manuela-Luchtmeijer-2-e1617879483252.png?fit=743%2C116&ssl=1\"}}]}<\/script>\n<!-- \/ Yoast SEO plugin. -->","yoast_head_json":{"title":"Linogravure s\u00e9rie HOLD-ON : Attrappe-moi II - Manuela Luchtmeijer","description":"Linogravure de Manuela Luchtmeijer, s\u00e9rie limit\u00e9e et num\u00e9rot\u00e9e (25 ex.). Chaque impression est faite \u00e0 la main, num\u00e9rot\u00e9e et sign\u00e9e. Vous recevrez \u00e9galement un certificat d'authenticit\u00e9 avec le nr de la gravure. Chaque impression est faite \u00e0 la main, num\u00e9rot\u00e9e et sign\u00e9e. 30x40cm. Livr\u00e9e sous passe-partout (sans cadre) dans un emballage s\u00e9curis\u00e9.\u00a0","robots":{"index":"index","follow":"follow","max-snippet":"max-snippet:-1","max-image-preview":"max-image-preview:large","max-video-preview":"max-video-preview:-1"},"canonical":"https:\/\/manuelaluchtmeijer.com\/en\/product\/linogravure-serie-hold-on-atrappe-moi-ii\/","og_locale":"en_US","og_type":"article","og_title":"Linogravure s\u00e9rie HOLD-ON : Attrappe-moi II - Manuela Luchtmeijer","og_description":"Linogravure de Manuela Luchtmeijer, s\u00e9rie limit\u00e9e et num\u00e9rot\u00e9e (25 ex.). Chaque impression est faite \u00e0 la main, num\u00e9rot\u00e9e et sign\u00e9e. Vous recevrez \u00e9galement un certificat d'authenticit\u00e9 avec le nr de la gravure. Chaque impression est faite \u00e0 la main, num\u00e9rot\u00e9e et sign\u00e9e. 30x40cm. Livr\u00e9e sous passe-partout (sans cadre) dans un emballage s\u00e9curis\u00e9.\u00a0","og_url":"https:\/\/manuelaluchtmeijer.com\/en\/product\/linogravure-serie-hold-on-atrappe-moi-ii\/","og_site_name":"Manuela Luchtmeijer","article_modified_time":"2022-12-12T17:14:26+00:00","og_image":[{"width":800,"height":562,"url":"https:\/\/manuelaluchtmeijer.com\/wp-content\/uploads\/2021\/04\/grasp1_white-copie.jpeg","type":"image\/jpeg"}],"twitter_card":"summary_large_image","twitter_misc":{"Est. reading time":"2 minutes"},"schema":{"@context":"https:\/\/schema.org","@graph":[{"@type":"WebPage","@id":"https:\/\/manuelaluchtmeijer.com\/produit\/linogravure-serie-hold-on-atrappe-moi-ii\/","url":"https:\/\/manuelaluchtmeijer.com\/produit\/linogravure-serie-hold-on-atrappe-moi-ii\/","name":"Linogravure s\u00e9rie HOLD-ON : Attrappe-moi II - Manuela Luchtmeijer","isPartOf":{"@id":"https:\/\/manuelaluchtmeijer.com\/#website"},"primaryImageOfPage":{"@id":"https:\/\/manuelaluchtmeijer.com\/produit\/linogravure-serie-hold-on-atrappe-moi-ii\/#primaryimage"},"image":{"@id":"https:\/\/manuelaluchtmeijer.com\/produit\/linogravure-serie-hold-on-atrappe-moi-ii\/#primaryimage"},"thumbnailUrl":"https:\/\/i0.wp.com\/manuelaluchtmeijer.com\/wp-content\/uploads\/2021\/04\/grasp1_white-copie.jpeg?fit=800%2C562&ssl=1","datePublished":"2021-05-09T14:51:01+00:00","dateModified":"2022-12-12T17:14:26+00:00","description":"Linogravure de Manuela Luchtmeijer, s\u00e9rie limit\u00e9e et num\u00e9rot\u00e9e (25 ex.). Chaque impression est faite \u00e0 la main, num\u00e9rot\u00e9e et sign\u00e9e. Vous recevrez \u00e9galement un certificat d'authenticit\u00e9 avec le nr de la gravure. Chaque impression est faite \u00e0 la main, num\u00e9rot\u00e9e et sign\u00e9e. 30x40cm. Livr\u00e9e sous passe-partout (sans cadre) dans un emballage s\u00e9curis\u00e9.\u00a0","breadcrumb":{"@id":"https:\/\/manuelaluchtmeijer.com\/produit\/linogravure-serie-hold-on-atrappe-moi-ii\/#breadcrumb"},"inLanguage":"en-US","potentialAction":[{"@type":"ReadAction","target":["https:\/\/manuelaluchtmeijer.com\/produit\/linogravure-serie-hold-on-atrappe-moi-ii\/"]}]},{"@type":"ImageObject","inLanguage":"en-US","@id":"https:\/\/manuelaluchtmeijer.com\/produit\/linogravure-serie-hold-on-atrappe-moi-ii\/#primaryimage","url":"https:\/\/i0.wp.com\/manuelaluchtmeijer.com\/wp-content\/uploads\/2021\/04\/grasp1_white-copie.jpeg?fit=800%2C562&ssl=1","contentUrl":"https:\/\/i0.wp.com\/manuelaluchtmeijer.com\/wp-content\/uploads\/2021\/04\/grasp1_white-copie.jpeg?fit=800%2C562&ssl=1","width":800,"height":562},{"@type":"BreadcrumbList","@id":"https:\/\/manuelaluchtmeijer.com\/produit\/linogravure-serie-hold-on-atrappe-moi-ii\/#breadcrumb","itemListElement":[{"@type":"ListItem","position":1,"name":"Accueil","item":"https:\/\/manuelaluchtmeijer.com\/"},{"@type":"ListItem","position":2,"name":"BOUTIQUE","item":"https:\/\/manuelaluchtmeijer.com\/boutique\/"},{"@type":"ListItem","position":3,"name":"Linogravure s\u00e9rie HOLD-ON : Attrappe-moi II"}]},{"@type":"WebSite","@id":"https:\/\/manuelaluchtmeijer.com\/#website","url":"https:\/\/manuelaluchtmeijer.com\/","name":"Manuela Luchtmeijer","description":"artiste - plasticienne","publisher":{"@id":"https:\/\/manuelaluchtmeijer.com\/#\/schema\/person\/f8c7c781339f5778d7c26efdc7d88323"},"potentialAction":[{"@type":"SearchAction","target":{"@type":"EntryPoint","urlTemplate":"https:\/\/manuelaluchtmeijer.com\/?s={search_term_string}"},"query-input":{"@type":"PropertyValueSpecification","valueRequired":true,"valueName":"search_term_string"}}],"inLanguage":"en-US"},{"@type":["Person","Organization"],"@id":"https:\/\/manuelaluchtmeijer.com\/#\/schema\/person\/f8c7c781339f5778d7c26efdc7d88323","name":"Atelier Manuela Luchtmeijer","image":{"@type":"ImageObject","inLanguage":"en-US","@id":"https:\/\/i0.wp.com\/manuelaluchtmeijer.com\/wp-content\/uploads\/2020\/10\/LOGO-Manuela-Luchtmeijer-2-e1617879483252.png?fit=743%2C116&ssl=1","url":"https:\/\/i0.wp.com\/manuelaluchtmeijer.com\/wp-content\/uploads\/2020\/10\/LOGO-Manuela-Luchtmeijer-2-e1617879483252.png?fit=743%2C116&ssl=1","contentUrl":"https:\/\/i0.wp.com\/manuelaluchtmeijer.com\/wp-content\/uploads\/2020\/10\/LOGO-Manuela-Luchtmeijer-2-e1617879483252.png?fit=743%2C116&ssl=1","width":743,"height":116,"caption":"Atelier Manuela Luchtmeijer"},"logo":{"@id":"https:\/\/i0.wp.com\/manuelaluchtmeijer.com\/wp-content\/uploads\/2020\/10\/LOGO-Manuela-Luchtmeijer-2-e1617879483252.png?fit=743%2C116&ssl=1"}}]}},"jetpack_publicize_connections":[],"jetpack_sharing_enabled":true,"_links":{"self":[{"href":"https:\/\/manuelaluchtmeijer.com\/en\/wp-json\/wp\/v2\/product\/1339","targetHints":{"allow":["GET"]}}],"collection":[{"href":"https:\/\/manuelaluchtmeijer.com\/en\/wp-json\/wp\/v2\/product"}],"about":[{"href":"https:\/\/manuelaluchtmeijer.com\/en\/wp-json\/wp\/v2\/types\/product"}],"wp:featuredmedia":[{"embeddable":true,"href":"https:\/\/manuelaluchtmeijer.com\/en\/wp-json\/wp\/v2\/media\/1219"}],"wp:attachment":[{"href":"https:\/\/manuelaluchtmeijer.com\/en\/wp-json\/wp\/v2\/media?parent=1339"}],"wp:term":[{"taxonomy":"product_brand","embeddable":true,"href":"https:\/\/manuelaluchtmeijer.com\/en\/wp-json\/wp\/v2\/product_brand?post=1339"},{"taxonomy":"product_cat","embeddable":true,"href":"https:\/\/manuelaluchtmeijer.com\/en\/wp-json\/wp\/v2\/product_cat?post=1339"},{"taxonomy":"product_tag","embeddable":true,"href":"https:\/\/manuelaluchtmeijer.com\/en\/wp-json\/wp\/v2\/product_tag?post=1339"}],"curies":[{"name":"wp","href":"https:\/\/api.w.org\/{rel}","templated":true}]}}