{"id":810,"date":"2021-04-15T10:01:13","date_gmt":"2021-04-15T08:01:13","guid":{"rendered":"https:\/\/manuelaluchtmeijer.com\/?page_id=810"},"modified":"2021-04-16T19:57:58","modified_gmt":"2021-04-16T17:57:58","slug":"dames-blanches-texte","status":"publish","type":"page","link":"https:\/\/manuelaluchtmeijer.com\/en\/dames-blanches-texte\/","title":{"rendered":"DAMES BLANCHES \u2013 text"},"content":{"rendered":"<p>[et_pb_section fb_built=\u00a0\u00bb1&Prime; _builder_version=\u00a0\u00bb4.9.2&Prime; _module_preset=\u00a0\u00bbdefault\u00a0\u00bb custom_padding=\u00a0\u00bb||0px|||\u00a0\u00bb][et_pb_row _builder_version=\u00a0\u00bb4.9.2&Prime; _module_preset=\u00a0\u00bbdefault\u00a0\u00bb][et_pb_column type=\u00a0\u00bb4_4&Prime; _builder_version=\u00a0\u00bb4.9.2&Prime; _module_preset=\u00a0\u00bbdefault\u00a0\u00bb][et_pb_text _builder_version=\u00a0\u00bb4.9.2&Prime; _module_preset=\u00a0\u00bbdefault\u00a0\u00bb text_font=\u00a0\u00bbAbel||||||||\u00a0\u00bb text_font_size=\u00a0\u00bb35px\u00a0\u00bb text_line_height=\u00a0\u00bb1em\u00a0\u00bb]<\/p>\n<p>DAMES BLANCHES &#8211; texte et article<\/p>\n<p>[\/et_pb_text][\/et_pb_column][\/et_pb_row][\/et_pb_section][et_pb_section fb_built=\u00a0\u00bb1&Prime; _builder_version=\u00a0\u00bb4.9.2&Prime; _module_preset=\u00a0\u00bbdefault\u00a0\u00bb custom_padding=\u00a0\u00bb||0px|||\u00a0\u00bb][et_pb_row column_structure=\u00a0\u00bb2_3,1_3&Prime; _builder_version=\u00a0\u00bb4.9.2&Prime; _module_preset=\u00a0\u00bbdefault\u00a0\u00bb custom_margin=\u00a0\u00bb-50px|auto||auto||\u00a0\u00bb custom_padding=\u00a0\u00bb0px||3px|||\u00a0\u00bb][et_pb_column type=\u00a0\u00bb2_3&Prime; _builder_version=\u00a0\u00bb4.9.2&Prime; _module_preset=\u00a0\u00bbdefault\u00a0\u00bb][et_pb_text _builder_version=\u00a0\u00bb4.9.2&Prime; _module_preset=\u00a0\u00bbdefault\u00a0\u00bb text_line_height=\u00a0\u00bb1.5em\u00a0\u00bb hover_enabled=\u00a0\u00bb0&Prime; sticky_enabled=\u00a0\u00bb0&Prime;]<\/p>\n<p>Les Dames Blanches<span>\u00a0<\/span>nourrissent les l\u00e9gendes et la mythologie de plusieurs pays d\u2019Europe, dont les Pays-Bas, o\u00f9 Manuela Luchtmeijer est n\u00e9e.<\/p>\n<h3 class=\"colleBas\">du ph\u00e9nom\u00e8ne naturel&#8230;<\/h3>\n<p class=\"colle\">Des formes opalescentes et diffuses qui semblent flotter, dans les bois ou pr\u00e8s des \u00e9tangs, souvent au cr\u00e9puscule\u00a0: ce sont les Dames Blanches. On les explique par des nappes de brume qui restent pr\u00e8s du sol et se glissent entre les arbres, errantes et mouvantes, au gr\u00e9 des convections de l\u2019air, jusqu\u2019au lever du jour et leur \u00e9vaporation.<\/p>\n<h3 class=\"colleBas\">&#8230;aux l\u00e9gendes nordiques<\/h3>\n<p class=\"colle\">Les \u201cWitte Vrouwen\u201d (ou \u201cWitte Wieven\u201d en langage populaire) apparaissent au sein des peuples germaniques au cours de l\u2019antiquit\u00e9. Ce sont des personnes r\u00e9elles, tr\u00e8s respect\u00e9es en vertu de leurs dons de clairvoyance, parmi lesquelles on choisissait les pr\u00eatresses de la tribu. L\u2019adjectif \u201cblanche\u201d (\u201cwitte\u201d) ne fait alors pas r\u00e9f\u00e9rence \u00e0 la couleur, mais \u00e0 la sagesse, le verbe \u201cwissen\u201d ou \u201cweten\u201d signifiant \u201csavoir\u201d. Apr\u00e8s leur mort, on honorait leur m\u00e9moire sur les tumulus o\u00f9 elles \u00e9taient ensevelies. On racontait alors que les formes blanches qui semblaient r\u00f4der autour de ces lieux \u00e9taient leurs fant\u00f4mes bienveillants continuant \u00e0 veiller sur leur peuple. Des si\u00e8cles durant, la dame blanche est l\u2019h\u00e9ro\u00efne ambigu\u00eb de toutes sortes de l\u00e9gendes qui diff\u00e8rent selon les r\u00e9gions.<\/p>\n<p class=\"colle\">Au Moyen \u00c2ge, avec l\u2019av\u00e8nement du christianisme, les interpr\u00e9tations des apparitions de dames blanches connaissent une m\u00e9tamorphose : elles sont le fruit d\u2019une sorcellerie et leur pouvoir machiav\u00e9lique est craint ou v\u00e9n\u00e9r\u00e9. L\u2019\u00e9glise d\u00e9nonce cette croyance pa\u00efenne durant plusieurs si\u00e8cles et pers\u00e9cute ses adeptes.<\/p>\n<p class=\"colle\">La dame blanche a survecu malgr\u00e9 tout et continue encore aujourd\u2019hui \u00e0 hanter ou enchanter nos nuits et nos r\u00eaves&#8230;<\/p>\n<h3 class=\"colleBas\">d\u00e9marche de l\u2019artiste<\/h3>\n<p class=\"colle\">Manuela Luchtmeijer \u00e9voque dans sa s\u00e9rie une nuit dans les brumes du nord. Une premi\u00e8re apparition plane dans une p\u00e9nombre violette \u00e9clair\u00e9e par la lune ; \u00e0 mesure que l\u2019obscurit\u00e9 se fait plus profonde, les formes sont plus tranch\u00e9es, les frissons plus bleus. Enfin, l\u2019aurore et le lever du jour ram\u00e8nent la couleur. Dans son \u00e9vaporation, la dame blanche livre son ultime message d\u2019espoir :<span>\u00a0<\/span><i>\u201cJe maintiendrai\u201d.*<\/i><\/p>\n<p class=\"colle\">Chaque tableau rec\u00e8le une triple r\u00e9f\u00e9rence : il \u00e9voque \u00e0 la fois une l\u00e9gende particuli\u00e8re, un moment de cette nuit n\u00e9buleuse, mais est aussi et surtout, la m\u00e9taphore d\u2019un \u00e9v\u00e9nement ou d\u2019une phase de la vie de l\u2019artiste.<\/p>\n<p>&nbsp;<\/p>\n<p class=\"colle\"><i>* \u201cJe Maintiendrai\u201d (en fran\u00e7ais) est \u00e9galement la devise\u00a0 du royaume des Pays-Bas.<\/i><\/p>\n<p>[\/et_pb_text][\/et_pb_column][et_pb_column type=\u00a0\u00bb1_3&Prime; _builder_version=\u00a0\u00bb4.9.2&Prime; _module_preset=\u00a0\u00bbdefault\u00a0\u00bb][et_pb_text _builder_version=\u00a0\u00bb4.9.2&Prime; _module_preset=\u00a0\u00bbdefault\u00a0\u00bb text_font_size=\u00a0\u00bb14px\u00a0\u00bb text_line_height=\u00a0\u00bb1em\u00a0\u00bb text_orientation=\u00a0\u00bbcenter\u00a0\u00bb hover_enabled=\u00a0\u00bb0&Prime; sticky_enabled=\u00a0\u00bb0&Prime;]<img data-recalc-dims=\"1\" loading=\"lazy\" decoding=\"async\" src=\"https:\/\/i0.wp.com\/manuelaluchtmeijer.com\/wp-content\/uploads\/2021\/04\/02-walkingdarkside.jpg?resize=293%2C416&#038;ssl=1\" width=\"293\" height=\"416\" alt=\"\" class=\"wp-image-816 aligncenter size-medium\" \/><\/p>\n<p><em>Walking on the Dark Side<\/em><br \/>\nhuile sur toile \/ 91x116cm<br \/>\nManuela Luchtmeijer 2006<\/p>\n<p>&nbsp;<\/p>\n<p><img data-recalc-dims=\"1\" loading=\"lazy\" decoding=\"async\" src=\"https:\/\/i0.wp.com\/manuelaluchtmeijer.com\/wp-content\/uploads\/2021\/04\/12-jemaintiendrai.jpg?resize=292%2C289&#038;ssl=1\" width=\"292\" height=\"289\" alt=\"\" class=\"wp-image-817 aligncenter size-medium\" \/><\/p>\n<p><em>Je Maintiendrai<\/em><br \/>\nhuile sur toile \/ 100x100cm<br \/>\nManuela Luchtmeijer 2005[\/et_pb_text][\/et_pb_column][\/et_pb_row][\/et_pb_section][et_pb_section fb_built=\u00a0\u00bb1&Prime; _builder_version=\u00a0\u00bb4.9.2&Prime; _module_preset=\u00a0\u00bbdefault\u00a0\u00bb custom_padding=\u00a0\u00bb0px|||||\u00a0\u00bb custom_margin=\u00a0\u00bb1px|||||\u00a0\u00bb][et_pb_row _builder_version=\u00a0\u00bb4.9.2&Prime; _module_preset=\u00a0\u00bbdefault\u00a0\u00bb][et_pb_column _builder_version=\u00a0\u00bb4.9.2&Prime; _module_preset=\u00a0\u00bbdefault\u00a0\u00bb type=\u00a0\u00bb4_4&Prime;][et_pb_text _builder_version=\u00a0\u00bb4.9.2&Prime; _module_preset=\u00a0\u00bbdefault\u00a0\u00bb text_line_height=\u00a0\u00bb1.5em\u00a0\u00bb hover_enabled=\u00a0\u00bb0&Prime; sticky_enabled=\u00a0\u00bb0&Prime; border_width_top=\u00a0\u00bb1px\u00a0\u00bb border_color_top=\u00a0\u00bb#bcbcbc\u00a0\u00bb custom_padding=\u00a0\u00bb30px|||||\u00a0\u00bb]<\/p>\n<h3>Aborder le parcours onirique des \u00ab\u00a0dames blanches\u00a0\u00bb<span class=\"smh\"><span>\u00a0<\/span>par T. Baudel<\/span><\/h3>\n<p style=\"text-align: justify;\"><span class=\"smh\"><span><\/span><\/span><\/p>\n<p style=\"text-align: justify;\"><span class=\"smh\"><span>Comme beaucoup d\u2019artistes, Manuela Luchtmeijer puise son inspiration dans son histoire personnelle, qui est le point de d\u00e9part et l\u2019un des fils directeurs de sa s\u00e9rie des Dames Blanches*. Mais nous n\u2019aurons pas le loisir de savoir \u00e0 quelle \u00e9tape il est fait allusion dans chaque tableau ; tout au plus y distinguera-t-on une tonalit\u00e9, sombre ou joyeuse. En lieu et place d\u2019une lecture intimiste, c\u2019est un triple parcours autour de la nuit, d\u2019un ph\u00e9nom\u00e8ne naturel et d\u2019un mythe qui nous est propos\u00e9.<\/span><\/span><\/p>\n<p style=\"text-align: justify;\">Tout d\u2019abord, l\u2019ensemble de l\u2019oeuvre \u00e9volue dans une gamme de couleurs calquant les p\u00e9rip\u00e9ties d\u2019un \u00e9pisode nocturne : violet du cr\u00e9puscule, bleus sombres de la nuit, tons flamboyants du soleil levant. Comme une nappe de brume dans la nuit, prise au jeu de l\u2019air en mouvement, chaque sc\u00e8ne pr\u00e9sente une forme blanche et diffuse, trait d\u2019union entre les tableaux de la s\u00e9rie. Cette forme \u00e9voque, sans l\u2019illustrer pour autant, ces Dames Blanches, figures de la mythologie nordique, tour \u00e0 tour bonnes f\u00e9es ou sorci\u00e9res, qui ont marqu\u00e9 le pays de l\u2019auteur, les Pays-Bas.<\/p>\n<p style=\"text-align: justify;\">Cependant, formes et mati\u00e8res &#8211; trait vif et brut augment\u00e9 de taches diffuses,\u00a0huiles g\u00e9n\u00e9reuses &#8211; priment sur la figuration pour conf\u00e9rer au tableau son caract\u00e8re polys\u00e9mique.<\/p>\n<p style=\"text-align: justify;\">Si les figures sont discernables, parfois m\u00eame avec des d\u00e9tails tr\u00e8s fins persistant sous le travail du couteau, ce n\u2019est pas pour donner directement et na\u00efvement un sens \u00e0 l\u2019image. Il s\u2019agit plut\u00f4t d\u2019exploiter le don naturel que nous avons \u00e0 anticiper, dans la reconnaissance d\u2019une forme famili\u00e8re en d\u00e9s\u00e9quilibre, le mouvement qui s\u2019ensuivra, et conf\u00e9rer ainsi une dynamique \u00e0 l\u2019image fixe.<\/p>\n<p style=\"text-align: justify;\">Celle-ci doit donc \u00eatre interpr\u00e9t\u00e9e comme une abstraction en mouvement plut\u00f4t qu\u2019une figure sugg\u00e9r\u00e9e, m\u00eame si cette derni\u00e8re ne saurait s\u2019opposer \u00e0 ce dont il est trait\u00e9 dans le tableau.<\/p>\n<p style=\"text-align: justify;\">Cette recherche d\u2019expression de la dynamique dans une image fixe est inspir\u00e9e de la calligraphie orientale. En effet, l\u2019auteur, licenci\u00e9e en langue japonaise aux Langues O\u2019, a \u00e9tudi\u00e9 et pratiqu\u00e9 la calligraphie japonaise, et l\u2019a utilis\u00e9e dans ses pr\u00e9c\u00e9dents travaux avec des m\u00e9dias diff\u00e9rents : la combinaison encre de chine-pastel-huile, de trait\u00e9 plus classique et contemporain, et la mosa\u00efque, par mati\u00e8re de d\u00e9fi.<\/p>\n<p style=\"text-align: justify;\">Un long travail de pr\u00e9paration du fond en couches \u00e9paisses superpos\u00e9es, qui peut prendre plusieurs mois, constitue le pr\u00e9liminaire n\u00e9c\u00e9ssaire \u00e0 la cr\u00e9ation de chaque tableau. Cette maturation est analogue \u00e0 la phase de m\u00e9ditation qui pr\u00e9c\u00e8de la fulgurance du trac\u00e9 dans la peinture calligraphique. Le jet\u00e9 de la figure blanche et son \u00e9parpillement sur la surface de la toile jaillissent ensuite de fa\u00e7on quasi-automatique, afin de transcrire l\u2019\u00e9vanescence des impressions fugaces et contradictoires qui ont fourni l\u2019inspiration du tableau, et que le th\u00e8me mythologique des Dames Blanches soutient \u00e0 merveille.<\/p>\n<p style=\"text-align: justify;\">En effet, un lien unit les sujets abord\u00e9s par chacun de ces tableaux, ainsi que la s\u00e9rie toute enti\u00e8re. Il s\u2019agit de d\u00e9crire les trois voies par lesquelles le r\u00eave nous survient : la nuit, les myst\u00e8res de la nature et notre histoire, collective ou personelle.<\/p>\n<p><i>(Exposition \u00ab\u00a0Dames Blanches\u00a0\u00bb du 24 juin au 7 juillet 2006, Paris)<\/i><\/p>\n<p><i><strong>\u00a0Retour vers la <a href=\"https:\/\/manuelaluchtmeijer.com\/oeuvres\/dames-blanches\">galerie &gt;<\/a><\/strong><\/i><\/p>\n<p>[\/et_pb_text][\/et_pb_column][\/et_pb_row][\/et_pb_section]<\/p>\n","protected":false},"excerpt":{"rendered":"<p>DAMES BLANCHES &#8211; texte et articleLes Dames Blanches\u00a0nourrissent les l\u00e9gendes et la mythologie de plusieurs pays d\u2019Europe, dont les Pays-Bas, o\u00f9 Manuela Luchtmeijer est n\u00e9e. du ph\u00e9nom\u00e8ne naturel&#8230; Des formes opalescentes et diffuses qui semblent flotter, dans les bois ou pr\u00e8s des \u00e9tangs, souvent au cr\u00e9puscule\u00a0: ce sont les Dames Blanches. On les explique par [&hellip;]<\/p>\n","protected":false},"author":1,"featured_media":0,"parent":0,"menu_order":0,"comment_status":"closed","ping_status":"closed","template":"","meta":{"_et_pb_use_builder":"on","_et_pb_old_content":"","_et_gb_content_width":"","ngg_post_thumbnail":0,"footnotes":""},"class_list":["post-810","page","type-page","status-publish","hentry"],"yoast_head":"<!-- This site is optimized with the Yoast SEO plugin v27.3 - https:\/\/yoast.com\/product\/yoast-seo-wordpress\/ -->\n<title>DAMES BLANCHES - texte - Manuela Luchtmeijer<\/title>\n<meta name=\"description\" content=\"Manuela Luchtmeijer est une artiste\/peintre n\u00e9erlandaise bas\u00e9e \u00e0 Paris : biographie-collections-expositions-contact.\" \/>\n<meta name=\"robots\" content=\"index, follow, max-snippet:-1, max-image-preview:large, max-video-preview:-1\" \/>\n<link rel=\"canonical\" href=\"https:\/\/manuelaluchtmeijer.com\/en\/dames-blanches-texte\/\" \/>\n<meta property=\"og:locale\" content=\"en_US\" \/>\n<meta property=\"og:type\" content=\"article\" \/>\n<meta property=\"og:title\" content=\"DAMES BLANCHES - texte - Manuela Luchtmeijer\" \/>\n<meta property=\"og:description\" content=\"Manuela Luchtmeijer est une artiste\/peintre n\u00e9erlandaise bas\u00e9e \u00e0 Paris : biographie-collections-expositions-contact.\" \/>\n<meta property=\"og:url\" content=\"https:\/\/manuelaluchtmeijer.com\/en\/dames-blanches-texte\/\" \/>\n<meta property=\"og:site_name\" content=\"Manuela Luchtmeijer\" \/>\n<meta property=\"article:modified_time\" content=\"2021-04-16T17:57:58+00:00\" \/>\n<meta property=\"og:image\" content=\"https:\/\/manuelaluchtmeijer.com\/wp-content\/uploads\/2021\/04\/02-walkingdarkside-211x300.jpg\" \/>\n<meta name=\"twitter:card\" content=\"summary_large_image\" \/>\n<meta name=\"twitter:label1\" content=\"Est. reading time\" \/>\n\t<meta name=\"twitter:data1\" content=\"7 minutes\" \/>\n<script type=\"application\/ld+json\" class=\"yoast-schema-graph\">{\"@context\":\"https:\\\/\\\/schema.org\",\"@graph\":[{\"@type\":\"WebPage\",\"@id\":\"https:\\\/\\\/manuelaluchtmeijer.com\\\/dames-blanches-texte\\\/\",\"url\":\"https:\\\/\\\/manuelaluchtmeijer.com\\\/dames-blanches-texte\\\/\",\"name\":\"DAMES BLANCHES - texte - Manuela Luchtmeijer\",\"isPartOf\":{\"@id\":\"https:\\\/\\\/manuelaluchtmeijer.com\\\/#website\"},\"primaryImageOfPage\":{\"@id\":\"https:\\\/\\\/manuelaluchtmeijer.com\\\/dames-blanches-texte\\\/#primaryimage\"},\"image\":{\"@id\":\"https:\\\/\\\/manuelaluchtmeijer.com\\\/dames-blanches-texte\\\/#primaryimage\"},\"thumbnailUrl\":\"https:\\\/\\\/manuelaluchtmeijer.com\\\/wp-content\\\/uploads\\\/2021\\\/04\\\/02-walkingdarkside-211x300.jpg\",\"datePublished\":\"2021-04-15T08:01:13+00:00\",\"dateModified\":\"2021-04-16T17:57:58+00:00\",\"description\":\"Manuela Luchtmeijer est une artiste\\\/peintre n\u00e9erlandaise bas\u00e9e \u00e0 Paris : biographie-collections-expositions-contact.\",\"breadcrumb\":{\"@id\":\"https:\\\/\\\/manuelaluchtmeijer.com\\\/dames-blanches-texte\\\/#breadcrumb\"},\"inLanguage\":\"en-US\",\"potentialAction\":[{\"@type\":\"ReadAction\",\"target\":[\"https:\\\/\\\/manuelaluchtmeijer.com\\\/dames-blanches-texte\\\/\"]}]},{\"@type\":\"ImageObject\",\"inLanguage\":\"en-US\",\"@id\":\"https:\\\/\\\/manuelaluchtmeijer.com\\\/dames-blanches-texte\\\/#primaryimage\",\"url\":\"https:\\\/\\\/manuelaluchtmeijer.com\\\/wp-content\\\/uploads\\\/2021\\\/04\\\/02-walkingdarkside-211x300.jpg\",\"contentUrl\":\"https:\\\/\\\/manuelaluchtmeijer.com\\\/wp-content\\\/uploads\\\/2021\\\/04\\\/02-walkingdarkside-211x300.jpg\"},{\"@type\":\"BreadcrumbList\",\"@id\":\"https:\\\/\\\/manuelaluchtmeijer.com\\\/dames-blanches-texte\\\/#breadcrumb\",\"itemListElement\":[{\"@type\":\"ListItem\",\"position\":1,\"name\":\"Accueil\",\"item\":\"https:\\\/\\\/manuelaluchtmeijer.com\\\/\"},{\"@type\":\"ListItem\",\"position\":2,\"name\":\"DAMES BLANCHES &#8211; texte\"}]},{\"@type\":\"WebSite\",\"@id\":\"https:\\\/\\\/manuelaluchtmeijer.com\\\/#website\",\"url\":\"https:\\\/\\\/manuelaluchtmeijer.com\\\/\",\"name\":\"Manuela Luchtmeijer\",\"description\":\"artiste - plasticienne\",\"publisher\":{\"@id\":\"https:\\\/\\\/manuelaluchtmeijer.com\\\/#\\\/schema\\\/person\\\/f8c7c781339f5778d7c26efdc7d88323\"},\"potentialAction\":[{\"@type\":\"SearchAction\",\"target\":{\"@type\":\"EntryPoint\",\"urlTemplate\":\"https:\\\/\\\/manuelaluchtmeijer.com\\\/?s={search_term_string}\"},\"query-input\":{\"@type\":\"PropertyValueSpecification\",\"valueRequired\":true,\"valueName\":\"search_term_string\"}}],\"inLanguage\":\"en-US\"},{\"@type\":[\"Person\",\"Organization\"],\"@id\":\"https:\\\/\\\/manuelaluchtmeijer.com\\\/#\\\/schema\\\/person\\\/f8c7c781339f5778d7c26efdc7d88323\",\"name\":\"Atelier Manuela Luchtmeijer\",\"image\":{\"@type\":\"ImageObject\",\"inLanguage\":\"en-US\",\"@id\":\"https:\\\/\\\/i0.wp.com\\\/manuelaluchtmeijer.com\\\/wp-content\\\/uploads\\\/2020\\\/10\\\/LOGO-Manuela-Luchtmeijer-2-e1617879483252.png?fit=743%2C116&ssl=1\",\"url\":\"https:\\\/\\\/i0.wp.com\\\/manuelaluchtmeijer.com\\\/wp-content\\\/uploads\\\/2020\\\/10\\\/LOGO-Manuela-Luchtmeijer-2-e1617879483252.png?fit=743%2C116&ssl=1\",\"contentUrl\":\"https:\\\/\\\/i0.wp.com\\\/manuelaluchtmeijer.com\\\/wp-content\\\/uploads\\\/2020\\\/10\\\/LOGO-Manuela-Luchtmeijer-2-e1617879483252.png?fit=743%2C116&ssl=1\",\"width\":743,\"height\":116,\"caption\":\"Atelier Manuela Luchtmeijer\"},\"logo\":{\"@id\":\"https:\\\/\\\/i0.wp.com\\\/manuelaluchtmeijer.com\\\/wp-content\\\/uploads\\\/2020\\\/10\\\/LOGO-Manuela-Luchtmeijer-2-e1617879483252.png?fit=743%2C116&ssl=1\"}}]}<\/script>\n<!-- \/ Yoast SEO plugin. -->","yoast_head_json":{"title":"DAMES BLANCHES - texte - Manuela Luchtmeijer","description":"Manuela Luchtmeijer est une artiste\/peintre n\u00e9erlandaise bas\u00e9e \u00e0 Paris : biographie-collections-expositions-contact.","robots":{"index":"index","follow":"follow","max-snippet":"max-snippet:-1","max-image-preview":"max-image-preview:large","max-video-preview":"max-video-preview:-1"},"canonical":"https:\/\/manuelaluchtmeijer.com\/en\/dames-blanches-texte\/","og_locale":"en_US","og_type":"article","og_title":"DAMES BLANCHES - texte - Manuela Luchtmeijer","og_description":"Manuela Luchtmeijer est une artiste\/peintre n\u00e9erlandaise bas\u00e9e \u00e0 Paris : biographie-collections-expositions-contact.","og_url":"https:\/\/manuelaluchtmeijer.com\/en\/dames-blanches-texte\/","og_site_name":"Manuela Luchtmeijer","article_modified_time":"2021-04-16T17:57:58+00:00","og_image":[{"url":"https:\/\/manuelaluchtmeijer.com\/wp-content\/uploads\/2021\/04\/02-walkingdarkside-211x300.jpg","type":"","width":"","height":""}],"twitter_card":"summary_large_image","twitter_misc":{"Est. reading time":"7 minutes"},"schema":{"@context":"https:\/\/schema.org","@graph":[{"@type":"WebPage","@id":"https:\/\/manuelaluchtmeijer.com\/dames-blanches-texte\/","url":"https:\/\/manuelaluchtmeijer.com\/dames-blanches-texte\/","name":"DAMES BLANCHES - texte - Manuela Luchtmeijer","isPartOf":{"@id":"https:\/\/manuelaluchtmeijer.com\/#website"},"primaryImageOfPage":{"@id":"https:\/\/manuelaluchtmeijer.com\/dames-blanches-texte\/#primaryimage"},"image":{"@id":"https:\/\/manuelaluchtmeijer.com\/dames-blanches-texte\/#primaryimage"},"thumbnailUrl":"https:\/\/manuelaluchtmeijer.com\/wp-content\/uploads\/2021\/04\/02-walkingdarkside-211x300.jpg","datePublished":"2021-04-15T08:01:13+00:00","dateModified":"2021-04-16T17:57:58+00:00","description":"Manuela Luchtmeijer est une artiste\/peintre n\u00e9erlandaise bas\u00e9e \u00e0 Paris : biographie-collections-expositions-contact.","breadcrumb":{"@id":"https:\/\/manuelaluchtmeijer.com\/dames-blanches-texte\/#breadcrumb"},"inLanguage":"en-US","potentialAction":[{"@type":"ReadAction","target":["https:\/\/manuelaluchtmeijer.com\/dames-blanches-texte\/"]}]},{"@type":"ImageObject","inLanguage":"en-US","@id":"https:\/\/manuelaluchtmeijer.com\/dames-blanches-texte\/#primaryimage","url":"https:\/\/manuelaluchtmeijer.com\/wp-content\/uploads\/2021\/04\/02-walkingdarkside-211x300.jpg","contentUrl":"https:\/\/manuelaluchtmeijer.com\/wp-content\/uploads\/2021\/04\/02-walkingdarkside-211x300.jpg"},{"@type":"BreadcrumbList","@id":"https:\/\/manuelaluchtmeijer.com\/dames-blanches-texte\/#breadcrumb","itemListElement":[{"@type":"ListItem","position":1,"name":"Accueil","item":"https:\/\/manuelaluchtmeijer.com\/"},{"@type":"ListItem","position":2,"name":"DAMES BLANCHES &#8211; texte"}]},{"@type":"WebSite","@id":"https:\/\/manuelaluchtmeijer.com\/#website","url":"https:\/\/manuelaluchtmeijer.com\/","name":"Manuela Luchtmeijer","description":"artiste - plasticienne","publisher":{"@id":"https:\/\/manuelaluchtmeijer.com\/#\/schema\/person\/f8c7c781339f5778d7c26efdc7d88323"},"potentialAction":[{"@type":"SearchAction","target":{"@type":"EntryPoint","urlTemplate":"https:\/\/manuelaluchtmeijer.com\/?s={search_term_string}"},"query-input":{"@type":"PropertyValueSpecification","valueRequired":true,"valueName":"search_term_string"}}],"inLanguage":"en-US"},{"@type":["Person","Organization"],"@id":"https:\/\/manuelaluchtmeijer.com\/#\/schema\/person\/f8c7c781339f5778d7c26efdc7d88323","name":"Atelier Manuela Luchtmeijer","image":{"@type":"ImageObject","inLanguage":"en-US","@id":"https:\/\/i0.wp.com\/manuelaluchtmeijer.com\/wp-content\/uploads\/2020\/10\/LOGO-Manuela-Luchtmeijer-2-e1617879483252.png?fit=743%2C116&ssl=1","url":"https:\/\/i0.wp.com\/manuelaluchtmeijer.com\/wp-content\/uploads\/2020\/10\/LOGO-Manuela-Luchtmeijer-2-e1617879483252.png?fit=743%2C116&ssl=1","contentUrl":"https:\/\/i0.wp.com\/manuelaluchtmeijer.com\/wp-content\/uploads\/2020\/10\/LOGO-Manuela-Luchtmeijer-2-e1617879483252.png?fit=743%2C116&ssl=1","width":743,"height":116,"caption":"Atelier Manuela Luchtmeijer"},"logo":{"@id":"https:\/\/i0.wp.com\/manuelaluchtmeijer.com\/wp-content\/uploads\/2020\/10\/LOGO-Manuela-Luchtmeijer-2-e1617879483252.png?fit=743%2C116&ssl=1"}}]}},"jetpack_sharing_enabled":true,"_links":{"self":[{"href":"https:\/\/manuelaluchtmeijer.com\/en\/wp-json\/wp\/v2\/pages\/810","targetHints":{"allow":["GET"]}}],"collection":[{"href":"https:\/\/manuelaluchtmeijer.com\/en\/wp-json\/wp\/v2\/pages"}],"about":[{"href":"https:\/\/manuelaluchtmeijer.com\/en\/wp-json\/wp\/v2\/types\/page"}],"author":[{"embeddable":true,"href":"https:\/\/manuelaluchtmeijer.com\/en\/wp-json\/wp\/v2\/users\/1"}],"replies":[{"embeddable":true,"href":"https:\/\/manuelaluchtmeijer.com\/en\/wp-json\/wp\/v2\/comments?post=810"}],"version-history":[{"count":13,"href":"https:\/\/manuelaluchtmeijer.com\/en\/wp-json\/wp\/v2\/pages\/810\/revisions"}],"predecessor-version":[{"id":988,"href":"https:\/\/manuelaluchtmeijer.com\/en\/wp-json\/wp\/v2\/pages\/810\/revisions\/988"}],"wp:attachment":[{"href":"https:\/\/manuelaluchtmeijer.com\/en\/wp-json\/wp\/v2\/media?parent=810"}],"curies":[{"name":"wp","href":"https:\/\/api.w.org\/{rel}","templated":true}]}}