{"id":76,"date":"2021-04-08T12:31:20","date_gmt":"2021-04-08T10:31:20","guid":{"rendered":"https:\/\/manuelaluchtmeijer.com\/?page_id=76"},"modified":"2023-11-08T18:10:50","modified_gmt":"2023-11-08T17:10:50","slug":"oeuvres","status":"publish","type":"page","link":"https:\/\/manuelaluchtmeijer.com\/en\/oeuvres\/","title":{"rendered":"ARTWORK"},"content":{"rendered":"<p>[et_pb_section fb_built=\u00a0\u00bb1&Prime; admin_label=\u00a0\u00bbsection\u00a0\u00bb _builder_version=\u00a0\u00bb4.16&Prime; global_colors_info=\u00a0\u00bb{}\u00a0\u00bb][et_pb_row column_structure=\u00a0\u00bb1_2,1_2&Prime; admin_label=\u00a0\u00bbrow\u00a0\u00bb _builder_version=\u00a0\u00bb4.16&Prime; background_size=\u00a0\u00bbinitial\u00a0\u00bb background_position=\u00a0\u00bbtop_left\u00a0\u00bb background_repeat=\u00a0\u00bbrepeat\u00a0\u00bb global_colors_info=\u00a0\u00bb{}\u00a0\u00bb][et_pb_column type=\u00a0\u00bb1_2&Prime; _builder_version=\u00a0\u00bb4.16&Prime; _module_preset=\u00a0\u00bbdefault\u00a0\u00bb global_colors_info=\u00a0\u00bb{}\u00a0\u00bb][et_pb_text _builder_version=\u00a0\u00bb4.16&Prime; _module_preset=\u00a0\u00bbdefault\u00a0\u00bb text_font=\u00a0\u00bbAbel||||||||\u00a0\u00bb text_font_size=\u00a0\u00bb35px\u00a0\u00bb text_line_height=\u00a0\u00bb1em\u00a0\u00bb global_colors_info=\u00a0\u00bb{}\u00a0\u00bb]<\/p>\n<p>COLLECTIONS<\/p>\n<p>[\/et_pb_text][\/et_pb_column][et_pb_column type=\u00a0\u00bb1_2&Prime; _builder_version=\u00a0\u00bb4.16&Prime; custom_padding=\u00a0\u00bb|||\u00a0\u00bb global_colors_info=\u00a0\u00bb{}\u00a0\u00bb custom_padding__hover=\u00a0\u00bb|||\u00a0\u00bb][et_pb_text _builder_version=\u00a0\u00bb4.16&Prime; background_size=\u00a0\u00bbinitial\u00a0\u00bb background_position=\u00a0\u00bbtop_left\u00a0\u00bb background_repeat=\u00a0\u00bbrepeat\u00a0\u00bb global_colors_info=\u00a0\u00bb{}\u00a0\u00bb][\/et_pb_text][\/et_pb_column][\/et_pb_row][\/et_pb_section][et_pb_section fb_built=\u00a0\u00bb1&Prime; _builder_version=\u00a0\u00bb4.16&Prime; _module_preset=\u00a0\u00bbdefault\u00a0\u00bb custom_margin=\u00a0\u00bb-50px|||||\u00a0\u00bb custom_padding=\u00a0\u00bb0px|||||\u00a0\u00bb global_colors_info=\u00a0\u00bb{}\u00a0\u00bb][et_pb_row _builder_version=\u00a0\u00bb4.16&Prime; _module_preset=\u00a0\u00bbdefault\u00a0\u00bb global_colors_info=\u00a0\u00bb{}\u00a0\u00bb][et_pb_column type=\u00a0\u00bb4_4&Prime; _builder_version=\u00a0\u00bb4.16&Prime; _module_preset=\u00a0\u00bbdefault\u00a0\u00bb global_colors_info=\u00a0\u00bb{}\u00a0\u00bb][et_pb_text _builder_version=\u00a0\u00bb4.16&Prime; _module_preset=\u00a0\u00bbdefault\u00a0\u00bb global_colors_info=\u00a0\u00bb{}\u00a0\u00bb]<\/p>\n<p><i>\u00a0\u00ab\u00a0Peindre, peindre, toujours peindre, encore peindre. Le mieux possible. <\/i><i>Le vide et le plein. Le l\u00e9ger et le dense. Le vivant et le souffle.\u00a0\u00bb <\/i><i>-Zao Wou Ki-<\/i><\/p>\n<p style=\"text-align: justify;\"><i><\/i><\/p>\n<p class=\"citation\" style=\"text-align: justify;\">J\u2019aime travailler par s\u00e9ries de toiles, chaque s\u00e9rie d\u00e9veloppant une narration graphique ayant plusieurs niveaux de lecture. Sur une dur\u00e9e plus au moins longue\u00a0 (pouvant aller jusqu&rsquo;\u00e0 plusieurs ann\u00e9es pour certaines s\u00e9ries), je me laisse immerger dans un univers que je cr\u00e9\u00e9e pour y trouver l\u2019essence dans les formes et les couleurs afin de raconter une histoire. J\u2019ose croire que je suis une artiste engag\u00e9e, que j\u2019ai un message \u00e0 livrer dans l\u2019espoir que chacun sache y trouver quelque chose, selon son propre v\u00e9cu et ses propres r\u00eaves.<\/p>\n<p class=\"citation\" style=\"text-align: justify;\">Je vous propose de d\u00e9couvrir ici une s\u00e9lection de quelques univers. Si une \u0153uvre vous int\u00e9resse en particulier, n&rsquo;h\u00e9sitez pas \u00e0 me <a href=\"https:\/\/manuelaluchtmeijer.com\/contact\/\">contacter<\/a> pour poser vos questions ou pour savoir si elle est toujours disponible.<\/p>\n<p>[\/et_pb_text][\/et_pb_column][\/et_pb_row][\/et_pb_section][et_pb_section fb_built=\u00a0\u00bb1&Prime; _builder_version=\u00a0\u00bb4.16&Prime; _module_preset=\u00a0\u00bbdefault\u00a0\u00bb custom_margin=\u00a0\u00bb-50px|||||\u00a0\u00bb custom_padding=\u00a0\u00bb0px||34px|||\u00a0\u00bb global_colors_info=\u00a0\u00bb{}\u00a0\u00bb][et_pb_row column_structure=\u00a0\u00bb1_3,1_3,1_3&Prime; _builder_version=\u00a0\u00bb4.16&Prime; _module_preset=\u00a0\u00bbdefault\u00a0\u00bb global_colors_info=\u00a0\u00bb{}\u00a0\u00bb][et_pb_column type=\u00a0\u00bb1_3&Prime; _builder_version=\u00a0\u00bb4.16&Prime; _module_preset=\u00a0\u00bbdefault\u00a0\u00bb global_colors_info=\u00a0\u00bb{}\u00a0\u00bb][et_pb_text _builder_version=\u00a0\u00bb4.19.4&Prime; _module_preset=\u00a0\u00bbdefault\u00a0\u00bb global_colors_info=\u00a0\u00bb{}\u00a0\u00bb]<\/p>\n<p><a href=\"https:\/\/manuelaluchtmeijer.com\/oeuvres\/sky\/\"><img data-recalc-dims=\"1\" loading=\"lazy\" decoding=\"async\" src=\"https:\/\/i0.wp.com\/manuelaluchtmeijer.com\/wp-content\/uploads\/2023\/01\/Manuela-Luchtmeijer-SKY-work-in-progress.png?resize=300%2C300&#038;ssl=1\" width=\"300\" height=\"300\" alt=\"\" class=\"wp-image-1799 aligncenter size-medium\" \/><\/a><\/p>\n<p>[\/et_pb_text][\/et_pb_column][et_pb_column type=\u00a0\u00bb1_3&Prime; _builder_version=\u00a0\u00bb4.16&Prime; _module_preset=\u00a0\u00bbdefault\u00a0\u00bb global_colors_info=\u00a0\u00bb{}\u00a0\u00bb][et_pb_text _builder_version=\u00a0\u00bb4.16&Prime; _module_preset=\u00a0\u00bbdefault\u00a0\u00bb global_colors_info=\u00a0\u00bb{}\u00a0\u00bb]<\/p>\n<p><a href=\"https:\/\/manuelaluchtmeijer.com\/monotypes\/\"><img data-recalc-dims=\"1\" loading=\"lazy\" decoding=\"async\" src=\"https:\/\/i0.wp.com\/manuelaluchtmeijer.com\/wp-content\/uploads\/2021\/04\/Manuela-Luchtmeijer-Monotypes.jpg?resize=300%2C300&#038;ssl=1\" width=\"300\" height=\"300\" alt=\"\" class=\"wp-image-950 aligncenter size-medium\" \/><\/a><\/p>\n<p>[\/et_pb_text][\/et_pb_column][et_pb_column type=\u00a0\u00bb1_3&Prime; _builder_version=\u00a0\u00bb4.16&Prime; _module_preset=\u00a0\u00bbdefault\u00a0\u00bb global_colors_info=\u00a0\u00bb{}\u00a0\u00bb][et_pb_text _builder_version=\u00a0\u00bb4.16&Prime; _module_preset=\u00a0\u00bbdefault\u00a0\u00bb global_colors_info=\u00a0\u00bb{}\u00a0\u00bb]<\/p>\n<p><a href=\"https:\/\/manuelaluchtmeijer.com\/oeuvres\/hold-on\/\"><img data-recalc-dims=\"1\" loading=\"lazy\" decoding=\"async\" src=\"https:\/\/i0.wp.com\/manuelaluchtmeijer.com\/wp-content\/uploads\/2021\/04\/HOLDON_white.jpg?resize=300%2C300&#038;ssl=1\" width=\"300\" height=\"300\" alt=\"\" class=\"wp-image-953 aligncenter size-medium\" \/><\/a><\/p>\n<p>[\/et_pb_text][\/et_pb_column][\/et_pb_row][\/et_pb_section][et_pb_section fb_built=\u00a0\u00bb1&Prime; _builder_version=\u00a0\u00bb4.16&Prime; _module_preset=\u00a0\u00bbdefault\u00a0\u00bb min_height=\u00a0\u00bb523px\u00a0\u00bb custom_margin=\u00a0\u00bb-28px|||||\u00a0\u00bb custom_padding=\u00a0\u00bb0px||0px|||\u00a0\u00bb global_colors_info=\u00a0\u00bb{}\u00a0\u00bb][et_pb_row column_structure=\u00a0\u00bb1_3,1_3,1_3&Prime; _builder_version=\u00a0\u00bb4.16&Prime; _module_preset=\u00a0\u00bbdefault\u00a0\u00bb custom_margin=\u00a0\u00bb-22px|auto||auto||\u00a0\u00bb custom_padding=\u00a0\u00bb0px|||||\u00a0\u00bb global_colors_info=\u00a0\u00bb{}\u00a0\u00bb][et_pb_column type=\u00a0\u00bb1_3&Prime; _builder_version=\u00a0\u00bb4.16&Prime; _module_preset=\u00a0\u00bbdefault\u00a0\u00bb global_colors_info=\u00a0\u00bb{}\u00a0\u00bb][et_pb_text _builder_version=\u00a0\u00bb4.16&Prime; _module_preset=\u00a0\u00bbdefault\u00a0\u00bb global_colors_info=\u00a0\u00bb{}\u00a0\u00bb]<\/p>\n<p><a href=\"https:\/\/manuelaluchtmeijer.com\/oeuvres\/fragile\/\"><img data-recalc-dims=\"1\" loading=\"lazy\" decoding=\"async\" src=\"https:\/\/i0.wp.com\/manuelaluchtmeijer.com\/wp-content\/uploads\/2021\/04\/Manuela-Luchtmeijer-FRAGILE.jpg?resize=300%2C300&#038;ssl=1\" width=\"300\" height=\"300\" alt=\"\" class=\"wp-image-957 aligncenter size-medium\" \/><\/a><\/p>\n<p>[\/et_pb_text][\/et_pb_column][et_pb_column type=\u00a0\u00bb1_3&Prime; _builder_version=\u00a0\u00bb4.16&Prime; _module_preset=\u00a0\u00bbdefault\u00a0\u00bb global_colors_info=\u00a0\u00bb{}\u00a0\u00bb][et_pb_text _builder_version=\u00a0\u00bb4.16&Prime; _module_preset=\u00a0\u00bbdefault\u00a0\u00bb global_colors_info=\u00a0\u00bb{}\u00a0\u00bb]<\/p>\n<p><a href=\"https:\/\/manuelaluchtmeijer.com\/oeuvres\/the-colors-of-black\/\"><img data-recalc-dims=\"1\" loading=\"lazy\" decoding=\"async\" src=\"https:\/\/i0.wp.com\/manuelaluchtmeijer.com\/wp-content\/uploads\/2021\/04\/TH-COB.jpg?resize=300%2C300&#038;ssl=1\" width=\"300\" height=\"300\" alt=\"\" class=\"wp-image-958 aligncenter size-medium\" \/><\/a><\/p>\n<p>[\/et_pb_text][\/et_pb_column][et_pb_column type=\u00a0\u00bb1_3&Prime; _builder_version=\u00a0\u00bb4.16&Prime; _module_preset=\u00a0\u00bbdefault\u00a0\u00bb global_colors_info=\u00a0\u00bb{}\u00a0\u00bb][et_pb_text _builder_version=\u00a0\u00bb4.16&Prime; _module_preset=\u00a0\u00bbdefault\u00a0\u00bb global_colors_info=\u00a0\u00bb{}\u00a0\u00bb]<\/p>\n<p><a href=\"https:\/\/manuelaluchtmeijer.com\/oeuvres\/dames-blanches\/\"><img data-recalc-dims=\"1\" loading=\"lazy\" decoding=\"async\" src=\"https:\/\/i0.wp.com\/manuelaluchtmeijer.com\/wp-content\/uploads\/2021\/04\/Manuela-Luchtmeijer-DAMES-BLANCHES.jpg?resize=300%2C300&#038;ssl=1\" width=\"300\" height=\"300\" alt=\"\" class=\"wp-image-959 aligncenter size-medium\" \/><\/a><\/p>\n<p>[\/et_pb_text][\/et_pb_column][\/et_pb_row][\/et_pb_section]<\/p>\n","protected":false},"excerpt":{"rendered":"<p>COLLECTIONS\u00a0\u00ab\u00a0Peindre, peindre, toujours peindre, encore peindre. Le mieux possible. Le vide et le plein. Le l\u00e9ger et le dense. Le vivant et le souffle.\u00a0\u00bb -Zao Wou Ki- J\u2019aime travailler par s\u00e9ries de toiles, chaque s\u00e9rie d\u00e9veloppant une narration graphique ayant plusieurs niveaux de lecture. Sur une dur\u00e9e plus au moins longue\u00a0 (pouvant aller jusqu&rsquo;\u00e0 plusieurs [&hellip;]<\/p>\n","protected":false},"author":1,"featured_media":0,"parent":0,"menu_order":4,"comment_status":"closed","ping_status":"closed","template":"","meta":{"_et_pb_use_builder":"on","_et_pb_old_content":"<!-- wp:imagely\/nextgen-gallery \/-->\n\n<!-- wp:divi\/layout -->\n<div class=\"wp-block-divi-layout\">[et_pb_section fb_built=\"1\" _builder_version=\"4.9.2\" _module_preset=\"default\"][et_pb_row _builder_version=\"4.9.2\" _module_preset=\"default\"][et_pb_column _builder_version=\"4.9.2\" _module_preset=\"default\" type=\"4_4\"][et_pb_text _builder_version=\"4.9.2\" _module_preset=\"default\" hover_enabled=\"0\" sticky_enabled=\"0\"]<h4><i>\"Peindre, peindre, toujours peindre, encore peindre. Le mieux possible. Le vide et le plein. Le l\u00e9ger et le dense. Le vivant et le souffle.\"<br><span class=\"smh\">-Zao Wou Ki-<\/span><\/i><\/h4>\n<p><i><span class=\"smh\"><\/span><\/i><\/p>\n<p><i><span class=\"smh\"><\/span><\/i><\/p>\n<p class=\"citation\">J\u2019aime travailler par s\u00e9ries de toiles, chaque s\u00e9rie d\u00e9veloppant une narration graphique ayant plusieurs niveaux de lecture. Sur une dur\u00e9e de parfois plusieurs ann\u00e9es, je me laisse immerger dans un univers que je cr\u00e9\u00e9e pour y trouver l\u2019essence dans les formes et les couleurs afin de raconter une histoire. J\u2019ose croire que je suis une artiste engag\u00e9e, que j\u2019ai un message \u00e0 livrer dans l\u2019espoir que chacun sache y trouver quelque chose, selon son propre v\u00e9cu et ses propres r\u00eaves.<\/p>[\/et_pb_text][\/et_pb_column][\/et_pb_row][\/et_pb_section]<\/div>\n<!-- \/wp:divi\/layout -->","_et_gb_content_width":"1080","ngg_post_thumbnail":0,"footnotes":""},"class_list":["post-76","page","type-page","status-publish","hentry"],"yoast_head":"<!-- This site is optimized with the Yoast SEO plugin v27.3 - https:\/\/yoast.com\/product\/yoast-seo-wordpress\/ -->\n<title>COLLECTIONS - Manuela Luchtmeijer<\/title>\n<meta name=\"description\" content=\"Manuela Luchtmeijer est une artiste\/peintre n\u00e9erlandaise bas\u00e9e \u00e0 Paris : biographie-collections-expositions-contact.\" \/>\n<meta name=\"robots\" content=\"index, follow, max-snippet:-1, max-image-preview:large, max-video-preview:-1\" \/>\n<link rel=\"canonical\" href=\"https:\/\/manuelaluchtmeijer.com\/en\/oeuvres\/\" \/>\n<meta property=\"og:locale\" content=\"en_US\" \/>\n<meta property=\"og:type\" content=\"article\" \/>\n<meta property=\"og:title\" content=\"COLLECTIONS - Manuela Luchtmeijer\" \/>\n<meta property=\"og:description\" content=\"Manuela Luchtmeijer est une artiste\/peintre n\u00e9erlandaise bas\u00e9e \u00e0 Paris : biographie-collections-expositions-contact.\" \/>\n<meta property=\"og:url\" content=\"https:\/\/manuelaluchtmeijer.com\/en\/oeuvres\/\" \/>\n<meta property=\"og:site_name\" content=\"Manuela Luchtmeijer\" \/>\n<meta property=\"article:modified_time\" content=\"2023-11-08T17:10:50+00:00\" \/>\n<meta property=\"og:image\" content=\"https:\/\/manuelaluchtmeijer.com\/wp-content\/uploads\/2023\/01\/Manuela-Luchtmeijer-SKY-work-in-progress-300x300.png\" \/>\n<meta name=\"twitter:card\" content=\"summary_large_image\" \/>\n<meta name=\"twitter:label1\" content=\"Est. reading time\" \/>\n\t<meta name=\"twitter:data1\" content=\"3 minutes\" \/>\n<script type=\"application\/ld+json\" class=\"yoast-schema-graph\">{\"@context\":\"https:\\\/\\\/schema.org\",\"@graph\":[{\"@type\":\"WebPage\",\"@id\":\"https:\\\/\\\/manuelaluchtmeijer.com\\\/oeuvres\\\/\",\"url\":\"https:\\\/\\\/manuelaluchtmeijer.com\\\/oeuvres\\\/\",\"name\":\"COLLECTIONS - Manuela Luchtmeijer\",\"isPartOf\":{\"@id\":\"https:\\\/\\\/manuelaluchtmeijer.com\\\/#website\"},\"primaryImageOfPage\":{\"@id\":\"https:\\\/\\\/manuelaluchtmeijer.com\\\/oeuvres\\\/#primaryimage\"},\"image\":{\"@id\":\"https:\\\/\\\/manuelaluchtmeijer.com\\\/oeuvres\\\/#primaryimage\"},\"thumbnailUrl\":\"https:\\\/\\\/manuelaluchtmeijer.com\\\/wp-content\\\/uploads\\\/2023\\\/01\\\/Manuela-Luchtmeijer-SKY-work-in-progress-300x300.png\",\"datePublished\":\"2021-04-08T10:31:20+00:00\",\"dateModified\":\"2023-11-08T17:10:50+00:00\",\"description\":\"Manuela Luchtmeijer est une artiste\\\/peintre n\u00e9erlandaise bas\u00e9e \u00e0 Paris : biographie-collections-expositions-contact.\",\"breadcrumb\":{\"@id\":\"https:\\\/\\\/manuelaluchtmeijer.com\\\/oeuvres\\\/#breadcrumb\"},\"inLanguage\":\"en-US\",\"potentialAction\":[{\"@type\":\"ReadAction\",\"target\":[\"https:\\\/\\\/manuelaluchtmeijer.com\\\/oeuvres\\\/\"]}]},{\"@type\":\"ImageObject\",\"inLanguage\":\"en-US\",\"@id\":\"https:\\\/\\\/manuelaluchtmeijer.com\\\/oeuvres\\\/#primaryimage\",\"url\":\"https:\\\/\\\/manuelaluchtmeijer.com\\\/wp-content\\\/uploads\\\/2023\\\/01\\\/Manuela-Luchtmeijer-SKY-work-in-progress-300x300.png\",\"contentUrl\":\"https:\\\/\\\/manuelaluchtmeijer.com\\\/wp-content\\\/uploads\\\/2023\\\/01\\\/Manuela-Luchtmeijer-SKY-work-in-progress-300x300.png\"},{\"@type\":\"BreadcrumbList\",\"@id\":\"https:\\\/\\\/manuelaluchtmeijer.com\\\/oeuvres\\\/#breadcrumb\",\"itemListElement\":[{\"@type\":\"ListItem\",\"position\":1,\"name\":\"Accueil\",\"item\":\"https:\\\/\\\/manuelaluchtmeijer.com\\\/\"},{\"@type\":\"ListItem\",\"position\":2,\"name\":\"COLLECTIONS\"}]},{\"@type\":\"WebSite\",\"@id\":\"https:\\\/\\\/manuelaluchtmeijer.com\\\/#website\",\"url\":\"https:\\\/\\\/manuelaluchtmeijer.com\\\/\",\"name\":\"Manuela Luchtmeijer\",\"description\":\"artiste - plasticienne\",\"publisher\":{\"@id\":\"https:\\\/\\\/manuelaluchtmeijer.com\\\/#\\\/schema\\\/person\\\/f8c7c781339f5778d7c26efdc7d88323\"},\"potentialAction\":[{\"@type\":\"SearchAction\",\"target\":{\"@type\":\"EntryPoint\",\"urlTemplate\":\"https:\\\/\\\/manuelaluchtmeijer.com\\\/?s={search_term_string}\"},\"query-input\":{\"@type\":\"PropertyValueSpecification\",\"valueRequired\":true,\"valueName\":\"search_term_string\"}}],\"inLanguage\":\"en-US\"},{\"@type\":[\"Person\",\"Organization\"],\"@id\":\"https:\\\/\\\/manuelaluchtmeijer.com\\\/#\\\/schema\\\/person\\\/f8c7c781339f5778d7c26efdc7d88323\",\"name\":\"Atelier Manuela Luchtmeijer\",\"image\":{\"@type\":\"ImageObject\",\"inLanguage\":\"en-US\",\"@id\":\"https:\\\/\\\/i0.wp.com\\\/manuelaluchtmeijer.com\\\/wp-content\\\/uploads\\\/2020\\\/10\\\/LOGO-Manuela-Luchtmeijer-2-e1617879483252.png?fit=743%2C116&ssl=1\",\"url\":\"https:\\\/\\\/i0.wp.com\\\/manuelaluchtmeijer.com\\\/wp-content\\\/uploads\\\/2020\\\/10\\\/LOGO-Manuela-Luchtmeijer-2-e1617879483252.png?fit=743%2C116&ssl=1\",\"contentUrl\":\"https:\\\/\\\/i0.wp.com\\\/manuelaluchtmeijer.com\\\/wp-content\\\/uploads\\\/2020\\\/10\\\/LOGO-Manuela-Luchtmeijer-2-e1617879483252.png?fit=743%2C116&ssl=1\",\"width\":743,\"height\":116,\"caption\":\"Atelier Manuela Luchtmeijer\"},\"logo\":{\"@id\":\"https:\\\/\\\/i0.wp.com\\\/manuelaluchtmeijer.com\\\/wp-content\\\/uploads\\\/2020\\\/10\\\/LOGO-Manuela-Luchtmeijer-2-e1617879483252.png?fit=743%2C116&ssl=1\"}}]}<\/script>\n<!-- \/ Yoast SEO plugin. -->","yoast_head_json":{"title":"COLLECTIONS - Manuela Luchtmeijer","description":"Manuela Luchtmeijer est une artiste\/peintre n\u00e9erlandaise bas\u00e9e \u00e0 Paris : biographie-collections-expositions-contact.","robots":{"index":"index","follow":"follow","max-snippet":"max-snippet:-1","max-image-preview":"max-image-preview:large","max-video-preview":"max-video-preview:-1"},"canonical":"https:\/\/manuelaluchtmeijer.com\/en\/oeuvres\/","og_locale":"en_US","og_type":"article","og_title":"COLLECTIONS - Manuela Luchtmeijer","og_description":"Manuela Luchtmeijer est une artiste\/peintre n\u00e9erlandaise bas\u00e9e \u00e0 Paris : biographie-collections-expositions-contact.","og_url":"https:\/\/manuelaluchtmeijer.com\/en\/oeuvres\/","og_site_name":"Manuela Luchtmeijer","article_modified_time":"2023-11-08T17:10:50+00:00","og_image":[{"url":"https:\/\/manuelaluchtmeijer.com\/wp-content\/uploads\/2023\/01\/Manuela-Luchtmeijer-SKY-work-in-progress-300x300.png","type":"","width":"","height":""}],"twitter_card":"summary_large_image","twitter_misc":{"Est. reading time":"3 minutes"},"schema":{"@context":"https:\/\/schema.org","@graph":[{"@type":"WebPage","@id":"https:\/\/manuelaluchtmeijer.com\/oeuvres\/","url":"https:\/\/manuelaluchtmeijer.com\/oeuvres\/","name":"COLLECTIONS - Manuela Luchtmeijer","isPartOf":{"@id":"https:\/\/manuelaluchtmeijer.com\/#website"},"primaryImageOfPage":{"@id":"https:\/\/manuelaluchtmeijer.com\/oeuvres\/#primaryimage"},"image":{"@id":"https:\/\/manuelaluchtmeijer.com\/oeuvres\/#primaryimage"},"thumbnailUrl":"https:\/\/manuelaluchtmeijer.com\/wp-content\/uploads\/2023\/01\/Manuela-Luchtmeijer-SKY-work-in-progress-300x300.png","datePublished":"2021-04-08T10:31:20+00:00","dateModified":"2023-11-08T17:10:50+00:00","description":"Manuela Luchtmeijer est une artiste\/peintre n\u00e9erlandaise bas\u00e9e \u00e0 Paris : biographie-collections-expositions-contact.","breadcrumb":{"@id":"https:\/\/manuelaluchtmeijer.com\/oeuvres\/#breadcrumb"},"inLanguage":"en-US","potentialAction":[{"@type":"ReadAction","target":["https:\/\/manuelaluchtmeijer.com\/oeuvres\/"]}]},{"@type":"ImageObject","inLanguage":"en-US","@id":"https:\/\/manuelaluchtmeijer.com\/oeuvres\/#primaryimage","url":"https:\/\/manuelaluchtmeijer.com\/wp-content\/uploads\/2023\/01\/Manuela-Luchtmeijer-SKY-work-in-progress-300x300.png","contentUrl":"https:\/\/manuelaluchtmeijer.com\/wp-content\/uploads\/2023\/01\/Manuela-Luchtmeijer-SKY-work-in-progress-300x300.png"},{"@type":"BreadcrumbList","@id":"https:\/\/manuelaluchtmeijer.com\/oeuvres\/#breadcrumb","itemListElement":[{"@type":"ListItem","position":1,"name":"Accueil","item":"https:\/\/manuelaluchtmeijer.com\/"},{"@type":"ListItem","position":2,"name":"COLLECTIONS"}]},{"@type":"WebSite","@id":"https:\/\/manuelaluchtmeijer.com\/#website","url":"https:\/\/manuelaluchtmeijer.com\/","name":"Manuela Luchtmeijer","description":"artiste - plasticienne","publisher":{"@id":"https:\/\/manuelaluchtmeijer.com\/#\/schema\/person\/f8c7c781339f5778d7c26efdc7d88323"},"potentialAction":[{"@type":"SearchAction","target":{"@type":"EntryPoint","urlTemplate":"https:\/\/manuelaluchtmeijer.com\/?s={search_term_string}"},"query-input":{"@type":"PropertyValueSpecification","valueRequired":true,"valueName":"search_term_string"}}],"inLanguage":"en-US"},{"@type":["Person","Organization"],"@id":"https:\/\/manuelaluchtmeijer.com\/#\/schema\/person\/f8c7c781339f5778d7c26efdc7d88323","name":"Atelier Manuela Luchtmeijer","image":{"@type":"ImageObject","inLanguage":"en-US","@id":"https:\/\/i0.wp.com\/manuelaluchtmeijer.com\/wp-content\/uploads\/2020\/10\/LOGO-Manuela-Luchtmeijer-2-e1617879483252.png?fit=743%2C116&ssl=1","url":"https:\/\/i0.wp.com\/manuelaluchtmeijer.com\/wp-content\/uploads\/2020\/10\/LOGO-Manuela-Luchtmeijer-2-e1617879483252.png?fit=743%2C116&ssl=1","contentUrl":"https:\/\/i0.wp.com\/manuelaluchtmeijer.com\/wp-content\/uploads\/2020\/10\/LOGO-Manuela-Luchtmeijer-2-e1617879483252.png?fit=743%2C116&ssl=1","width":743,"height":116,"caption":"Atelier Manuela Luchtmeijer"},"logo":{"@id":"https:\/\/i0.wp.com\/manuelaluchtmeijer.com\/wp-content\/uploads\/2020\/10\/LOGO-Manuela-Luchtmeijer-2-e1617879483252.png?fit=743%2C116&ssl=1"}}]}},"jetpack_sharing_enabled":true,"_links":{"self":[{"href":"https:\/\/manuelaluchtmeijer.com\/en\/wp-json\/wp\/v2\/pages\/76","targetHints":{"allow":["GET"]}}],"collection":[{"href":"https:\/\/manuelaluchtmeijer.com\/en\/wp-json\/wp\/v2\/pages"}],"about":[{"href":"https:\/\/manuelaluchtmeijer.com\/en\/wp-json\/wp\/v2\/types\/page"}],"author":[{"embeddable":true,"href":"https:\/\/manuelaluchtmeijer.com\/en\/wp-json\/wp\/v2\/users\/1"}],"replies":[{"embeddable":true,"href":"https:\/\/manuelaluchtmeijer.com\/en\/wp-json\/wp\/v2\/comments?post=76"}],"version-history":[{"count":32,"href":"https:\/\/manuelaluchtmeijer.com\/en\/wp-json\/wp\/v2\/pages\/76\/revisions"}],"predecessor-version":[{"id":2025,"href":"https:\/\/manuelaluchtmeijer.com\/en\/wp-json\/wp\/v2\/pages\/76\/revisions\/2025"}],"wp:attachment":[{"href":"https:\/\/manuelaluchtmeijer.com\/en\/wp-json\/wp\/v2\/media?parent=76"}],"curies":[{"name":"wp","href":"https:\/\/api.w.org\/{rel}","templated":true}]}}