{"id":658,"date":"2021-04-13T16:29:21","date_gmt":"2021-04-13T14:29:21","guid":{"rendered":"https:\/\/manuelaluchtmeijer.com\/?page_id=658"},"modified":"2026-03-17T12:24:28","modified_gmt":"2026-03-17T11:24:28","slug":"fragile-expositions","status":"publish","type":"page","link":"https:\/\/manuelaluchtmeijer.com\/en\/oeuvres\/fragile\/fragile-expositions\/","title":{"rendered":"FRAGILE EXPOSITIONS"},"content":{"rendered":"[et_pb_section fb_built=\u00a0\u00bb1&Prime; _builder_version=\u00a0\u00bb4.16&Prime; _module_preset=\u00a0\u00bbdefault\u00a0\u00bb custom_padding=\u00a0\u00bb27px||0px|||\u00a0\u00bb global_colors_info=\u00a0\u00bb{}\u00a0\u00bb][et_pb_row _builder_version=\u00a0\u00bb4.16&Prime; _module_preset=\u00a0\u00bbdefault\u00a0\u00bb global_colors_info=\u00a0\u00bb{}\u00a0\u00bb][et_pb_column type=\u00a0\u00bb4_4&Prime; _builder_version=\u00a0\u00bb4.16&Prime; _module_preset=\u00a0\u00bbdefault\u00a0\u00bb global_colors_info=\u00a0\u00bb{}\u00a0\u00bb][et_pb_text _builder_version=\u00a0\u00bb4.16&Prime; _module_preset=\u00a0\u00bbdefault\u00a0\u00bb text_font=\u00a0\u00bbAbel||||||||\u00a0\u00bb text_font_size=\u00a0\u00bb35px\u00a0\u00bb text_line_height=\u00a0\u00bb1em\u00a0\u00bb global_colors_info=\u00a0\u00bb{}\u00a0\u00bb]<p>FRAGILE &#8211; expositions<\/p>[\/et_pb_text][\/et_pb_column][\/et_pb_row][\/et_pb_section][et_pb_section fb_built=\u00a0\u00bb1&Prime; _builder_version=\u00a0\u00bb4.16&Prime; _module_preset=\u00a0\u00bbdefault\u00a0\u00bb custom_padding=\u00a0\u00bb0px||0px|||\u00a0\u00bb global_colors_info=\u00a0\u00bb{}\u00a0\u00bb][et_pb_row _builder_version=\u00a0\u00bb4.16&Prime; _module_preset=\u00a0\u00bbdefault\u00a0\u00bb global_colors_info=\u00a0\u00bb{}\u00a0\u00bb][et_pb_column type=\u00a0\u00bb4_4&Prime; _builder_version=\u00a0\u00bb4.16&Prime; _module_preset=\u00a0\u00bbdefault\u00a0\u00bb global_colors_info=\u00a0\u00bb{}\u00a0\u00bb][et_pb_text _builder_version=\u00a0\u00bb4.16&Prime; _module_preset=\u00a0\u00bbdefault\u00a0\u00bb custom_padding=\u00a0\u00bb||26px|||\u00a0\u00bb global_colors_info=\u00a0\u00bb{}\u00a0\u00bb]<h2>UNESCO Paris, 8-20 mars 2013<\/h2>\n<p>Inauguration officielle le 8 mars 2013 dans le cadre de la <em>Journ\u00e9e internationale de la femme<\/em> en pr\u00e9sence de la directrice de l&rsquo;UNESCO, Mme Irina Bokova, et de l&rsquo;ambassadeur des Pays-Bas, Mr <span>Everardus Kronenburg. Le cocktail \u00e9tait organis\u00e9 et offert par l&rsquo;Ambassade des Pays-Bas.<\/span><\/p>[\/et_pb_text][\/et_pb_column][\/et_pb_row][\/et_pb_section][et_pb_section fb_built=\u00a0\u00bb1&Prime; _builder_version=\u00a0\u00bb4.16&Prime; _module_preset=\u00a0\u00bbdefault\u00a0\u00bb custom_margin=\u00a0\u00bb-114px|||||\u00a0\u00bb custom_padding=\u00a0\u00bb||0px|||\u00a0\u00bb global_colors_info=\u00a0\u00bb{}\u00a0\u00bb][et_pb_row _builder_version=\u00a0\u00bb4.16&Prime; _module_preset=\u00a0\u00bbdefault\u00a0\u00bb global_colors_info=\u00a0\u00bb{}\u00a0\u00bb][et_pb_column type=\u00a0\u00bb4_4&Prime; _builder_version=\u00a0\u00bb4.16&Prime; _module_preset=\u00a0\u00bbdefault\u00a0\u00bb global_colors_info=\u00a0\u00bb{}\u00a0\u00bb][et_pb_image src=\u00a0\u00bbhttps:\/\/manuelaluchtmeijer.com\/wp-content\/uploads\/2021\/04\/Manuela-Luchtmeijer-UNESCO-2013-1-1.png\u00a0\u00bb title_text=\u00a0\u00bbManuela Luchtmeijer UNESCO 2013&Prime; _builder_version=\u00a0\u00bb4.16&Prime; _module_preset=\u00a0\u00bbdefault\u00a0\u00bb global_colors_info=\u00a0\u00bb{}\u00a0\u00bb][\/et_pb_image][\/et_pb_column][\/et_pb_row][\/et_pb_section][et_pb_section fb_built=\u00a0\u00bb1&Prime; admin_label=\u00a0\u00bbsection\u00a0\u00bb _builder_version=\u00a0\u00bb4.16&Prime; custom_padding=\u00a0\u00bb0px||0px|||\u00a0\u00bb global_colors_info=\u00a0\u00bb{}\u00a0\u00bb][et_pb_row admin_label=\u00a0\u00bbrow\u00a0\u00bb _builder_version=\u00a0\u00bb4.16&Prime; background_size=\u00a0\u00bbinitial\u00a0\u00bb background_position=\u00a0\u00bbtop_left\u00a0\u00bb background_repeat=\u00a0\u00bbrepeat\u00a0\u00bb global_colors_info=\u00a0\u00bb{}\u00a0\u00bb][et_pb_column type=\u00a0\u00bb4_4&Prime; _builder_version=\u00a0\u00bb4.16&Prime; custom_padding=\u00a0\u00bb|||\u00a0\u00bb global_colors_info=\u00a0\u00bb{}\u00a0\u00bb custom_padding__hover=\u00a0\u00bb|||\u00a0\u00bb][et_pb_text admin_label=\u00a0\u00bbText\u00a0\u00bb _builder_version=\u00a0\u00bb4.16&Prime; background_size=\u00a0\u00bbinitial\u00a0\u00bb background_position=\u00a0\u00bbtop_left\u00a0\u00bb background_repeat=\u00a0\u00bbrepeat\u00a0\u00bb custom_margin=\u00a0\u00bb-38px|||||\u00a0\u00bb global_colors_info=\u00a0\u00bb{}\u00a0\u00bb]<p><br \/>ngg_shortcode_0_placeholder<!-- \/wp:post-content --><\/p>[\/et_pb_text][\/et_pb_column][\/et_pb_row][\/et_pb_section][et_pb_section fb_built=\u00a0\u00bb1&Prime; _builder_version=\u00a0\u00bb4.16&Prime; _module_preset=\u00a0\u00bbdefault\u00a0\u00bb custom_margin=\u00a0\u00bb2px|||||\u00a0\u00bb custom_padding=\u00a0\u00bb0px||0px|||\u00a0\u00bb global_colors_info=\u00a0\u00bb{}\u00a0\u00bb][et_pb_row _builder_version=\u00a0\u00bb4.16&Prime; _module_preset=\u00a0\u00bbdefault\u00a0\u00bb custom_margin=\u00a0\u00bb-7px|auto||auto||\u00a0\u00bb global_colors_info=\u00a0\u00bb{}\u00a0\u00bb][et_pb_column type=\u00a0\u00bb4_4&Prime; _builder_version=\u00a0\u00bb4.16&Prime; _module_preset=\u00a0\u00bbdefault\u00a0\u00bb global_colors_info=\u00a0\u00bb{}\u00a0\u00bb][et_pb_text _builder_version=\u00a0\u00bb4.16&Prime; _module_preset=\u00a0\u00bbdefault\u00a0\u00bb global_colors_info=\u00a0\u00bb{}\u00a0\u00bb]<h2>BANKSIDE GALLERY London, 8-20 novembre 2014<\/h2>\n<p>Exposition de la serie FRAGILE \u00e0 la Bankside Gallery \u00e0 Londres, juste \u00e0 c\u00f4t\u00e9 du Tate Modern Gallery.\u00a0<\/p>[\/et_pb_text][et_pb_code _builder_version=\u00a0\u00bb4.27.4&Prime; _module_preset=\u00a0\u00bbdefault\u00a0\u00bb text_orientation=\u00a0\u00bbcenter\u00a0\u00bb hover_enabled=\u00a0\u00bb0&Prime; sticky_enabled=\u00a0\u00bb0&Prime;]ngg_shortcode_1_placeholder[\/et_pb_code][\/et_pb_column][\/et_pb_row][\/et_pb_section]","protected":false},"excerpt":{"rendered":"<p>FRAGILE &#8211; expositionsUNESCO Paris, 8-20 mars 2013 Inauguration officielle le 8 mars 2013 dans le cadre de la Journ\u00e9e internationale de la femme en pr\u00e9sence de la directrice de l&rsquo;UNESCO, Mme Irina Bokova, et de l&rsquo;ambassadeur des Pays-Bas, Mr Everardus Kronenburg. Le cocktail \u00e9tait organis\u00e9 et offert par l&rsquo;Ambassade des Pays-Bas.BANKSIDE GALLERY [&hellip;]<\/p>\n","protected":false},"author":1,"featured_media":0,"parent":296,"menu_order":0,"comment_status":"closed","ping_status":"closed","template":"","meta":{"_et_pb_use_builder":"on","_et_pb_old_content":"<!-- wp:imagely\/nextgen-gallery -->\n[ngg src=\"galleries\" ids=\"8\" display=\"masonry\"]\n<!-- \/wp:imagely\/nextgen-gallery -->\n\n<!-- wp:imagely\/nextgen-gallery -->\n[ngg src=\"galleries\" ids=\"9\" display=\"masonry\"]\n<!-- \/wp:imagely\/nextgen-gallery -->","_et_gb_content_width":"1080","ngg_post_thumbnail":0,"footnotes":""},"class_list":["post-658","page","type-page","status-publish","hentry"],"yoast_head":"<!-- This site is optimized with the Yoast SEO plugin v27.3 - https:\/\/yoast.com\/product\/yoast-seo-wordpress\/ -->\n<title>FRAGILE EXPOSITIONS - Manuela Luchtmeijer<\/title>\n<meta name=\"description\" content=\"Manuela Luchtmeijer est une artiste\/peintre n\u00e9erlandaise bas\u00e9e \u00e0 Paris : biographie-collections-expositions-contact.\" \/>\n<meta name=\"robots\" content=\"index, follow, max-snippet:-1, max-image-preview:large, max-video-preview:-1\" \/>\n<link rel=\"canonical\" href=\"https:\/\/manuelaluchtmeijer.com\/en\/oeuvres\/fragile\/fragile-expositions\/\" \/>\n<meta property=\"og:locale\" content=\"en_US\" \/>\n<meta property=\"og:type\" content=\"article\" \/>\n<meta property=\"og:title\" content=\"FRAGILE EXPOSITIONS - Manuela Luchtmeijer\" \/>\n<meta property=\"og:description\" content=\"Manuela Luchtmeijer est une artiste\/peintre n\u00e9erlandaise bas\u00e9e \u00e0 Paris : biographie-collections-expositions-contact.\" \/>\n<meta property=\"og:url\" content=\"https:\/\/manuelaluchtmeijer.com\/en\/oeuvres\/fragile\/fragile-expositions\/\" \/>\n<meta property=\"og:site_name\" content=\"Manuela Luchtmeijer\" \/>\n<meta property=\"article:modified_time\" content=\"2026-03-17T11:24:28+00:00\" \/>\n<meta name=\"twitter:card\" content=\"summary_large_image\" \/>\n<meta name=\"twitter:label1\" content=\"Est. reading time\" \/>\n\t<meta name=\"twitter:data1\" content=\"2 minutes\" \/>\n<script type=\"application\/ld+json\" class=\"yoast-schema-graph\">{\"@context\":\"https:\\\/\\\/schema.org\",\"@graph\":[{\"@type\":\"WebPage\",\"@id\":\"https:\\\/\\\/manuelaluchtmeijer.com\\\/oeuvres\\\/fragile\\\/fragile-expositions\\\/\",\"url\":\"https:\\\/\\\/manuelaluchtmeijer.com\\\/oeuvres\\\/fragile\\\/fragile-expositions\\\/\",\"name\":\"FRAGILE EXPOSITIONS - Manuela Luchtmeijer\",\"isPartOf\":{\"@id\":\"https:\\\/\\\/manuelaluchtmeijer.com\\\/#website\"},\"datePublished\":\"2021-04-13T14:29:21+00:00\",\"dateModified\":\"2026-03-17T11:24:28+00:00\",\"description\":\"Manuela Luchtmeijer est une artiste\\\/peintre n\u00e9erlandaise bas\u00e9e \u00e0 Paris : biographie-collections-expositions-contact.\",\"breadcrumb\":{\"@id\":\"https:\\\/\\\/manuelaluchtmeijer.com\\\/oeuvres\\\/fragile\\\/fragile-expositions\\\/#breadcrumb\"},\"inLanguage\":\"en-US\",\"potentialAction\":[{\"@type\":\"ReadAction\",\"target\":[\"https:\\\/\\\/manuelaluchtmeijer.com\\\/oeuvres\\\/fragile\\\/fragile-expositions\\\/\"]}]},{\"@type\":\"BreadcrumbList\",\"@id\":\"https:\\\/\\\/manuelaluchtmeijer.com\\\/oeuvres\\\/fragile\\\/fragile-expositions\\\/#breadcrumb\",\"itemListElement\":[{\"@type\":\"ListItem\",\"position\":1,\"name\":\"Accueil\",\"item\":\"https:\\\/\\\/manuelaluchtmeijer.com\\\/\"},{\"@type\":\"ListItem\",\"position\":2,\"name\":\"COLLECTIONS\",\"item\":\"https:\\\/\\\/manuelaluchtmeijer.com\\\/oeuvres\\\/\"},{\"@type\":\"ListItem\",\"position\":3,\"name\":\"FRAGILE\",\"item\":\"https:\\\/\\\/manuelaluchtmeijer.com\\\/oeuvres\\\/fragile\\\/\"},{\"@type\":\"ListItem\",\"position\":4,\"name\":\"FRAGILE EXPOSITIONS\"}]},{\"@type\":\"WebSite\",\"@id\":\"https:\\\/\\\/manuelaluchtmeijer.com\\\/#website\",\"url\":\"https:\\\/\\\/manuelaluchtmeijer.com\\\/\",\"name\":\"Manuela Luchtmeijer\",\"description\":\"artiste - plasticienne\",\"publisher\":{\"@id\":\"https:\\\/\\\/manuelaluchtmeijer.com\\\/#\\\/schema\\\/person\\\/f8c7c781339f5778d7c26efdc7d88323\"},\"potentialAction\":[{\"@type\":\"SearchAction\",\"target\":{\"@type\":\"EntryPoint\",\"urlTemplate\":\"https:\\\/\\\/manuelaluchtmeijer.com\\\/?s={search_term_string}\"},\"query-input\":{\"@type\":\"PropertyValueSpecification\",\"valueRequired\":true,\"valueName\":\"search_term_string\"}}],\"inLanguage\":\"en-US\"},{\"@type\":[\"Person\",\"Organization\"],\"@id\":\"https:\\\/\\\/manuelaluchtmeijer.com\\\/#\\\/schema\\\/person\\\/f8c7c781339f5778d7c26efdc7d88323\",\"name\":\"Atelier Manuela Luchtmeijer\",\"image\":{\"@type\":\"ImageObject\",\"inLanguage\":\"en-US\",\"@id\":\"https:\\\/\\\/i0.wp.com\\\/manuelaluchtmeijer.com\\\/wp-content\\\/uploads\\\/2020\\\/10\\\/LOGO-Manuela-Luchtmeijer-2-e1617879483252.png?fit=743%2C116&ssl=1\",\"url\":\"https:\\\/\\\/i0.wp.com\\\/manuelaluchtmeijer.com\\\/wp-content\\\/uploads\\\/2020\\\/10\\\/LOGO-Manuela-Luchtmeijer-2-e1617879483252.png?fit=743%2C116&ssl=1\",\"contentUrl\":\"https:\\\/\\\/i0.wp.com\\\/manuelaluchtmeijer.com\\\/wp-content\\\/uploads\\\/2020\\\/10\\\/LOGO-Manuela-Luchtmeijer-2-e1617879483252.png?fit=743%2C116&ssl=1\",\"width\":743,\"height\":116,\"caption\":\"Atelier Manuela Luchtmeijer\"},\"logo\":{\"@id\":\"https:\\\/\\\/i0.wp.com\\\/manuelaluchtmeijer.com\\\/wp-content\\\/uploads\\\/2020\\\/10\\\/LOGO-Manuela-Luchtmeijer-2-e1617879483252.png?fit=743%2C116&ssl=1\"}}]}<\/script>\n<!-- \/ Yoast SEO plugin. -->","yoast_head_json":{"title":"FRAGILE EXPOSITIONS - Manuela Luchtmeijer","description":"Manuela Luchtmeijer est une artiste\/peintre n\u00e9erlandaise bas\u00e9e \u00e0 Paris : biographie-collections-expositions-contact.","robots":{"index":"index","follow":"follow","max-snippet":"max-snippet:-1","max-image-preview":"max-image-preview:large","max-video-preview":"max-video-preview:-1"},"canonical":"https:\/\/manuelaluchtmeijer.com\/en\/oeuvres\/fragile\/fragile-expositions\/","og_locale":"en_US","og_type":"article","og_title":"FRAGILE EXPOSITIONS - Manuela Luchtmeijer","og_description":"Manuela Luchtmeijer est une artiste\/peintre n\u00e9erlandaise bas\u00e9e \u00e0 Paris : biographie-collections-expositions-contact.","og_url":"https:\/\/manuelaluchtmeijer.com\/en\/oeuvres\/fragile\/fragile-expositions\/","og_site_name":"Manuela Luchtmeijer","article_modified_time":"2026-03-17T11:24:28+00:00","twitter_card":"summary_large_image","twitter_misc":{"Est. reading time":"2 minutes"},"schema":{"@context":"https:\/\/schema.org","@graph":[{"@type":"WebPage","@id":"https:\/\/manuelaluchtmeijer.com\/oeuvres\/fragile\/fragile-expositions\/","url":"https:\/\/manuelaluchtmeijer.com\/oeuvres\/fragile\/fragile-expositions\/","name":"FRAGILE EXPOSITIONS - Manuela Luchtmeijer","isPartOf":{"@id":"https:\/\/manuelaluchtmeijer.com\/#website"},"datePublished":"2021-04-13T14:29:21+00:00","dateModified":"2026-03-17T11:24:28+00:00","description":"Manuela Luchtmeijer est une artiste\/peintre n\u00e9erlandaise bas\u00e9e \u00e0 Paris : biographie-collections-expositions-contact.","breadcrumb":{"@id":"https:\/\/manuelaluchtmeijer.com\/oeuvres\/fragile\/fragile-expositions\/#breadcrumb"},"inLanguage":"en-US","potentialAction":[{"@type":"ReadAction","target":["https:\/\/manuelaluchtmeijer.com\/oeuvres\/fragile\/fragile-expositions\/"]}]},{"@type":"BreadcrumbList","@id":"https:\/\/manuelaluchtmeijer.com\/oeuvres\/fragile\/fragile-expositions\/#breadcrumb","itemListElement":[{"@type":"ListItem","position":1,"name":"Accueil","item":"https:\/\/manuelaluchtmeijer.com\/"},{"@type":"ListItem","position":2,"name":"COLLECTIONS","item":"https:\/\/manuelaluchtmeijer.com\/oeuvres\/"},{"@type":"ListItem","position":3,"name":"FRAGILE","item":"https:\/\/manuelaluchtmeijer.com\/oeuvres\/fragile\/"},{"@type":"ListItem","position":4,"name":"FRAGILE EXPOSITIONS"}]},{"@type":"WebSite","@id":"https:\/\/manuelaluchtmeijer.com\/#website","url":"https:\/\/manuelaluchtmeijer.com\/","name":"Manuela Luchtmeijer","description":"artiste - plasticienne","publisher":{"@id":"https:\/\/manuelaluchtmeijer.com\/#\/schema\/person\/f8c7c781339f5778d7c26efdc7d88323"},"potentialAction":[{"@type":"SearchAction","target":{"@type":"EntryPoint","urlTemplate":"https:\/\/manuelaluchtmeijer.com\/?s={search_term_string}"},"query-input":{"@type":"PropertyValueSpecification","valueRequired":true,"valueName":"search_term_string"}}],"inLanguage":"en-US"},{"@type":["Person","Organization"],"@id":"https:\/\/manuelaluchtmeijer.com\/#\/schema\/person\/f8c7c781339f5778d7c26efdc7d88323","name":"Atelier Manuela Luchtmeijer","image":{"@type":"ImageObject","inLanguage":"en-US","@id":"https:\/\/i0.wp.com\/manuelaluchtmeijer.com\/wp-content\/uploads\/2020\/10\/LOGO-Manuela-Luchtmeijer-2-e1617879483252.png?fit=743%2C116&ssl=1","url":"https:\/\/i0.wp.com\/manuelaluchtmeijer.com\/wp-content\/uploads\/2020\/10\/LOGO-Manuela-Luchtmeijer-2-e1617879483252.png?fit=743%2C116&ssl=1","contentUrl":"https:\/\/i0.wp.com\/manuelaluchtmeijer.com\/wp-content\/uploads\/2020\/10\/LOGO-Manuela-Luchtmeijer-2-e1617879483252.png?fit=743%2C116&ssl=1","width":743,"height":116,"caption":"Atelier Manuela Luchtmeijer"},"logo":{"@id":"https:\/\/i0.wp.com\/manuelaluchtmeijer.com\/wp-content\/uploads\/2020\/10\/LOGO-Manuela-Luchtmeijer-2-e1617879483252.png?fit=743%2C116&ssl=1"}}]}},"jetpack_sharing_enabled":true,"_links":{"self":[{"href":"https:\/\/manuelaluchtmeijer.com\/en\/wp-json\/wp\/v2\/pages\/658","targetHints":{"allow":["GET"]}}],"collection":[{"href":"https:\/\/manuelaluchtmeijer.com\/en\/wp-json\/wp\/v2\/pages"}],"about":[{"href":"https:\/\/manuelaluchtmeijer.com\/en\/wp-json\/wp\/v2\/types\/page"}],"author":[{"embeddable":true,"href":"https:\/\/manuelaluchtmeijer.com\/en\/wp-json\/wp\/v2\/users\/1"}],"replies":[{"embeddable":true,"href":"https:\/\/manuelaluchtmeijer.com\/en\/wp-json\/wp\/v2\/comments?post=658"}],"version-history":[{"count":13,"href":"https:\/\/manuelaluchtmeijer.com\/en\/wp-json\/wp\/v2\/pages\/658\/revisions"}],"predecessor-version":[{"id":2472,"href":"https:\/\/manuelaluchtmeijer.com\/en\/wp-json\/wp\/v2\/pages\/658\/revisions\/2472"}],"up":[{"embeddable":true,"href":"https:\/\/manuelaluchtmeijer.com\/en\/wp-json\/wp\/v2\/pages\/296"}],"wp:attachment":[{"href":"https:\/\/manuelaluchtmeijer.com\/en\/wp-json\/wp\/v2\/media?parent=658"}],"curies":[{"name":"wp","href":"https:\/\/api.w.org\/{rel}","templated":true}]}}