{"id":422,"date":"2021-04-10T17:26:12","date_gmt":"2021-04-10T15:26:12","guid":{"rendered":"https:\/\/manuelaluchtmeijer.com\/?page_id=422"},"modified":"2021-04-17T15:18:16","modified_gmt":"2021-04-17T13:18:16","slug":"the-colors-of-black-texte","status":"publish","type":"page","link":"https:\/\/manuelaluchtmeijer.com\/en\/the-colors-of-black-texte\/","title":{"rendered":"The colors of Black &#8211; texte"},"content":{"rendered":"<p>[et_pb_section fb_built=\u00a0\u00bb1&Prime; _builder_version=\u00a0\u00bb4.9.2&Prime; _module_preset=\u00a0\u00bbdefault\u00a0\u00bb min_height=\u00a0\u00bb93px\u00a0\u00bb custom_padding=\u00a0\u00bb||0px|||\u00a0\u00bb][et_pb_row _builder_version=\u00a0\u00bb4.9.2&Prime; _module_preset=\u00a0\u00bbdefault\u00a0\u00bb][et_pb_column type=\u00a0\u00bb4_4&Prime; _builder_version=\u00a0\u00bb4.9.2&Prime; _module_preset=\u00a0\u00bbdefault\u00a0\u00bb][et_pb_text _builder_version=\u00a0\u00bb4.9.2&Prime; _module_preset=\u00a0\u00bbdefault\u00a0\u00bb text_font=\u00a0\u00bbAbel||||||||\u00a0\u00bb text_font_size=\u00a0\u00bb35px\u00a0\u00bb text_line_height=\u00a0\u00bb1em\u00a0\u00bb min_height=\u00a0\u00bb22px\u00a0\u00bb]<\/p>\n<p>THE COLORS OF BLACK<\/p>\n<p>[\/et_pb_text][\/et_pb_column][\/et_pb_row][\/et_pb_section][et_pb_section fb_built=\u00a0\u00bb1&Prime; _builder_version=\u00a0\u00bb4.9.2&Prime; _module_preset=\u00a0\u00bbdefault\u00a0\u00bb custom_margin=\u00a0\u00bb-50px|||||\u00a0\u00bb][et_pb_row column_structure=\u00a0\u00bb3_4,1_4&Prime; _builder_version=\u00a0\u00bb4.9.2&Prime; _module_preset=\u00a0\u00bbdefault\u00a0\u00bb custom_padding=\u00a0\u00bb25px|||||\u00a0\u00bb][et_pb_column type=\u00a0\u00bb3_4&Prime; _builder_version=\u00a0\u00bb4.9.2&Prime; _module_preset=\u00a0\u00bbdefault\u00a0\u00bb][et_pb_text _builder_version=\u00a0\u00bb4.9.4&Prime; _module_preset=\u00a0\u00bbdefault\u00a0\u00bb text_line_height=\u00a0\u00bb1.5em\u00a0\u00bb text_orientation=\u00a0\u00bbjustified\u00a0\u00bb hover_enabled=\u00a0\u00bb0&Prime; sticky_enabled=\u00a0\u00bb0&Prime;]<\/p>\n<h3>\u00abD\u2019innombrables nuits sans sommeil \u00e0 vous attendre, mes noires beaut\u00e9s*\u00bb<\/h3>\n<p><em><\/em><\/p>\n<p>Cette nouvelle s\u00e9rie de Manuela Luchtmeijer joue avec des paradoxes. Le noir pour y chercher couleurs et lumi\u00e8re ? Enfanter ses enfants sans les porter en soi ? Comme tout le travail de Manuela Luchtmeijer, il nous faut un r\u00e9cit en images pour aborder ces multiples interrogations qu\u2019une toile ne suffirait \u00e0 porter.<\/p>\n<p>La narration comporte trois phases, qui d\u00e9notent, par leur \u00e9volution stylistique, une acc\u00e9l\u00e9ration temporelle jusqu\u2019au retour \u00e0 l\u2019apaisement. L\u2019unit\u00e9 de la s\u00e9rie repose dans la poursuite obsessionnelle d\u2019un but, chaque toile portant en elle une part \u00e9gale de doute et de s\u00e9r\u00e9nit\u00e9, de joie et de souffrance jusqu\u2019\u00e0 la d\u00e9livrance. C\u2019est un chemin de l\u2019abstraction d\u2019un d\u00e9sir vers la r\u00e9alit\u00e9 d\u2019une pr\u00e9sence, abruptement figur\u00e9e.<\/p>\n<p>La premi\u00e8re s\u00e9quence \u00ab <strong>In<\/strong><span style=\"font-size: 17px;\"><strong>somnia <\/strong>\u00bb est aussi la plus longue de la s\u00e9rie. Il est question d\u2019une attente, une attente paraissant parfois interminable, celle d\u2019un enfant imagin\u00e9 et r\u00eav\u00e9, celle d\u2019un enfant dont on se sait pas ni d\u2019o\u00f9 ni quand il arrivera. Fid\u00e8le \u00e0 sa mani\u00e8re propre de travailler, chaque toile de Manuela est le fruit d\u2019une lente maturation. Pr\u00e9paration de fonds, qui prennent plusieurs mois, couche sur couche pour qu\u2019\u00e0 la fin se d\u00e9gage formes et reliefs complexes, reflets des superpositions de sentiments contradictoires qui ont travers\u00e9 leur \u00e9laboration. Dominante de bleus et de noirs (la nuit, les insomnies), travers\u00e9s parfois d\u2019\u00e9clairs fugaces (un esprit ?).<\/span><\/p>\n<p>La deuxi\u00e8me phase, \u00ab <strong>Annonciation<\/strong> \u00bb, est un oppos\u00e9 dramatique : un enfant arrive. Non, pas un, mais deux ! Mais qui sont-ils ? Quand arrivent-ils ? Comment vivre cette grossesse virtuelle de deux enfants noirs qui se nichent instantan\u00e9ment dans ce c\u0153ur de maman blanche ? Le doute et l\u2019attente ind\u00e9finie font place \u00e0 un violent tourbillon de sentiments, retranscrit par le geste du peintre sur la toile. Pour cela, Manuela commence \u00e0 peindre \u00e0 l\u2019acrylique pour les derniers tableaux de cette phase, ce qui permet un travail beaucoup plus rapide et impulsif. Le bleu indolent fait place au rouge passionnel symbolisant l\u2019impatience et l\u2019amour naissant d\u00e9passant les liens de sang.<\/p>\n<p>Enfin, \u00ab <strong>Madone<\/strong> \u00bb, clin d\u2019oeil figuratif vers l\u2019aboutissement et le pr\u00e9sent, vient clore la s\u00e9rie dans l\u2019apaisement et le concret. On remarque que m\u00e8re et enfants sont de la m\u00eame couleur, font un.<\/p>\n<p>&nbsp;<\/p>\n<p>UNE NARRATION PAR EXERCICE DE STYLE<\/p>\n<p>Au del\u00e0 d\u2019un sens premier se laissant appr\u00e9hender sans fausse pudeur, chaque toile est travers\u00e9e de r\u00e9f\u00e9rences, profondes ou \u00e9videntes (comme l\u2019humour d\u2019une comparaison divine et virginale). Le sujet de la s\u00e9rie, la maternit\u00e9 par adoption, est aussi et surtout un support pour une recherche picturale et technique afin de cr\u00e9er les plus d\u2019effets possible dans la profondeur fascinante du NOIR.<\/p>\n<p><em>* Cette s\u00e9rie est d\u00e9di\u00e9e \u00e0 mes\u00a0 jumeaux, mes b\u00e9b\u00e9s port\u00e9s dans le c\u0153ur\u00a0pendant si longtemps, adopt\u00e9s en 2007 au Togo, Afrique de l\u2019Ouest.<\/em><\/p>\n<p>[\/et_pb_text][\/et_pb_column][et_pb_column type=\u00a0\u00bb1_4&Prime; _builder_version=\u00a0\u00bb4.9.2&Prime; _module_preset=\u00a0\u00bbdefault\u00a0\u00bb][et_pb_image src=\u00a0\u00bbhttps:\/\/manuelaluchtmeijer.com\/wp-content\/uploads\/2021\/04\/compterlesnuits1.jpg\u00a0\u00bb _builder_version=\u00a0\u00bb4.9.2&Prime; _module_preset=\u00a0\u00bbdefault\u00a0\u00bb][\/et_pb_image][et_pb_text _builder_version=\u00a0\u00bb4.9.2&Prime; _module_preset=\u00a0\u00bbdefault\u00a0\u00bb text_font_size=\u00a0\u00bb12px\u00a0\u00bb custom_margin=\u00a0\u00bb-30px|||||\u00a0\u00bb custom_padding=\u00a0\u00bb||0px|||\u00a0\u00bb]<\/p>\n<p style=\"text-align: center;\"><em>Counting the nights\/huile sur toile\/ 120x160cm\/ <\/em><em>Manuela Luchtmeijer 2009<\/em><\/p>\n<p>[\/et_pb_text][et_pb_image src=\u00a0\u00bbhttps:\/\/manuelaluchtmeijer.com\/wp-content\/uploads\/2021\/04\/immaculee_conc.jpg\u00a0\u00bb title_text=\u00a0\u00bbImmacul\u00e9e conception\u00a0\u00bb _builder_version=\u00a0\u00bb4.9.2&Prime; _module_preset=\u00a0\u00bbdefault\u00a0\u00bb][\/et_pb_image][et_pb_text _builder_version=\u00a0\u00bb4.9.2&Prime; _module_preset=\u00a0\u00bbdefault\u00a0\u00bb text_font_size=\u00a0\u00bb11px\u00a0\u00bb min_height=\u00a0\u00bb16px\u00a0\u00bb custom_margin=\u00a0\u00bb-30px|||||\u00a0\u00bb]<\/p>\n<p style=\"text-align: center;\"><em>Immacul\u00e9e conception\/huile sur toile\/ 150x120cm\/ Manuela Luchtmeijer 2009<\/em><\/p>\n<p>[\/et_pb_text][et_pb_image src=\u00a0\u00bbhttps:\/\/manuelaluchtmeijer.com\/wp-content\/uploads\/2021\/04\/madoneaux2enfants-scaled.jpg\u00a0\u00bb alt=\u00a0\u00bbMadone aux 2 enfants\u00a0\u00bb title_text=\u00a0\u00bbMadone aux 2 enfants\u00a0\u00bb _builder_version=\u00a0\u00bb4.9.2&Prime; _module_preset=\u00a0\u00bbdefault\u00a0\u00bb][\/et_pb_image][et_pb_text _builder_version=\u00a0\u00bb4.9.2&Prime; _module_preset=\u00a0\u00bbdefault\u00a0\u00bb text_font_size=\u00a0\u00bb11px\u00a0\u00bb custom_margin=\u00a0\u00bb-31px|||||\u00a0\u00bb]<\/p>\n<p style=\"text-align: center;\"><em>Madone aux deux enfants\/ acrylique sur toile\/ 90x30cm\/ Manuela Luchtmeijer 2009<\/em><\/p>\n<p>[\/et_pb_text][\/et_pb_column][\/et_pb_row][\/et_pb_section]<\/p>\n","protected":false},"excerpt":{"rendered":"<p>THE COLORS OF BLACK\u00abD\u2019innombrables nuits sans sommeil \u00e0 vous attendre, mes noires beaut\u00e9s*\u00bb Cette nouvelle s\u00e9rie de Manuela Luchtmeijer joue avec des paradoxes. Le noir pour y chercher couleurs et lumi\u00e8re ? Enfanter ses enfants sans les porter en soi ? Comme tout le travail de Manuela Luchtmeijer, il nous faut un r\u00e9cit en images [&hellip;]<\/p>\n","protected":false},"author":1,"featured_media":0,"parent":0,"menu_order":0,"comment_status":"closed","ping_status":"closed","template":"","meta":{"_et_pb_use_builder":"on","_et_pb_old_content":"","_et_gb_content_width":"","ngg_post_thumbnail":0,"footnotes":""},"class_list":["post-422","page","type-page","status-publish","hentry"],"yoast_head":"<!-- This site is optimized with the Yoast SEO plugin v27.4 - https:\/\/yoast.com\/product\/yoast-seo-wordpress\/ -->\n<title>The colors of Black - texte - Manuela Luchtmeijer<\/title>\n<meta name=\"description\" content=\"Manuela Luchtmeijer est une artiste\/peintre n\u00e9erlandaise bas\u00e9e \u00e0 Paris : biographie-collections-expositions-contact.\" \/>\n<meta name=\"robots\" content=\"index, follow, max-snippet:-1, max-image-preview:large, max-video-preview:-1\" \/>\n<link rel=\"canonical\" href=\"https:\/\/manuelaluchtmeijer.com\/en\/the-colors-of-black-texte\/\" \/>\n<meta property=\"og:locale\" content=\"en_US\" \/>\n<meta property=\"og:type\" content=\"article\" \/>\n<meta property=\"og:title\" content=\"The colors of Black - texte - Manuela Luchtmeijer\" \/>\n<meta property=\"og:description\" content=\"Manuela Luchtmeijer est une artiste\/peintre n\u00e9erlandaise bas\u00e9e \u00e0 Paris : biographie-collections-expositions-contact.\" \/>\n<meta property=\"og:url\" content=\"https:\/\/manuelaluchtmeijer.com\/en\/the-colors-of-black-texte\/\" \/>\n<meta property=\"og:site_name\" content=\"Manuela Luchtmeijer\" \/>\n<meta property=\"article:modified_time\" content=\"2021-04-17T13:18:16+00:00\" \/>\n<meta name=\"twitter:card\" content=\"summary_large_image\" \/>\n<meta name=\"twitter:label1\" content=\"Est. reading time\" \/>\n\t<meta name=\"twitter:data1\" content=\"4 minutes\" \/>\n<script type=\"application\/ld+json\" class=\"yoast-schema-graph\">{\"@context\":\"https:\\\/\\\/schema.org\",\"@graph\":[{\"@type\":\"WebPage\",\"@id\":\"https:\\\/\\\/manuelaluchtmeijer.com\\\/the-colors-of-black-texte\\\/\",\"url\":\"https:\\\/\\\/manuelaluchtmeijer.com\\\/the-colors-of-black-texte\\\/\",\"name\":\"The colors of Black - texte - Manuela Luchtmeijer\",\"isPartOf\":{\"@id\":\"https:\\\/\\\/manuelaluchtmeijer.com\\\/#website\"},\"datePublished\":\"2021-04-10T15:26:12+00:00\",\"dateModified\":\"2021-04-17T13:18:16+00:00\",\"description\":\"Manuela Luchtmeijer est une artiste\\\/peintre n\u00e9erlandaise bas\u00e9e \u00e0 Paris : biographie-collections-expositions-contact.\",\"breadcrumb\":{\"@id\":\"https:\\\/\\\/manuelaluchtmeijer.com\\\/the-colors-of-black-texte\\\/#breadcrumb\"},\"inLanguage\":\"en-US\",\"potentialAction\":[{\"@type\":\"ReadAction\",\"target\":[\"https:\\\/\\\/manuelaluchtmeijer.com\\\/the-colors-of-black-texte\\\/\"]}]},{\"@type\":\"BreadcrumbList\",\"@id\":\"https:\\\/\\\/manuelaluchtmeijer.com\\\/the-colors-of-black-texte\\\/#breadcrumb\",\"itemListElement\":[{\"@type\":\"ListItem\",\"position\":1,\"name\":\"Accueil\",\"item\":\"https:\\\/\\\/manuelaluchtmeijer.com\\\/\"},{\"@type\":\"ListItem\",\"position\":2,\"name\":\"The colors of Black &#8211; texte\"}]},{\"@type\":\"WebSite\",\"@id\":\"https:\\\/\\\/manuelaluchtmeijer.com\\\/#website\",\"url\":\"https:\\\/\\\/manuelaluchtmeijer.com\\\/\",\"name\":\"Manuela Luchtmeijer\",\"description\":\"artiste - plasticienne\",\"publisher\":{\"@id\":\"https:\\\/\\\/manuelaluchtmeijer.com\\\/#\\\/schema\\\/person\\\/f8c7c781339f5778d7c26efdc7d88323\"},\"potentialAction\":[{\"@type\":\"SearchAction\",\"target\":{\"@type\":\"EntryPoint\",\"urlTemplate\":\"https:\\\/\\\/manuelaluchtmeijer.com\\\/?s={search_term_string}\"},\"query-input\":{\"@type\":\"PropertyValueSpecification\",\"valueRequired\":true,\"valueName\":\"search_term_string\"}}],\"inLanguage\":\"en-US\"},{\"@type\":[\"Person\",\"Organization\"],\"@id\":\"https:\\\/\\\/manuelaluchtmeijer.com\\\/#\\\/schema\\\/person\\\/f8c7c781339f5778d7c26efdc7d88323\",\"name\":\"Atelier Manuela Luchtmeijer\",\"image\":{\"@type\":\"ImageObject\",\"inLanguage\":\"en-US\",\"@id\":\"https:\\\/\\\/i0.wp.com\\\/manuelaluchtmeijer.com\\\/wp-content\\\/uploads\\\/2020\\\/10\\\/LOGO-Manuela-Luchtmeijer-2-e1617879483252.png?fit=743%2C116&ssl=1\",\"url\":\"https:\\\/\\\/i0.wp.com\\\/manuelaluchtmeijer.com\\\/wp-content\\\/uploads\\\/2020\\\/10\\\/LOGO-Manuela-Luchtmeijer-2-e1617879483252.png?fit=743%2C116&ssl=1\",\"contentUrl\":\"https:\\\/\\\/i0.wp.com\\\/manuelaluchtmeijer.com\\\/wp-content\\\/uploads\\\/2020\\\/10\\\/LOGO-Manuela-Luchtmeijer-2-e1617879483252.png?fit=743%2C116&ssl=1\",\"width\":743,\"height\":116,\"caption\":\"Atelier Manuela Luchtmeijer\"},\"logo\":{\"@id\":\"https:\\\/\\\/i0.wp.com\\\/manuelaluchtmeijer.com\\\/wp-content\\\/uploads\\\/2020\\\/10\\\/LOGO-Manuela-Luchtmeijer-2-e1617879483252.png?fit=743%2C116&ssl=1\"}}]}<\/script>\n<!-- \/ Yoast SEO plugin. -->","yoast_head_json":{"title":"The colors of Black - texte - Manuela Luchtmeijer","description":"Manuela Luchtmeijer est une artiste\/peintre n\u00e9erlandaise bas\u00e9e \u00e0 Paris : biographie-collections-expositions-contact.","robots":{"index":"index","follow":"follow","max-snippet":"max-snippet:-1","max-image-preview":"max-image-preview:large","max-video-preview":"max-video-preview:-1"},"canonical":"https:\/\/manuelaluchtmeijer.com\/en\/the-colors-of-black-texte\/","og_locale":"en_US","og_type":"article","og_title":"The colors of Black - texte - Manuela Luchtmeijer","og_description":"Manuela Luchtmeijer est une artiste\/peintre n\u00e9erlandaise bas\u00e9e \u00e0 Paris : biographie-collections-expositions-contact.","og_url":"https:\/\/manuelaluchtmeijer.com\/en\/the-colors-of-black-texte\/","og_site_name":"Manuela Luchtmeijer","article_modified_time":"2021-04-17T13:18:16+00:00","twitter_card":"summary_large_image","twitter_misc":{"Est. reading time":"4 minutes"},"schema":{"@context":"https:\/\/schema.org","@graph":[{"@type":"WebPage","@id":"https:\/\/manuelaluchtmeijer.com\/the-colors-of-black-texte\/","url":"https:\/\/manuelaluchtmeijer.com\/the-colors-of-black-texte\/","name":"The colors of Black - texte - Manuela Luchtmeijer","isPartOf":{"@id":"https:\/\/manuelaluchtmeijer.com\/#website"},"datePublished":"2021-04-10T15:26:12+00:00","dateModified":"2021-04-17T13:18:16+00:00","description":"Manuela Luchtmeijer est une artiste\/peintre n\u00e9erlandaise bas\u00e9e \u00e0 Paris : biographie-collections-expositions-contact.","breadcrumb":{"@id":"https:\/\/manuelaluchtmeijer.com\/the-colors-of-black-texte\/#breadcrumb"},"inLanguage":"en-US","potentialAction":[{"@type":"ReadAction","target":["https:\/\/manuelaluchtmeijer.com\/the-colors-of-black-texte\/"]}]},{"@type":"BreadcrumbList","@id":"https:\/\/manuelaluchtmeijer.com\/the-colors-of-black-texte\/#breadcrumb","itemListElement":[{"@type":"ListItem","position":1,"name":"Accueil","item":"https:\/\/manuelaluchtmeijer.com\/"},{"@type":"ListItem","position":2,"name":"The colors of Black &#8211; texte"}]},{"@type":"WebSite","@id":"https:\/\/manuelaluchtmeijer.com\/#website","url":"https:\/\/manuelaluchtmeijer.com\/","name":"Manuela Luchtmeijer","description":"artiste - plasticienne","publisher":{"@id":"https:\/\/manuelaluchtmeijer.com\/#\/schema\/person\/f8c7c781339f5778d7c26efdc7d88323"},"potentialAction":[{"@type":"SearchAction","target":{"@type":"EntryPoint","urlTemplate":"https:\/\/manuelaluchtmeijer.com\/?s={search_term_string}"},"query-input":{"@type":"PropertyValueSpecification","valueRequired":true,"valueName":"search_term_string"}}],"inLanguage":"en-US"},{"@type":["Person","Organization"],"@id":"https:\/\/manuelaluchtmeijer.com\/#\/schema\/person\/f8c7c781339f5778d7c26efdc7d88323","name":"Atelier Manuela Luchtmeijer","image":{"@type":"ImageObject","inLanguage":"en-US","@id":"https:\/\/i0.wp.com\/manuelaluchtmeijer.com\/wp-content\/uploads\/2020\/10\/LOGO-Manuela-Luchtmeijer-2-e1617879483252.png?fit=743%2C116&ssl=1","url":"https:\/\/i0.wp.com\/manuelaluchtmeijer.com\/wp-content\/uploads\/2020\/10\/LOGO-Manuela-Luchtmeijer-2-e1617879483252.png?fit=743%2C116&ssl=1","contentUrl":"https:\/\/i0.wp.com\/manuelaluchtmeijer.com\/wp-content\/uploads\/2020\/10\/LOGO-Manuela-Luchtmeijer-2-e1617879483252.png?fit=743%2C116&ssl=1","width":743,"height":116,"caption":"Atelier Manuela Luchtmeijer"},"logo":{"@id":"https:\/\/i0.wp.com\/manuelaluchtmeijer.com\/wp-content\/uploads\/2020\/10\/LOGO-Manuela-Luchtmeijer-2-e1617879483252.png?fit=743%2C116&ssl=1"}}]}},"jetpack_sharing_enabled":true,"_links":{"self":[{"href":"https:\/\/manuelaluchtmeijer.com\/en\/wp-json\/wp\/v2\/pages\/422","targetHints":{"allow":["GET"]}}],"collection":[{"href":"https:\/\/manuelaluchtmeijer.com\/en\/wp-json\/wp\/v2\/pages"}],"about":[{"href":"https:\/\/manuelaluchtmeijer.com\/en\/wp-json\/wp\/v2\/types\/page"}],"author":[{"embeddable":true,"href":"https:\/\/manuelaluchtmeijer.com\/en\/wp-json\/wp\/v2\/users\/1"}],"replies":[{"embeddable":true,"href":"https:\/\/manuelaluchtmeijer.com\/en\/wp-json\/wp\/v2\/comments?post=422"}],"version-history":[{"count":11,"href":"https:\/\/manuelaluchtmeijer.com\/en\/wp-json\/wp\/v2\/pages\/422\/revisions"}],"predecessor-version":[{"id":1012,"href":"https:\/\/manuelaluchtmeijer.com\/en\/wp-json\/wp\/v2\/pages\/422\/revisions\/1012"}],"wp:attachment":[{"href":"https:\/\/manuelaluchtmeijer.com\/en\/wp-json\/wp\/v2\/media?parent=422"}],"curies":[{"name":"wp","href":"https:\/\/api.w.org\/{rel}","templated":true}]}}