{"id":296,"date":"2021-04-09T22:46:17","date_gmt":"2021-04-09T20:46:17","guid":{"rendered":"https:\/\/manuelaluchtmeijer.com\/?page_id=296"},"modified":"2026-03-17T12:05:43","modified_gmt":"2026-03-17T11:05:43","slug":"fragile","status":"publish","type":"page","link":"https:\/\/manuelaluchtmeijer.com\/en\/oeuvres\/fragile\/","title":{"rendered":"FRAGILE"},"content":{"rendered":"<p>[et_pb_section fb_built=\u00a0\u00bb1&Prime; _builder_version=\u00a0\u00bb4.16&Prime; _module_preset=\u00a0\u00bbdefault\u00a0\u00bb custom_padding=\u00a0\u00bb||0px|||\u00a0\u00bb global_colors_info=\u00a0\u00bb{}\u00a0\u00bb][et_pb_row _builder_version=\u00a0\u00bb4.16&Prime; _module_preset=\u00a0\u00bbdefault\u00a0\u00bb global_colors_info=\u00a0\u00bb{}\u00a0\u00bb][et_pb_column type=\u00a0\u00bb4_4&Prime; _builder_version=\u00a0\u00bb4.16&Prime; _module_preset=\u00a0\u00bbdefault\u00a0\u00bb global_colors_info=\u00a0\u00bb{}\u00a0\u00bb][et_pb_text _builder_version=\u00a0\u00bb4.16&Prime; _module_preset=\u00a0\u00bbdefault\u00a0\u00bb text_font=\u00a0\u00bbAbel||||||||\u00a0\u00bb text_font_size=\u00a0\u00bb35px\u00a0\u00bb text_line_height=\u00a0\u00bb1em\u00a0\u00bb global_colors_info=\u00a0\u00bb{}\u00a0\u00bb]<\/p>\n<p>FRAGILE (HANDLE WITH CARE)<\/p>\n<p>[\/et_pb_text][\/et_pb_column][\/et_pb_row][\/et_pb_section][et_pb_section fb_built=\u00a0\u00bb1&Prime; _builder_version=\u00a0\u00bb4.16&Prime; _module_preset=\u00a0\u00bbdefault\u00a0\u00bb min_height=\u00a0\u00bb336px\u00a0\u00bb custom_padding=\u00a0\u00bb0px||0px|||\u00a0\u00bb global_colors_info=\u00a0\u00bb{}\u00a0\u00bb][et_pb_row column_structure=\u00a0\u00bb1_2,1_2&Prime; _builder_version=\u00a0\u00bb4.16&Prime; _module_preset=\u00a0\u00bbdefault\u00a0\u00bb custom_margin=\u00a0\u00bb-3px|auto|-27px|auto||\u00a0\u00bb custom_padding=\u00a0\u00bb49px||0px|||\u00a0\u00bb global_colors_info=\u00a0\u00bb{}\u00a0\u00bb][et_pb_column type=\u00a0\u00bb1_2&Prime; _builder_version=\u00a0\u00bb4.16&Prime; _module_preset=\u00a0\u00bbdefault\u00a0\u00bb global_colors_info=\u00a0\u00bb{}\u00a0\u00bb][et_pb_image src=\u00a0\u00bbhttps:\/\/manuelaluchtmeijer.com\/wp-content\/uploads\/2021\/04\/fragile.png\u00a0\u00bb title_text=\u00a0\u00bbfragile\u00a0\u00bb _builder_version=\u00a0\u00bb4.16&Prime; _module_preset=\u00a0\u00bbdefault\u00a0\u00bb global_colors_info=\u00a0\u00bb{}\u00a0\u00bb][\/et_pb_image][\/et_pb_column][et_pb_column type=\u00a0\u00bb1_2&Prime; _builder_version=\u00a0\u00bb4.16&Prime; _module_preset=\u00a0\u00bbdefault\u00a0\u00bb global_colors_info=\u00a0\u00bb{}\u00a0\u00bb][et_pb_text _builder_version=\u00a0\u00bb4.16&Prime; _module_preset=\u00a0\u00bbdefault\u00a0\u00bb custom_padding=\u00a0\u00bb||0px|||\u00a0\u00bb global_colors_info=\u00a0\u00bb{}\u00a0\u00bb]<\/p>\n<p style=\"text-align: center;\"><em>des silhouettes<\/em><br \/><em>\u00e0 peine trac\u00e9es<\/em><br \/><em>\u00e9pur\u00e9es<\/em><br \/><em>d\u00e9nud\u00e9es<\/em><br \/><em>effleurent<\/em><br \/><em>sugg\u00e8rent<\/em><br \/><em>chuchotent<\/em><br \/><em>subliment<\/em><\/p>\n<p style=\"text-align: center;\"><em>le vide<\/em><\/p>\n<p><em>\u00a0<\/em><\/p>\n<p>[\/et_pb_text][\/et_pb_column][\/et_pb_row][\/et_pb_section][et_pb_section fb_built=\u00a0\u00bb1&Prime; _builder_version=\u00a0\u00bb4.16&Prime; _module_preset=\u00a0\u00bbdefault\u00a0\u00bb custom_margin=\u00a0\u00bb-1px|||||\u00a0\u00bb custom_padding=\u00a0\u00bb0px||0px|||\u00a0\u00bb global_colors_info=\u00a0\u00bb{}\u00a0\u00bb][et_pb_row _builder_version=\u00a0\u00bb4.16&Prime; _module_preset=\u00a0\u00bbdefault\u00a0\u00bb custom_padding=\u00a0\u00bb0px|||||\u00a0\u00bb global_colors_info=\u00a0\u00bb{}\u00a0\u00bb][et_pb_column type=\u00a0\u00bb4_4&Prime; _builder_version=\u00a0\u00bb4.16&Prime; _module_preset=\u00a0\u00bbdefault\u00a0\u00bb global_colors_info=\u00a0\u00bb{}\u00a0\u00bb][et_pb_text _builder_version=\u00a0\u00bb4.16&Prime; _module_preset=\u00a0\u00bbdefault\u00a0\u00bb text_line_height=\u00a0\u00bb1.5em\u00a0\u00bb min_height=\u00a0\u00bb357px\u00a0\u00bb custom_margin=\u00a0\u00bb-62px|||||\u00a0\u00bb custom_padding=\u00a0\u00bb50px|||||\u00a0\u00bb global_colors_info=\u00a0\u00bb{}\u00a0\u00bb]<\/p>\n<p style=\"text-align: justify;\">Derri\u00e8re le titre provocateur de sa nouvelle s\u00e9rie (FRAGILE ) et ses encres et peintures en apparence simples, le travail de l&rsquo;artiste n\u00e9erlandaise Manuela Luchtmeijer cache un sens profond et une r\u00e9elle ma\u00eetrise du trait. Manuela raconte \u00e0 sa fa\u00e7on une histoire universelle : celle des femmes dont on loue depuis la nuit des temps la douceur, la fertilit\u00e9, la force et la beaut\u00e9.<\/p>\n<p style=\"text-align: justify;\">L\u2019encre de chine et le pinceau de calligraphie se pr\u00eatent \u00e0 merveille pour tracer, ou plut\u00f4t sugg\u00e9rer, des postures de femmes tant\u00f4t d\u00e9tendues et sensuelles, tant\u00f4t repli\u00e9es et prostr\u00e9es sur elles-m\u00eames, comme une tentative de protection contre les regards indiscrets pos\u00e9s sur leurs corps nus et exhib\u00e9s. Corps dans lesquels sont inscrits leurs histoires les plus intimes.<\/p>\n<p style=\"text-align: justify;\">L\u2019\u00e9purement du dessin pour en extraire que les lignes essentielles (une particularit\u00e9 de la peinture chinoise que Manuela s\u2019est librement appropri\u00e9e) permet un jeu entre le plein et le rien, le fantasme et le concret, le dit et le non-dit. Cette harmonie est brutalement cass\u00e9e par des grandes \u00e9tiquettes rouges coll\u00e9es n\u00e9gligemment sur ces traits si d\u00e9licatement pos\u00e9s. Ces \u00e9tiquettes sont normalement utilis\u00e9es pour des colis \u00e0 envoyer et symbolisent ainsi le c\u00f4t\u00e9 femme objet toute comme la violence malheureusement trop souvent subie par les femmes \u00e0 travers le monde.<\/p>\n<p style=\"text-align: justify;\">Ces dessins sont avant tout un hommage \u00e0 la gr\u00e2ce fragile et \u00e9mouvante de la femme parfois si vuln\u00e9rable derri\u00e8re son air solide, mine de rien.<\/p>\n<p>[\/et_pb_text][\/et_pb_column][\/et_pb_row][\/et_pb_section][et_pb_section fb_built=\u00a0\u00bb1&Prime; _builder_version=\u00a0\u00bb4.16&Prime; _module_preset=\u00a0\u00bbdefault\u00a0\u00bb custom_padding=\u00a0\u00bb0px|||||\u00a0\u00bb global_colors_info=\u00a0\u00bb{}\u00a0\u00bb][et_pb_row _builder_version=\u00a0\u00bb4.16&Prime; _module_preset=\u00a0\u00bbdefault\u00a0\u00bb custom_margin=\u00a0\u00bb0px|auto||auto||\u00a0\u00bb border_width_top=\u00a0\u00bb1px\u00a0\u00bb border_color_top=\u00a0\u00bb#dddddd\u00a0\u00bb global_colors_info=\u00a0\u00bb{}\u00a0\u00bb][et_pb_column type=\u00a0\u00bb4_4&Prime; _builder_version=\u00a0\u00bb4.16&Prime; _module_preset=\u00a0\u00bbdefault\u00a0\u00bb global_colors_info=\u00a0\u00bb{}\u00a0\u00bb][et_pb_text _builder_version=\u00a0\u00bb4.16&Prime; _module_preset=\u00a0\u00bbdefault\u00a0\u00bb text_line_height=\u00a0\u00bb1.3em\u00a0\u00bb global_colors_info=\u00a0\u00bb{}\u00a0\u00bb]<\/p>\n<p><em><strong>EXPOSITIONS<\/strong>. J&rsquo;ai eu l&rsquo;immense honneur d&rsquo;avoir \u00e9t\u00e9 s\u00e9lectionn\u00e9e pour pr\u00e9senter cette s\u00e9rie au si\u00e8ge de l&rsquo; <strong>UNESCO<\/strong> \u00e0 Paris en mars 2013 dans le cadre de la journ\u00e9e internationale de la femme en tant que repr\u00e9sentante europ\u00e9enne (avec le soutien de l&rsquo;Ambassade des Pays-Bas).\u00a0 <a href=\"https:\/\/manuelaluchtmeijer.com\/fragile-expositions\" rel=\"noreferrer\">Photos\u00a0<\/a><\/em><\/p>\n<p><em>En novembre 2014 cette s\u00e9rie a \u00e9t\u00e9 expos\u00e9e \u00e0 la<strong> Bankside Gallery \u00e0 Londres<\/strong> (\u00e0 cot\u00e9 du Tate Modern Museum).\u00a0 <a href=\"https:\/\/manuelaluchtmeijer.com\/fragile-expositions\" rel=\"noreferrer\">Photos<\/a><\/em><\/p>\n<p>[\/et_pb_text][\/et_pb_column][\/et_pb_row][\/et_pb_section][et_pb_section fb_built=\u00a0\u00bb1&Prime; _builder_version=\u00a0\u00bb4.16&Prime; custom_margin=\u00a0\u00bb-50px|||||\u00a0\u00bb custom_padding=\u00a0\u00bb0px||0px|||\u00a0\u00bb global_colors_info=\u00a0\u00bb{}\u00a0\u00bb][et_pb_row _builder_version=\u00a0\u00bb4.16&Prime; background_size=\u00a0\u00bbinitial\u00a0\u00bb background_position=\u00a0\u00bbtop_left\u00a0\u00bb background_repeat=\u00a0\u00bbrepeat\u00a0\u00bb custom_padding=\u00a0\u00bb0px|||||\u00a0\u00bb global_colors_info=\u00a0\u00bb{}\u00a0\u00bb][et_pb_column type=\u00a0\u00bb4_4&Prime; _builder_version=\u00a0\u00bb4.16&Prime; custom_padding=\u00a0\u00bb|||\u00a0\u00bb global_colors_info=\u00a0\u00bb{}\u00a0\u00bb custom_padding__hover=\u00a0\u00bb|||\u00a0\u00bb][et_pb_text _builder_version=\u00a0\u00bb4.27.4&Prime; background_size=\u00a0\u00bbinitial\u00a0\u00bb background_position=\u00a0\u00bbtop_left\u00a0\u00bb background_repeat=\u00a0\u00bbrepeat\u00a0\u00bb min_height=\u00a0\u00bb2461px\u00a0\u00bb hover_enabled=\u00a0\u00bb0&Prime; global_colors_info=\u00a0\u00bb{}\u00a0\u00bb sticky_enabled=\u00a0\u00bb0&Prime;]<\/p>\n<p style=\"text-align: center;\">ngg_shortcode_0_placeholder<br \/><!-- \/divi:imagely\/nextgen-gallery --><\/p>\n<p><!-- divi:imagely\/nextgen-gallery \/--><\/p>\n<p>[\/et_pb_text][\/et_pb_column][\/et_pb_row][\/et_pb_section][et_pb_section fb_built=\u00a0\u00bb1&Prime; _builder_version=\u00a0\u00bb4.16&Prime; _module_preset=\u00a0\u00bbdefault\u00a0\u00bb custom_padding=\u00a0\u00bb0px|||||\u00a0\u00bb global_colors_info=\u00a0\u00bb{}\u00a0\u00bb][et_pb_row _builder_version=\u00a0\u00bb4.16&Prime; _module_preset=\u00a0\u00bbdefault\u00a0\u00bb global_colors_info=\u00a0\u00bb{}\u00a0\u00bb][et_pb_column type=\u00a0\u00bb4_4&Prime; _builder_version=\u00a0\u00bb4.16&Prime; _module_preset=\u00a0\u00bbdefault\u00a0\u00bb global_colors_info=\u00a0\u00bb{}\u00a0\u00bb][et_pb_text _builder_version=\u00a0\u00bb4.16&Prime; _module_preset=\u00a0\u00bbdefault\u00a0\u00bb global_colors_info=\u00a0\u00bb{}\u00a0\u00bb]<\/p>\n<p style=\"text-align: center;\">Photos <span>\u00a92013 <\/span><a href=\"https:\/\/www.photographe-tableau-paris.com\/\">Rapha\u00eble Kriegel<\/a><\/p>\n<p>[\/et_pb_text][\/et_pb_column][\/et_pb_row][\/et_pb_section]<\/p>\n","protected":false},"excerpt":{"rendered":"<p>FRAGILE (HANDLE WITH CARE)des silhouettes\u00e0 peine trac\u00e9es\u00e9pur\u00e9esd\u00e9nud\u00e9eseffleurentsugg\u00e8rentchuchotentsubliment le vide \u00a0Derri\u00e8re le titre provocateur de sa nouvelle s\u00e9rie (FRAGILE ) et ses encres et peintures en apparence simples, le travail de l&rsquo;artiste n\u00e9erlandaise Manuela Luchtmeijer cache un sens profond et une r\u00e9elle ma\u00eetrise du trait. Manuela raconte \u00e0 sa fa\u00e7on une histoire universelle : celle des [&hellip;]<\/p>\n","protected":false},"author":1,"featured_media":0,"parent":76,"menu_order":4,"comment_status":"closed","ping_status":"closed","template":"","meta":{"_et_pb_use_builder":"on","_et_pb_old_content":"<!-- wp:imagely\/nextgen-gallery -->\n[ngg src=\"galleries\" ids=\"4\" display=\"pro_tile\"]\n<!-- \/wp:imagely\/nextgen-gallery -->\n\n<!-- wp:imagely\/nextgen-gallery \/-->","_et_gb_content_width":"1080","ngg_post_thumbnail":0,"footnotes":""},"class_list":["post-296","page","type-page","status-publish","hentry"],"yoast_head":"<!-- This site is optimized with the Yoast SEO plugin v27.3 - https:\/\/yoast.com\/product\/yoast-seo-wordpress\/ -->\n<title>FRAGILE - Manuela Luchtmeijer<\/title>\n<meta name=\"description\" content=\"Manuela Luchtmeijer est une artiste\/peintre n\u00e9erlandaise bas\u00e9e \u00e0 Paris : biographie-collections-expositions-contact.\" \/>\n<meta name=\"robots\" content=\"index, follow, max-snippet:-1, max-image-preview:large, max-video-preview:-1\" \/>\n<link rel=\"canonical\" href=\"https:\/\/manuelaluchtmeijer.com\/en\/oeuvres\/fragile\/\" \/>\n<meta property=\"og:locale\" content=\"en_US\" \/>\n<meta property=\"og:type\" content=\"article\" \/>\n<meta property=\"og:title\" content=\"FRAGILE - Manuela Luchtmeijer\" \/>\n<meta property=\"og:description\" content=\"Manuela Luchtmeijer est une artiste\/peintre n\u00e9erlandaise bas\u00e9e \u00e0 Paris : biographie-collections-expositions-contact.\" \/>\n<meta property=\"og:url\" content=\"https:\/\/manuelaluchtmeijer.com\/en\/oeuvres\/fragile\/\" \/>\n<meta property=\"og:site_name\" content=\"Manuela Luchtmeijer\" \/>\n<meta property=\"article:modified_time\" content=\"2026-03-17T11:05:43+00:00\" \/>\n<meta name=\"twitter:card\" content=\"summary_large_image\" \/>\n<meta name=\"twitter:label1\" content=\"Est. reading time\" \/>\n\t<meta name=\"twitter:data1\" content=\"4 minutes\" \/>\n<script type=\"application\/ld+json\" class=\"yoast-schema-graph\">{\"@context\":\"https:\\\/\\\/schema.org\",\"@graph\":[{\"@type\":\"WebPage\",\"@id\":\"https:\\\/\\\/manuelaluchtmeijer.com\\\/oeuvres\\\/fragile\\\/\",\"url\":\"https:\\\/\\\/manuelaluchtmeijer.com\\\/oeuvres\\\/fragile\\\/\",\"name\":\"FRAGILE - Manuela Luchtmeijer\",\"isPartOf\":{\"@id\":\"https:\\\/\\\/manuelaluchtmeijer.com\\\/#website\"},\"datePublished\":\"2021-04-09T20:46:17+00:00\",\"dateModified\":\"2026-03-17T11:05:43+00:00\",\"description\":\"Manuela Luchtmeijer est une artiste\\\/peintre n\u00e9erlandaise bas\u00e9e \u00e0 Paris : biographie-collections-expositions-contact.\",\"breadcrumb\":{\"@id\":\"https:\\\/\\\/manuelaluchtmeijer.com\\\/oeuvres\\\/fragile\\\/#breadcrumb\"},\"inLanguage\":\"en-US\",\"potentialAction\":[{\"@type\":\"ReadAction\",\"target\":[\"https:\\\/\\\/manuelaluchtmeijer.com\\\/oeuvres\\\/fragile\\\/\"]}]},{\"@type\":\"BreadcrumbList\",\"@id\":\"https:\\\/\\\/manuelaluchtmeijer.com\\\/oeuvres\\\/fragile\\\/#breadcrumb\",\"itemListElement\":[{\"@type\":\"ListItem\",\"position\":1,\"name\":\"Accueil\",\"item\":\"https:\\\/\\\/manuelaluchtmeijer.com\\\/\"},{\"@type\":\"ListItem\",\"position\":2,\"name\":\"COLLECTIONS\",\"item\":\"https:\\\/\\\/manuelaluchtmeijer.com\\\/oeuvres\\\/\"},{\"@type\":\"ListItem\",\"position\":3,\"name\":\"FRAGILE\"}]},{\"@type\":\"WebSite\",\"@id\":\"https:\\\/\\\/manuelaluchtmeijer.com\\\/#website\",\"url\":\"https:\\\/\\\/manuelaluchtmeijer.com\\\/\",\"name\":\"Manuela Luchtmeijer\",\"description\":\"artiste - plasticienne\",\"publisher\":{\"@id\":\"https:\\\/\\\/manuelaluchtmeijer.com\\\/#\\\/schema\\\/person\\\/f8c7c781339f5778d7c26efdc7d88323\"},\"potentialAction\":[{\"@type\":\"SearchAction\",\"target\":{\"@type\":\"EntryPoint\",\"urlTemplate\":\"https:\\\/\\\/manuelaluchtmeijer.com\\\/?s={search_term_string}\"},\"query-input\":{\"@type\":\"PropertyValueSpecification\",\"valueRequired\":true,\"valueName\":\"search_term_string\"}}],\"inLanguage\":\"en-US\"},{\"@type\":[\"Person\",\"Organization\"],\"@id\":\"https:\\\/\\\/manuelaluchtmeijer.com\\\/#\\\/schema\\\/person\\\/f8c7c781339f5778d7c26efdc7d88323\",\"name\":\"Atelier Manuela Luchtmeijer\",\"image\":{\"@type\":\"ImageObject\",\"inLanguage\":\"en-US\",\"@id\":\"https:\\\/\\\/i0.wp.com\\\/manuelaluchtmeijer.com\\\/wp-content\\\/uploads\\\/2020\\\/10\\\/LOGO-Manuela-Luchtmeijer-2-e1617879483252.png?fit=743%2C116&ssl=1\",\"url\":\"https:\\\/\\\/i0.wp.com\\\/manuelaluchtmeijer.com\\\/wp-content\\\/uploads\\\/2020\\\/10\\\/LOGO-Manuela-Luchtmeijer-2-e1617879483252.png?fit=743%2C116&ssl=1\",\"contentUrl\":\"https:\\\/\\\/i0.wp.com\\\/manuelaluchtmeijer.com\\\/wp-content\\\/uploads\\\/2020\\\/10\\\/LOGO-Manuela-Luchtmeijer-2-e1617879483252.png?fit=743%2C116&ssl=1\",\"width\":743,\"height\":116,\"caption\":\"Atelier Manuela Luchtmeijer\"},\"logo\":{\"@id\":\"https:\\\/\\\/i0.wp.com\\\/manuelaluchtmeijer.com\\\/wp-content\\\/uploads\\\/2020\\\/10\\\/LOGO-Manuela-Luchtmeijer-2-e1617879483252.png?fit=743%2C116&ssl=1\"}}]}<\/script>\n<!-- \/ Yoast SEO plugin. -->","yoast_head_json":{"title":"FRAGILE - Manuela Luchtmeijer","description":"Manuela Luchtmeijer est une artiste\/peintre n\u00e9erlandaise bas\u00e9e \u00e0 Paris : biographie-collections-expositions-contact.","robots":{"index":"index","follow":"follow","max-snippet":"max-snippet:-1","max-image-preview":"max-image-preview:large","max-video-preview":"max-video-preview:-1"},"canonical":"https:\/\/manuelaluchtmeijer.com\/en\/oeuvres\/fragile\/","og_locale":"en_US","og_type":"article","og_title":"FRAGILE - Manuela Luchtmeijer","og_description":"Manuela Luchtmeijer est une artiste\/peintre n\u00e9erlandaise bas\u00e9e \u00e0 Paris : biographie-collections-expositions-contact.","og_url":"https:\/\/manuelaluchtmeijer.com\/en\/oeuvres\/fragile\/","og_site_name":"Manuela Luchtmeijer","article_modified_time":"2026-03-17T11:05:43+00:00","twitter_card":"summary_large_image","twitter_misc":{"Est. reading time":"4 minutes"},"schema":{"@context":"https:\/\/schema.org","@graph":[{"@type":"WebPage","@id":"https:\/\/manuelaluchtmeijer.com\/oeuvres\/fragile\/","url":"https:\/\/manuelaluchtmeijer.com\/oeuvres\/fragile\/","name":"FRAGILE - Manuela Luchtmeijer","isPartOf":{"@id":"https:\/\/manuelaluchtmeijer.com\/#website"},"datePublished":"2021-04-09T20:46:17+00:00","dateModified":"2026-03-17T11:05:43+00:00","description":"Manuela Luchtmeijer est une artiste\/peintre n\u00e9erlandaise bas\u00e9e \u00e0 Paris : biographie-collections-expositions-contact.","breadcrumb":{"@id":"https:\/\/manuelaluchtmeijer.com\/oeuvres\/fragile\/#breadcrumb"},"inLanguage":"en-US","potentialAction":[{"@type":"ReadAction","target":["https:\/\/manuelaluchtmeijer.com\/oeuvres\/fragile\/"]}]},{"@type":"BreadcrumbList","@id":"https:\/\/manuelaluchtmeijer.com\/oeuvres\/fragile\/#breadcrumb","itemListElement":[{"@type":"ListItem","position":1,"name":"Accueil","item":"https:\/\/manuelaluchtmeijer.com\/"},{"@type":"ListItem","position":2,"name":"COLLECTIONS","item":"https:\/\/manuelaluchtmeijer.com\/oeuvres\/"},{"@type":"ListItem","position":3,"name":"FRAGILE"}]},{"@type":"WebSite","@id":"https:\/\/manuelaluchtmeijer.com\/#website","url":"https:\/\/manuelaluchtmeijer.com\/","name":"Manuela Luchtmeijer","description":"artiste - plasticienne","publisher":{"@id":"https:\/\/manuelaluchtmeijer.com\/#\/schema\/person\/f8c7c781339f5778d7c26efdc7d88323"},"potentialAction":[{"@type":"SearchAction","target":{"@type":"EntryPoint","urlTemplate":"https:\/\/manuelaluchtmeijer.com\/?s={search_term_string}"},"query-input":{"@type":"PropertyValueSpecification","valueRequired":true,"valueName":"search_term_string"}}],"inLanguage":"en-US"},{"@type":["Person","Organization"],"@id":"https:\/\/manuelaluchtmeijer.com\/#\/schema\/person\/f8c7c781339f5778d7c26efdc7d88323","name":"Atelier Manuela Luchtmeijer","image":{"@type":"ImageObject","inLanguage":"en-US","@id":"https:\/\/i0.wp.com\/manuelaluchtmeijer.com\/wp-content\/uploads\/2020\/10\/LOGO-Manuela-Luchtmeijer-2-e1617879483252.png?fit=743%2C116&ssl=1","url":"https:\/\/i0.wp.com\/manuelaluchtmeijer.com\/wp-content\/uploads\/2020\/10\/LOGO-Manuela-Luchtmeijer-2-e1617879483252.png?fit=743%2C116&ssl=1","contentUrl":"https:\/\/i0.wp.com\/manuelaluchtmeijer.com\/wp-content\/uploads\/2020\/10\/LOGO-Manuela-Luchtmeijer-2-e1617879483252.png?fit=743%2C116&ssl=1","width":743,"height":116,"caption":"Atelier Manuela Luchtmeijer"},"logo":{"@id":"https:\/\/i0.wp.com\/manuelaluchtmeijer.com\/wp-content\/uploads\/2020\/10\/LOGO-Manuela-Luchtmeijer-2-e1617879483252.png?fit=743%2C116&ssl=1"}}]}},"jetpack_sharing_enabled":true,"_links":{"self":[{"href":"https:\/\/manuelaluchtmeijer.com\/en\/wp-json\/wp\/v2\/pages\/296","targetHints":{"allow":["GET"]}}],"collection":[{"href":"https:\/\/manuelaluchtmeijer.com\/en\/wp-json\/wp\/v2\/pages"}],"about":[{"href":"https:\/\/manuelaluchtmeijer.com\/en\/wp-json\/wp\/v2\/types\/page"}],"author":[{"embeddable":true,"href":"https:\/\/manuelaluchtmeijer.com\/en\/wp-json\/wp\/v2\/users\/1"}],"replies":[{"embeddable":true,"href":"https:\/\/manuelaluchtmeijer.com\/en\/wp-json\/wp\/v2\/comments?post=296"}],"version-history":[{"count":34,"href":"https:\/\/manuelaluchtmeijer.com\/en\/wp-json\/wp\/v2\/pages\/296\/revisions"}],"predecessor-version":[{"id":2469,"href":"https:\/\/manuelaluchtmeijer.com\/en\/wp-json\/wp\/v2\/pages\/296\/revisions\/2469"}],"up":[{"embeddable":true,"href":"https:\/\/manuelaluchtmeijer.com\/en\/wp-json\/wp\/v2\/pages\/76"}],"wp:attachment":[{"href":"https:\/\/manuelaluchtmeijer.com\/en\/wp-json\/wp\/v2\/media?parent=296"}],"curies":[{"name":"wp","href":"https:\/\/api.w.org\/{rel}","templated":true}]}}