{"id":26,"date":"2020-10-22T13:35:52","date_gmt":"2020-10-22T11:35:52","guid":{"rendered":"https:\/\/manuelaluchtmeijer.com\/?page_id=26"},"modified":"2024-10-04T18:14:52","modified_gmt":"2024-10-04T16:14:52","slug":"manuela","status":"publish","type":"page","link":"https:\/\/manuelaluchtmeijer.com\/en\/manuela\/","title":{"rendered":"ARTIST"},"content":{"rendered":"<p>[et_pb_section fb_built=\u00a0\u00bb1&Prime; _builder_version=\u00a0\u00bb4.16&Prime; _module_preset=\u00a0\u00bbdefault\u00a0\u00bb width=\u00a0\u00bb100%\u00a0\u00bb custom_padding=\u00a0\u00bb|0px||||\u00a0\u00bb global_colors_info=\u00a0\u00bb{}\u00a0\u00bb][et_pb_row column_structure=\u00a0\u00bb2_5,3_5&Prime; _builder_version=\u00a0\u00bb4.21.0&Prime; _module_preset=\u00a0\u00bbdefault\u00a0\u00bb module_alignment=\u00a0\u00bbcenter\u00a0\u00bb global_colors_info=\u00a0\u00bb{}\u00a0\u00bb][et_pb_column type=\u00a0\u00bb2_5&Prime; _builder_version=\u00a0\u00bb4.16&Prime; _module_preset=\u00a0\u00bbdefault\u00a0\u00bb global_colors_info=\u00a0\u00bb{}\u00a0\u00bb][et_pb_image src=\u00a0\u00bbhttps:\/\/manuelaluchtmeijer.com\/wp-content\/uploads\/2024\/07\/Manuela-Luchtmeijer-2024-e1728058259279.png\u00a0\u00bb alt=\u00a0\u00bbManuela Luchtmeijer 2024&Prime; title_text=\u00a0\u00bbManuela Luchtmeijer 2024&Prime; _builder_version=\u00a0\u00bb4.27.0&Prime; _module_preset=\u00a0\u00bbdefault\u00a0\u00bb min_height=\u00a0\u00bb100px\u00a0\u00bb max_height=\u00a0\u00bb379px\u00a0\u00bb custom_margin=\u00a0\u00bb30px||20px||false|false\u00a0\u00bb custom_padding=\u00a0\u00bb|0px|19px|||\u00a0\u00bb filter_brightness=\u00a0\u00bb108%\u00a0\u00bb hover_enabled=\u00a0\u00bb0&Prime; global_colors_info=\u00a0\u00bb{}\u00a0\u00bb align=\u00a0\u00bbcenter\u00a0\u00bb sticky_enabled=\u00a0\u00bb0&Prime; border_radii=\u00a0\u00bbon|10px|10px|10px|10px\u00a0\u00bb][\/et_pb_image][et_pb_text _builder_version=\u00a0\u00bb4.16&Prime; _module_preset=\u00a0\u00bbdefault\u00a0\u00bb global_colors_info=\u00a0\u00bb{}\u00a0\u00bb]<\/p>\n<p><span>D\u00c9MARCHE ARTISTIQUE<\/span><\/p>\n<p>[\/et_pb_text][et_pb_text _builder_version=\u00a0\u00bb4.16&Prime; _module_preset=\u00a0\u00bbdefault\u00a0\u00bb text_line_height=\u00a0\u00bb1.5em\u00a0\u00bb custom_padding=\u00a0\u00bb||0px|||\u00a0\u00bb global_colors_info=\u00a0\u00bb{}\u00a0\u00bb]<\/p>\n<p style=\"text-align: justify;\">Dans mes cr\u00e9ations je privil\u00e9gie l\u2019\u00e9puration et la stylisation, cherchant \u00e0 ramener mon sujet \u00e0 l\u2019essentiel. Mon trait en dessin est inspir\u00e9 par la calligraphie orientale, fruit de mes ann\u00e9es d\u2019\u00e9tudes de la langue japonaise. Ma peinture, souvent pr\u00e9sent\u00e9e sous la forme d\u2019une s\u00e9rie, d\u00e9veloppe une vision tant descriptive que symbolique et imaginaire, proposant plusieurs couches de lecture, naviguant librement entre abstraction et figuration.<\/p>\n<p style=\"text-align: justify;\">Je cherche \u00e0 d\u00e9velopper un langage po\u00e9tique et alimente mon univers non seulement de mon propre v\u00e9cu et de mes r\u00eaves mais aussi en explorant les th\u00e8mes de la nature,\u00a0 la mythologie, la litt\u00e9rature, et les relations (ou les conditions) humaines.<\/p>\n<p>[\/et_pb_text][et_pb_image src=\u00a0\u00bbhttps:\/\/manuelaluchtmeijer.com\/wp-content\/uploads\/2020\/10\/Atelier-Manuela-Luchtmeijer-Paris.jpg\u00a0\u00bb title_text=\u00a0\u00bbAtelier-Manuela-Luchtmeijer Paris\u00a0\u00bb align=\u00a0\u00bbcenter\u00a0\u00bb _builder_version=\u00a0\u00bb4.27.0&Prime; _module_preset=\u00a0\u00bbdefault\u00a0\u00bb hover_enabled=\u00a0\u00bb0&Prime; global_colors_info=\u00a0\u00bb{}\u00a0\u00bb border_radii=\u00a0\u00bbon|10px|10px|10px|10px\u00a0\u00bb sticky_enabled=\u00a0\u00bb0&Prime;][\/et_pb_image][\/et_pb_column][et_pb_column type=\u00a0\u00bb3_5&Prime; _builder_version=\u00a0\u00bb4.16&Prime; _module_preset=\u00a0\u00bbdefault\u00a0\u00bb global_colors_info=\u00a0\u00bb{}\u00a0\u00bb][et_pb_text _builder_version=\u00a0\u00bb4.21.0&Prime; _module_preset=\u00a0\u00bbdefault\u00a0\u00bb text_font=\u00a0\u00bbAbel||||||||\u00a0\u00bb text_text_color=\u00a0\u00bb#000000&Prime; text_font_size=\u00a0\u00bb19px\u00a0\u00bb text_line_height=\u00a0\u00bb2em\u00a0\u00bb text_orientation=\u00a0\u00bbjustified\u00a0\u00bb width=\u00a0\u00bb100%\u00a0\u00bb global_colors_info=\u00a0\u00bb{}\u00a0\u00bb]<\/p>\n<p style=\"text-align: right;\">\u00a0MANUELA LUCHTMEIJER &#8211; peintre \/ plasticienne<\/p>\n<p>[\/et_pb_text][et_pb_text _builder_version=\u00a0\u00bb4.21.0&Prime; _module_preset=\u00a0\u00bbdefault\u00a0\u00bb text_font=\u00a0\u00bbAbel||||||||\u00a0\u00bb text_line_height=\u00a0\u00bb1.5em\u00a0\u00bb width=\u00a0\u00bb100%\u00a0\u00bb max_width=\u00a0\u00bb100%\u00a0\u00bb module_alignment=\u00a0\u00bbright\u00a0\u00bb custom_margin=\u00a0\u00bb0px|0px||0px|false|false\u00a0\u00bb custom_padding=\u00a0\u00bb|||0px|false|false\u00a0\u00bb border_radii=\u00a0\u00bbon|5px|5px|5px|5px\u00a0\u00bb global_colors_info=\u00a0\u00bb{}\u00a0\u00bb]<\/p>\n<p style=\"text-align: justify;\">Je suis n\u00e9e un dimanche matin printanier au d\u00e9but des ann\u00e9es 70 dans une petite ville de province connue pour ses moulins, aux Pays-Bas. Ma m\u00e8re aime raconter comment, tout b\u00e9b\u00e9 encore, j\u2019observais tr\u00e8s attentivement les rayons de soleil qui dansaient dans ma chambre et les jouets color\u00e9s que je tenais en l\u2019air et que je tournais silencieusement dans mes petites mains. Plus grande, j\u2019avais le nez dans les livres si je ne dessinais ou ne bricolais pas, et j\u2019ai peint mes premi\u00e8res toiles pendant mon adolescence, ayant cr\u00e9\u00e9 un petit coin atelier dans ma chambre de jeune fille. Tout \u00e9tait source de r\u00e9flexion ou support de r\u00eave durant mon enfance. Je n\u2019ai pas chang\u00e9 ; je suis de ceux qui ne s\u2019ennuient jamais.<\/p>\n<p style=\"text-align: justify;\">A l\u2019\u00e2ge de 19 ans, le bac en poche, j\u2019ai suivi mes ambitions les plus folles et j\u2019ai quitt\u00e9 mon pays natal pour m\u2019installer \u00e0 Paris. S\u2019en sont suivies quelques ann\u00e9es dures et exaltantes \u00e0 la fois ; il fallait se d\u00e9brouiller seule financi\u00e8rement tout en suivant les cours de japonais \u00e0 l\u2019INALCO et les cours du soir aux Beaux-Arts de Paris. Il m\u2019\u00e9tait impossible de choisir, les langues m\u2019ont toujours autant fascin\u00e9es que l\u2019art. J\u2019en parle plusieurs et continue \u00e0 les \u00e9tudier.<\/p>\n<p style=\"text-align: justify;\">\u00c0 cette m\u00eame \u00e9poque, j\u2019ai travaill\u00e9 5 ann\u00e9es au mus\u00e9e du Louvre comme agent d\u2019accueil pour financer mes \u00e9tudes. J\u2019ai pass\u00e9 de nombreuses pauses \u00e0 dessiner les sculptures ou faire des copies des tableaux. Aujourd\u2019hui encore, je peux visualiser des salles enti\u00e8res et nommer les \u0153uvres pr\u00e9sentes. Ces ann\u00e9es-l\u00e0 m&rsquo;ont appris \u00e0 observer et \u00e0 dessiner autrement, sous le regard de ces grands ma\u00eetres qui m\u2019ont toujours encourag\u00e9e \u00e0 faire mieux, \u00e0 r\u00e9essayer encore, tout en me faisant sentir si petite. Cela non plus n\u2019a pas chang\u00e9\u2026.<\/p>\n<p style=\"text-align: justify;\">Une fois dipl\u00f4m\u00e9e, j\u2019ai \u00e9t\u00e9 happ\u00e9e par une vie professionnelle \u00e0 toute allure dans le monde de la traduction. \u00c9tant polyglotte et assez polyvalente, on m\u2019a vite fait monter dans des postes de management\u00a0; j\u2019ai eu la chance inou\u00efe de voyager dans le monde entier et de faire des rencontres qui m\u2019inspirent encore aujourd\u2019hui.<\/p>\n<p style=\"text-align: justify;\">Mais, si j\u2019ai aim\u00e9 les d\u00e9fis de la vie professionnelle internationale, le temps pour dessiner et peindre me manquait de plus en plus. En 2005, j\u2019ai d\u00e9cid\u00e9 d\u2019\u00e9couter mon c\u0153ur et j\u2019ai d\u00e9missionn\u00e9 pour \u00eatre libre de cr\u00e9er. Il me fallait v\u00e9rifier si ce r\u00eave fou de devenir artiste \u00e0 plein temps \u00e9tait juste un r\u00eave fou, ou\u2026la vie qu&rsquo;il me fallait pour m\u2019\u00e9panouir pleinement, comme j\u2019en \u00e9tais intiment convaincue depuis toujours.<\/p>\n<p style=\"text-align: justify;\">En 2006, j\u2019ai pr\u00e9sent\u00e9 ma premi\u00e8re exposition personnelle dans une galerie \u00e0 Paris et je n\u2019ai jamais regard\u00e9 en arri\u00e8re. J\u2019expose r\u00e9guli\u00e8rement depuis, et mes \u0153uvres se trouvent aujourd\u2019hui chez des collectionneurs dans plusieurs pays. Mon atelier se trouve \u00e0 Montmartre (Paris) ou j&rsquo;excerce aussi mon deuxi\u00e8me m\u00e9tier de graphiste, mais rien ne vaut la complicit\u00e9 que je peux trouver avec mes toiles, seule dans mon monde imaginaire.<\/p>\n<p style=\"text-align: justify;\">Je cherche encore beaucoup, je me questionne sans cesse, mais jamais sur le fait que ma place dans ce monde est celle de le rendre modestement plus beau. De r\u00e9fl\u00e9chir et de faire r\u00e9fl\u00e9chir, et d\u2019essayer, trait apr\u00e8s trait, de ramener mes r\u00eaves \u00e0 la vie.<\/p>\n<p>[\/et_pb_text][\/et_pb_column][\/et_pb_row][\/et_pb_section]<\/p>\n","protected":false},"excerpt":{"rendered":"<p>D\u00c9MARCHE ARTISTIQUEDans mes cr\u00e9ations je privil\u00e9gie l\u2019\u00e9puration et la stylisation, cherchant \u00e0 ramener mon sujet \u00e0 l\u2019essentiel. Mon trait en dessin est inspir\u00e9 par la calligraphie orientale, fruit de mes ann\u00e9es d\u2019\u00e9tudes de la langue japonaise. Ma peinture, souvent pr\u00e9sent\u00e9e sous la forme d\u2019une s\u00e9rie, d\u00e9veloppe une vision tant descriptive que symbolique et imaginaire, proposant [&hellip;]<\/p>\n","protected":false},"author":1,"featured_media":0,"parent":0,"menu_order":3,"comment_status":"closed","ping_status":"closed","template":"","meta":{"_et_pb_use_builder":"on","_et_pb_old_content":"","_et_gb_content_width":"","ngg_post_thumbnail":0,"footnotes":""},"class_list":["post-26","page","type-page","status-publish","hentry"],"yoast_head":"<!-- This site is optimized with the Yoast SEO plugin v27.3 - https:\/\/yoast.com\/product\/yoast-seo-wordpress\/ -->\n<title>ARTISTE - Manuela Luchtmeijer<\/title>\n<meta name=\"description\" content=\"Manuela Luchtmeijer est une artiste\/peintre n\u00e9erlandaise bas\u00e9e \u00e0 Paris : biographie-collections-expositions-contact.\" \/>\n<meta name=\"robots\" content=\"index, follow, max-snippet:-1, max-image-preview:large, max-video-preview:-1\" \/>\n<link rel=\"canonical\" href=\"https:\/\/manuelaluchtmeijer.com\/en\/manuela\/\" \/>\n<meta property=\"og:locale\" content=\"en_US\" \/>\n<meta property=\"og:type\" content=\"article\" \/>\n<meta property=\"og:title\" content=\"ARTISTE - Manuela Luchtmeijer\" \/>\n<meta property=\"og:description\" content=\"Manuela Luchtmeijer est une artiste\/peintre n\u00e9erlandaise bas\u00e9e \u00e0 Paris : biographie-collections-expositions-contact.\" \/>\n<meta property=\"og:url\" content=\"https:\/\/manuelaluchtmeijer.com\/en\/manuela\/\" \/>\n<meta property=\"og:site_name\" content=\"Manuela Luchtmeijer\" \/>\n<meta property=\"article:modified_time\" content=\"2024-10-04T16:14:52+00:00\" \/>\n<meta name=\"twitter:card\" content=\"summary_large_image\" \/>\n<meta name=\"twitter:label1\" content=\"Est. reading time\" \/>\n\t<meta name=\"twitter:data1\" content=\"5 minutes\" \/>\n<script type=\"application\/ld+json\" class=\"yoast-schema-graph\">{\"@context\":\"https:\\\/\\\/schema.org\",\"@graph\":[{\"@type\":\"WebPage\",\"@id\":\"https:\\\/\\\/manuelaluchtmeijer.com\\\/manuela\\\/\",\"url\":\"https:\\\/\\\/manuelaluchtmeijer.com\\\/manuela\\\/\",\"name\":\"ARTISTE - Manuela Luchtmeijer\",\"isPartOf\":{\"@id\":\"https:\\\/\\\/manuelaluchtmeijer.com\\\/#website\"},\"datePublished\":\"2020-10-22T11:35:52+00:00\",\"dateModified\":\"2024-10-04T16:14:52+00:00\",\"description\":\"Manuela Luchtmeijer est une artiste\\\/peintre n\u00e9erlandaise bas\u00e9e \u00e0 Paris : biographie-collections-expositions-contact.\",\"breadcrumb\":{\"@id\":\"https:\\\/\\\/manuelaluchtmeijer.com\\\/manuela\\\/#breadcrumb\"},\"inLanguage\":\"en-US\",\"potentialAction\":[{\"@type\":\"ReadAction\",\"target\":[\"https:\\\/\\\/manuelaluchtmeijer.com\\\/manuela\\\/\"]}]},{\"@type\":\"BreadcrumbList\",\"@id\":\"https:\\\/\\\/manuelaluchtmeijer.com\\\/manuela\\\/#breadcrumb\",\"itemListElement\":[{\"@type\":\"ListItem\",\"position\":1,\"name\":\"Accueil\",\"item\":\"https:\\\/\\\/manuelaluchtmeijer.com\\\/\"},{\"@type\":\"ListItem\",\"position\":2,\"name\":\"ARTISTE\"}]},{\"@type\":\"WebSite\",\"@id\":\"https:\\\/\\\/manuelaluchtmeijer.com\\\/#website\",\"url\":\"https:\\\/\\\/manuelaluchtmeijer.com\\\/\",\"name\":\"Manuela Luchtmeijer\",\"description\":\"artiste - plasticienne\",\"publisher\":{\"@id\":\"https:\\\/\\\/manuelaluchtmeijer.com\\\/#\\\/schema\\\/person\\\/f8c7c781339f5778d7c26efdc7d88323\"},\"potentialAction\":[{\"@type\":\"SearchAction\",\"target\":{\"@type\":\"EntryPoint\",\"urlTemplate\":\"https:\\\/\\\/manuelaluchtmeijer.com\\\/?s={search_term_string}\"},\"query-input\":{\"@type\":\"PropertyValueSpecification\",\"valueRequired\":true,\"valueName\":\"search_term_string\"}}],\"inLanguage\":\"en-US\"},{\"@type\":[\"Person\",\"Organization\"],\"@id\":\"https:\\\/\\\/manuelaluchtmeijer.com\\\/#\\\/schema\\\/person\\\/f8c7c781339f5778d7c26efdc7d88323\",\"name\":\"Atelier Manuela Luchtmeijer\",\"image\":{\"@type\":\"ImageObject\",\"inLanguage\":\"en-US\",\"@id\":\"https:\\\/\\\/i0.wp.com\\\/manuelaluchtmeijer.com\\\/wp-content\\\/uploads\\\/2020\\\/10\\\/LOGO-Manuela-Luchtmeijer-2-e1617879483252.png?fit=743%2C116&ssl=1\",\"url\":\"https:\\\/\\\/i0.wp.com\\\/manuelaluchtmeijer.com\\\/wp-content\\\/uploads\\\/2020\\\/10\\\/LOGO-Manuela-Luchtmeijer-2-e1617879483252.png?fit=743%2C116&ssl=1\",\"contentUrl\":\"https:\\\/\\\/i0.wp.com\\\/manuelaluchtmeijer.com\\\/wp-content\\\/uploads\\\/2020\\\/10\\\/LOGO-Manuela-Luchtmeijer-2-e1617879483252.png?fit=743%2C116&ssl=1\",\"width\":743,\"height\":116,\"caption\":\"Atelier Manuela Luchtmeijer\"},\"logo\":{\"@id\":\"https:\\\/\\\/i0.wp.com\\\/manuelaluchtmeijer.com\\\/wp-content\\\/uploads\\\/2020\\\/10\\\/LOGO-Manuela-Luchtmeijer-2-e1617879483252.png?fit=743%2C116&ssl=1\"}}]}<\/script>\n<!-- \/ Yoast SEO plugin. -->","yoast_head_json":{"title":"ARTISTE - Manuela Luchtmeijer","description":"Manuela Luchtmeijer est une artiste\/peintre n\u00e9erlandaise bas\u00e9e \u00e0 Paris : biographie-collections-expositions-contact.","robots":{"index":"index","follow":"follow","max-snippet":"max-snippet:-1","max-image-preview":"max-image-preview:large","max-video-preview":"max-video-preview:-1"},"canonical":"https:\/\/manuelaluchtmeijer.com\/en\/manuela\/","og_locale":"en_US","og_type":"article","og_title":"ARTISTE - Manuela Luchtmeijer","og_description":"Manuela Luchtmeijer est une artiste\/peintre n\u00e9erlandaise bas\u00e9e \u00e0 Paris : biographie-collections-expositions-contact.","og_url":"https:\/\/manuelaluchtmeijer.com\/en\/manuela\/","og_site_name":"Manuela Luchtmeijer","article_modified_time":"2024-10-04T16:14:52+00:00","twitter_card":"summary_large_image","twitter_misc":{"Est. reading time":"5 minutes"},"schema":{"@context":"https:\/\/schema.org","@graph":[{"@type":"WebPage","@id":"https:\/\/manuelaluchtmeijer.com\/manuela\/","url":"https:\/\/manuelaluchtmeijer.com\/manuela\/","name":"ARTISTE - Manuela Luchtmeijer","isPartOf":{"@id":"https:\/\/manuelaluchtmeijer.com\/#website"},"datePublished":"2020-10-22T11:35:52+00:00","dateModified":"2024-10-04T16:14:52+00:00","description":"Manuela Luchtmeijer est une artiste\/peintre n\u00e9erlandaise bas\u00e9e \u00e0 Paris : biographie-collections-expositions-contact.","breadcrumb":{"@id":"https:\/\/manuelaluchtmeijer.com\/manuela\/#breadcrumb"},"inLanguage":"en-US","potentialAction":[{"@type":"ReadAction","target":["https:\/\/manuelaluchtmeijer.com\/manuela\/"]}]},{"@type":"BreadcrumbList","@id":"https:\/\/manuelaluchtmeijer.com\/manuela\/#breadcrumb","itemListElement":[{"@type":"ListItem","position":1,"name":"Accueil","item":"https:\/\/manuelaluchtmeijer.com\/"},{"@type":"ListItem","position":2,"name":"ARTISTE"}]},{"@type":"WebSite","@id":"https:\/\/manuelaluchtmeijer.com\/#website","url":"https:\/\/manuelaluchtmeijer.com\/","name":"Manuela Luchtmeijer","description":"artiste - plasticienne","publisher":{"@id":"https:\/\/manuelaluchtmeijer.com\/#\/schema\/person\/f8c7c781339f5778d7c26efdc7d88323"},"potentialAction":[{"@type":"SearchAction","target":{"@type":"EntryPoint","urlTemplate":"https:\/\/manuelaluchtmeijer.com\/?s={search_term_string}"},"query-input":{"@type":"PropertyValueSpecification","valueRequired":true,"valueName":"search_term_string"}}],"inLanguage":"en-US"},{"@type":["Person","Organization"],"@id":"https:\/\/manuelaluchtmeijer.com\/#\/schema\/person\/f8c7c781339f5778d7c26efdc7d88323","name":"Atelier Manuela Luchtmeijer","image":{"@type":"ImageObject","inLanguage":"en-US","@id":"https:\/\/i0.wp.com\/manuelaluchtmeijer.com\/wp-content\/uploads\/2020\/10\/LOGO-Manuela-Luchtmeijer-2-e1617879483252.png?fit=743%2C116&ssl=1","url":"https:\/\/i0.wp.com\/manuelaluchtmeijer.com\/wp-content\/uploads\/2020\/10\/LOGO-Manuela-Luchtmeijer-2-e1617879483252.png?fit=743%2C116&ssl=1","contentUrl":"https:\/\/i0.wp.com\/manuelaluchtmeijer.com\/wp-content\/uploads\/2020\/10\/LOGO-Manuela-Luchtmeijer-2-e1617879483252.png?fit=743%2C116&ssl=1","width":743,"height":116,"caption":"Atelier Manuela Luchtmeijer"},"logo":{"@id":"https:\/\/i0.wp.com\/manuelaluchtmeijer.com\/wp-content\/uploads\/2020\/10\/LOGO-Manuela-Luchtmeijer-2-e1617879483252.png?fit=743%2C116&ssl=1"}}]}},"jetpack_sharing_enabled":true,"_links":{"self":[{"href":"https:\/\/manuelaluchtmeijer.com\/en\/wp-json\/wp\/v2\/pages\/26","targetHints":{"allow":["GET"]}}],"collection":[{"href":"https:\/\/manuelaluchtmeijer.com\/en\/wp-json\/wp\/v2\/pages"}],"about":[{"href":"https:\/\/manuelaluchtmeijer.com\/en\/wp-json\/wp\/v2\/types\/page"}],"author":[{"embeddable":true,"href":"https:\/\/manuelaluchtmeijer.com\/en\/wp-json\/wp\/v2\/users\/1"}],"replies":[{"embeddable":true,"href":"https:\/\/manuelaluchtmeijer.com\/en\/wp-json\/wp\/v2\/comments?post=26"}],"version-history":[{"count":57,"href":"https:\/\/manuelaluchtmeijer.com\/en\/wp-json\/wp\/v2\/pages\/26\/revisions"}],"predecessor-version":[{"id":2171,"href":"https:\/\/manuelaluchtmeijer.com\/en\/wp-json\/wp\/v2\/pages\/26\/revisions\/2171"}],"wp:attachment":[{"href":"https:\/\/manuelaluchtmeijer.com\/en\/wp-json\/wp\/v2\/media?parent=26"}],"curies":[{"name":"wp","href":"https:\/\/api.w.org\/{rel}","templated":true}]}}