{"id":1614,"date":"2022-12-06T18:01:39","date_gmt":"2022-12-06T17:01:39","guid":{"rendered":"https:\/\/manuelaluchtmeijer.com\/?page_id=1614"},"modified":"2022-12-10T12:02:02","modified_gmt":"2022-12-10T11:02:02","slug":"noel-2022","status":"publish","type":"page","link":"https:\/\/manuelaluchtmeijer.com\/en\/expos\/noel-2022\/","title":{"rendered":"CHRISTMAS 2022"},"content":{"rendered":"<figure class=\"wp-block-image aligncenter size-large\"><img data-recalc-dims=\"1\" decoding=\"async\" src=\"https:\/\/i0.wp.com\/manuelaluchtmeijer.com\/wp-content\/uploads\/2022\/12\/Expo-vente-Noel-invitation.jpg?w=1080&#038;ssl=1\" alt=\"\" class=\"wp-image-1707\"\/><\/figure>\n\n\n\n<hr class=\"wp-block-separator has-css-opacity\"\/>\n\n\n\n<p><mark style=\"background-color:rgba(0, 0, 0, 0)\" class=\"has-inline-color has-white-color\">ggg<\/mark><\/p>\n\n\n\n<h3 class=\"has-text-align-center wp-block-heading\">JEAN-CLAUDE N&rsquo;DIAYE &#8211; invit\u00e9 \u00e0 la galerie\/atelier<\/h3>\n\n\n\n<p><\/p>\n\n\n\nngg_shortcode_0_placeholder\n\n\n\n<h5 class=\"has-text-align-center wp-block-heading\"><em>Collection No\u00ebl (exemples &#8211; vous trouverez d&rsquo;autres variantes \u00e0 la galerie)<\/em><\/h5>\n<\/br>\n\n\n\n<p><\/p>\n\n\n\n<p><\/p>\n\n\n\n<p><\/p>\n\n\n\n<figure class=\"wp-block-image alignright size-large is-resized\"><img data-recalc-dims=\"1\" loading=\"lazy\" decoding=\"async\" src=\"https:\/\/i0.wp.com\/manuelaluchtmeijer.com\/wp-content\/uploads\/2022\/12\/JDC3.jpg?resize=316%2C332&#038;ssl=1\" alt=\"\" class=\"wp-image-1635\" width=\"316\" height=\"332\"\/><figcaption class=\"wp-element-caption\">Jean-Claude N&rsquo;Diaye<\/figcaption><\/figure>\n\n\n\n<p><strong>COMPOSITIONS V\u00c9G\u00c9TALES<\/strong> &#8211; Jean-Claude N\u2019Diaye<\/p>\n\n\n\n<p><em>\u00ab&nbsp;Je suis n\u00e9 en 1952 et j\u2019ai grandi \u00e0 la lumi\u00e8re incandescente des ampoules \u00e0 filament, aujourd\u2019hui reform\u00e9es au profit des lampes halog\u00e8nes moins gourmandes en \u00e9nergie. J\u2019ai eu l\u2019id\u00e9e de leur donner une seconde vie en cr\u00e9ant de la lumi\u00e8re avec du v\u00e9g\u00e9tal. Tant\u00f4t vase \u00e0 suspendre ou \u00e0 poser, avec des fleurs coup\u00e9es&nbsp;(rose, tournesol, marguerite), tant\u00f4t vase \u00e0 boutures (chlorophytom, menthe, coleus, mis\u00e8re\u2026.).<\/em><\/p>\n\n\n\n<p><em>Je suis en recherche continuelle pour optimiser l\u2019esth\u00e9tique du v\u00e9g\u00e9tal par rapport \u00e0 la forme et la transparence de l\u2019ampoule, laissant les racines des plantes apparent dans l\u2019eau.<\/em><\/p>\n\n\n\n<p><em>Je recycle <\/em><em>\u00e9galement <\/em><em>d\u2019autres objets en les v\u00e9g\u00e9talisant&nbsp;comme des th\u00e9i\u00e8res, casseroles, bo\u00eetes de conserves, balles de tennis, chaussures et galets.&nbsp;\u00bb&nbsp;<\/em><\/p>\n\n\n\n<p>Les compositions suspendues et pos\u00e9es dans l\u2019atelier vont de 15 \u00e0 30 \u20ac.<\/p>\n\n\n\n<p><strong>\u00c9galement sur commande&nbsp;: &nbsp;t\u00e9l. 06 09 44 73 88&nbsp;<\/strong><\/p>\n\n\n<p><\/p>\n\n\n<p><mark style=\"background-color:rgba(0, 0, 0, 0)\" class=\"has-inline-color has-white-color\">espace<\/mark><\/p>\n\n\n\n<p><\/p>\n\n\n\n<p><\/p>\n\n\n\n<h5 class=\"has-text-align-center wp-block-heading\"><em>Compositions diverses<\/em><\/h5>\n\n\n\nngg_shortcode_1_placeholder\n\n\n\n<hr class=\"wp-block-separator has-css-opacity\"\/>\n\n\n\n<p><mark style=\"background-color:rgba(0, 0, 0, 0)\" class=\"has-inline-color has-white-color\">espace<\/mark><\/p>","protected":false},"excerpt":{"rendered":"<p>ggg JEAN-CLAUDE N&rsquo;DIAYE &#8211; invit\u00e9 \u00e0 la galerie\/atelier Collection No\u00ebl (exemples &#8211; vous trouverez d&rsquo;autres variantes \u00e0 la galerie) COMPOSITIONS V\u00c9G\u00c9TALES &#8211; Jean-Claude N\u2019Diaye \u00ab&nbsp;Je suis n\u00e9 en 1952 et j\u2019ai grandi \u00e0 la lumi\u00e8re incandescente des ampoules \u00e0 filament, aujourd\u2019hui reform\u00e9es au profit des lampes halog\u00e8nes moins gourmandes en \u00e9nergie. J\u2019ai eu l\u2019id\u00e9e de [&hellip;]<\/p>\n","protected":false},"author":1,"featured_media":0,"parent":78,"menu_order":1,"comment_status":"closed","ping_status":"closed","template":"","meta":{"_et_pb_use_builder":"off","_et_pb_old_content":"<!-- wp:image {\"align\":\"center\",\"id\":1707,\"sizeSlug\":\"large\",\"linkDestination\":\"none\"} -->\n<div class=\"wp-block-image\"><figure class=\"aligncenter size-large\"><img src=\"https:\/\/manuelaluchtmeijer.com\/wp-content\/uploads\/2022\/12\/Expo-vente-Noel-invitation.jpg\" alt=\"\" class=\"wp-image-1707\"\/><\/figure><\/div>\n<!-- \/wp:image -->\n\n<!-- wp:separator -->\n<hr class=\"wp-block-separator\"\/>\n<!-- \/wp:separator -->\n\n<!-- wp:paragraph -->\n<p><span class=\"has-inline-color has-white-color\">ggg<\/span><\/p>\n<!-- \/wp:paragraph -->\n\n<!-- wp:heading {\"textAlign\":\"center\",\"level\":3} -->\n<h3 class=\"has-text-align-center\">JEAN-CLAUDE N'DIAYE - invit\u00e9 \u00e0 la galerie\/atelier<\/h3>\n<!-- \/wp:heading -->\n\n<!-- wp:paragraph -->\n<p><\/p>\n<!-- \/wp:paragraph -->\n\n<!-- wp:imagely\/nextgen-gallery -->\n[ngg src=\"galleries\" ids=\"14\" display=\"pro_tile\"]\n<!-- \/wp:imagely\/nextgen-gallery -->\n\n<!-- wp:heading {\"textAlign\":\"center\",\"level\":5} -->\n<h5 class=\"has-text-align-center\"><em>Collection No\u00ebl (exemples - vous trouverez d'autres variantes \u00e0 la galerie)<\/em><\/h5>\n<!-- \/wp:heading -->\n\n<!-- wp:paragraph -->\n<p><\/p>\n<!-- \/wp:paragraph -->\n\n<!-- wp:image {\"align\":\"right\",\"id\":1635,\"width\":316,\"height\":332,\"sizeSlug\":\"large\",\"linkDestination\":\"none\"} -->\n<div class=\"wp-block-image\"><figure class=\"alignright size-large is-resized\"><img src=\"https:\/\/manuelaluchtmeijer.com\/wp-content\/uploads\/2022\/12\/JDC3.jpg\" alt=\"\" class=\"wp-image-1635\" width=\"316\" height=\"332\"\/><figcaption>Jean-Claude N'Diaye<\/figcaption><\/figure><\/div>\n<!-- \/wp:image -->\n\n<!-- wp:paragraph -->\n<p><strong>COMPOSITIONS V\u00c9G\u00c9TALES<\/strong> - Jean-Claude N\u2019Diaye<\/p>\n<!-- \/wp:paragraph -->\n\n<!-- wp:paragraph -->\n<p><em>\u00ab&nbsp;Je suis n\u00e9 en 1952 et j\u2019ai grandi \u00e0 la lumi\u00e8re incandescente des ampoules \u00e0 filament, aujourd\u2019hui reform\u00e9es au profit des lampes halog\u00e8nes moins gourmandes en \u00e9nergie. J\u2019ai eu l\u2019id\u00e9e de leur donner une seconde vie en cr\u00e9ant de la lumi\u00e8re avec du v\u00e9g\u00e9tal. Tant\u00f4t vase \u00e0 suspendre ou \u00e0 poser, avec des fleurs coup\u00e9es&nbsp;(rose, tournesol, marguerite), tant\u00f4t vase \u00e0 boutures (chlorophytom, menthe, coleus, mis\u00e8re\u2026.).<\/em><\/p>\n<!-- \/wp:paragraph -->\n\n<!-- wp:paragraph -->\n<p><em>Je suis en recherche continuelle pour optimiser l\u2019esth\u00e9tique du v\u00e9g\u00e9tal par rapport \u00e0 la forme et la transparence de l\u2019ampoule, laissant les racines des plantes apparent dans l\u2019eau.<\/em><\/p>\n<!-- \/wp:paragraph -->\n\n<!-- wp:paragraph -->\n<p><em>Je recycle <\/em><em>\u00e9galement <\/em><em>d\u2019autres objets en les v\u00e9g\u00e9talisant&nbsp;comme des th\u00e9i\u00e8res, casseroles, bo\u00eetes de conserves, balles de tennis, chaussures et galets.&nbsp;\u00bb&nbsp;<\/em><\/p>\n<!-- \/wp:paragraph -->\n\n<!-- wp:paragraph -->\n<p>Les compositions suspendues et pos\u00e9es dans l\u2019atelier vont de 15 \u00e0 30 \u20ac.<\/p>\n<!-- \/wp:paragraph -->\n\n<!-- wp:paragraph -->\n<p><strong>\u00c9galement sur commande&nbsp;: &nbsp;t\u00e9l. 06 09 44 73 88&nbsp;<\/strong><\/p>\n<!-- \/wp:paragraph -->\n\n<!-- wp:paragraph -->\n<p><span class=\"has-inline-color has-white-color\">espace<\/span><\/p>\n<!-- \/wp:paragraph -->\n\n<!-- wp:heading {\"textAlign\":\"center\",\"level\":5} -->\n<h5 class=\"has-text-align-center\"><em>Compositions diverses<\/em><\/h5>\n<!-- \/wp:heading -->\n\n<!-- wp:imagely\/nextgen-gallery -->\n[ngg src=\"galleries\" ids=\"15\" display=\"pro_horizontal_filmstrip\" width=\"75\" thumbnail_width=\"100\" thumbnail_height=\"80\"]\n<!-- \/wp:imagely\/nextgen-gallery -->\n\n<!-- wp:separator -->\n<hr class=\"wp-block-separator\"\/>\n<!-- \/wp:separator -->\n\n<!-- wp:paragraph -->\n<p><span class=\"has-inline-color has-white-color\">espace<\/span><\/p>\n<!-- \/wp:paragraph -->","_et_gb_content_width":"1080","ngg_post_thumbnail":0,"footnotes":""},"class_list":["post-1614","page","type-page","status-publish","hentry"],"yoast_head":"<!-- This site is optimized with the Yoast SEO plugin v27.3 - https:\/\/yoast.com\/product\/yoast-seo-wordpress\/ -->\n<title>NO\u00cbL 2022 - Manuela Luchtmeijer<\/title>\n<meta name=\"description\" content=\"Manuela Luchtmeijer est une artiste\/peintre n\u00e9erlandaise bas\u00e9e \u00e0 Paris : biographie-collections-expositions-contact.\" \/>\n<meta name=\"robots\" content=\"index, follow, max-snippet:-1, max-image-preview:large, max-video-preview:-1\" \/>\n<link rel=\"canonical\" href=\"https:\/\/manuelaluchtmeijer.com\/en\/expos\/noel-2022\/\" \/>\n<meta property=\"og:locale\" content=\"en_US\" \/>\n<meta property=\"og:type\" content=\"article\" \/>\n<meta property=\"og:title\" content=\"NO\u00cbL 2022 - Manuela Luchtmeijer\" \/>\n<meta property=\"og:description\" content=\"Manuela Luchtmeijer est une artiste\/peintre n\u00e9erlandaise bas\u00e9e \u00e0 Paris : biographie-collections-expositions-contact.\" \/>\n<meta property=\"og:url\" content=\"https:\/\/manuelaluchtmeijer.com\/en\/expos\/noel-2022\/\" \/>\n<meta property=\"og:site_name\" content=\"Manuela Luchtmeijer\" \/>\n<meta property=\"article:modified_time\" content=\"2022-12-10T11:02:02+00:00\" \/>\n<meta property=\"og:image\" content=\"https:\/\/manuelaluchtmeijer.com\/wp-content\/uploads\/2022\/12\/Expo-vente-Noel-invitation.jpg\" \/>\n<meta name=\"twitter:card\" content=\"summary_large_image\" \/>\n<meta name=\"twitter:label1\" content=\"Est. reading time\" \/>\n\t<meta name=\"twitter:data1\" content=\"2 minutes\" \/>\n<script type=\"application\/ld+json\" class=\"yoast-schema-graph\">{\"@context\":\"https:\\\/\\\/schema.org\",\"@graph\":[{\"@type\":\"WebPage\",\"@id\":\"https:\\\/\\\/manuelaluchtmeijer.com\\\/expos\\\/noel-2022\\\/\",\"url\":\"https:\\\/\\\/manuelaluchtmeijer.com\\\/expos\\\/noel-2022\\\/\",\"name\":\"NO\u00cbL 2022 - Manuela Luchtmeijer\",\"isPartOf\":{\"@id\":\"https:\\\/\\\/manuelaluchtmeijer.com\\\/#website\"},\"primaryImageOfPage\":{\"@id\":\"https:\\\/\\\/manuelaluchtmeijer.com\\\/expos\\\/noel-2022\\\/#primaryimage\"},\"image\":{\"@id\":\"https:\\\/\\\/manuelaluchtmeijer.com\\\/expos\\\/noel-2022\\\/#primaryimage\"},\"thumbnailUrl\":\"https:\\\/\\\/manuelaluchtmeijer.com\\\/wp-content\\\/uploads\\\/2022\\\/12\\\/Expo-vente-Noel-invitation.jpg\",\"datePublished\":\"2022-12-06T17:01:39+00:00\",\"dateModified\":\"2022-12-10T11:02:02+00:00\",\"description\":\"Manuela Luchtmeijer est une artiste\\\/peintre n\u00e9erlandaise bas\u00e9e \u00e0 Paris : biographie-collections-expositions-contact.\",\"breadcrumb\":{\"@id\":\"https:\\\/\\\/manuelaluchtmeijer.com\\\/expos\\\/noel-2022\\\/#breadcrumb\"},\"inLanguage\":\"en-US\",\"potentialAction\":[{\"@type\":\"ReadAction\",\"target\":[\"https:\\\/\\\/manuelaluchtmeijer.com\\\/expos\\\/noel-2022\\\/\"]}]},{\"@type\":\"ImageObject\",\"inLanguage\":\"en-US\",\"@id\":\"https:\\\/\\\/manuelaluchtmeijer.com\\\/expos\\\/noel-2022\\\/#primaryimage\",\"url\":\"https:\\\/\\\/manuelaluchtmeijer.com\\\/wp-content\\\/uploads\\\/2022\\\/12\\\/Expo-vente-Noel-invitation.jpg\",\"contentUrl\":\"https:\\\/\\\/manuelaluchtmeijer.com\\\/wp-content\\\/uploads\\\/2022\\\/12\\\/Expo-vente-Noel-invitation.jpg\"},{\"@type\":\"BreadcrumbList\",\"@id\":\"https:\\\/\\\/manuelaluchtmeijer.com\\\/expos\\\/noel-2022\\\/#breadcrumb\",\"itemListElement\":[{\"@type\":\"ListItem\",\"position\":1,\"name\":\"Accueil\",\"item\":\"https:\\\/\\\/manuelaluchtmeijer.com\\\/\"},{\"@type\":\"ListItem\",\"position\":2,\"name\":\"EXPOS\",\"item\":\"https:\\\/\\\/manuelaluchtmeijer.com\\\/expos\\\/\"},{\"@type\":\"ListItem\",\"position\":3,\"name\":\"NO\u00cbL 2022\"}]},{\"@type\":\"WebSite\",\"@id\":\"https:\\\/\\\/manuelaluchtmeijer.com\\\/#website\",\"url\":\"https:\\\/\\\/manuelaluchtmeijer.com\\\/\",\"name\":\"Manuela Luchtmeijer\",\"description\":\"artiste - plasticienne\",\"publisher\":{\"@id\":\"https:\\\/\\\/manuelaluchtmeijer.com\\\/#\\\/schema\\\/person\\\/f8c7c781339f5778d7c26efdc7d88323\"},\"potentialAction\":[{\"@type\":\"SearchAction\",\"target\":{\"@type\":\"EntryPoint\",\"urlTemplate\":\"https:\\\/\\\/manuelaluchtmeijer.com\\\/?s={search_term_string}\"},\"query-input\":{\"@type\":\"PropertyValueSpecification\",\"valueRequired\":true,\"valueName\":\"search_term_string\"}}],\"inLanguage\":\"en-US\"},{\"@type\":[\"Person\",\"Organization\"],\"@id\":\"https:\\\/\\\/manuelaluchtmeijer.com\\\/#\\\/schema\\\/person\\\/f8c7c781339f5778d7c26efdc7d88323\",\"name\":\"Atelier Manuela Luchtmeijer\",\"image\":{\"@type\":\"ImageObject\",\"inLanguage\":\"en-US\",\"@id\":\"https:\\\/\\\/i0.wp.com\\\/manuelaluchtmeijer.com\\\/wp-content\\\/uploads\\\/2020\\\/10\\\/LOGO-Manuela-Luchtmeijer-2-e1617879483252.png?fit=743%2C116&ssl=1\",\"url\":\"https:\\\/\\\/i0.wp.com\\\/manuelaluchtmeijer.com\\\/wp-content\\\/uploads\\\/2020\\\/10\\\/LOGO-Manuela-Luchtmeijer-2-e1617879483252.png?fit=743%2C116&ssl=1\",\"contentUrl\":\"https:\\\/\\\/i0.wp.com\\\/manuelaluchtmeijer.com\\\/wp-content\\\/uploads\\\/2020\\\/10\\\/LOGO-Manuela-Luchtmeijer-2-e1617879483252.png?fit=743%2C116&ssl=1\",\"width\":743,\"height\":116,\"caption\":\"Atelier Manuela Luchtmeijer\"},\"logo\":{\"@id\":\"https:\\\/\\\/i0.wp.com\\\/manuelaluchtmeijer.com\\\/wp-content\\\/uploads\\\/2020\\\/10\\\/LOGO-Manuela-Luchtmeijer-2-e1617879483252.png?fit=743%2C116&ssl=1\"}}]}<\/script>\n<!-- \/ Yoast SEO plugin. -->","yoast_head_json":{"title":"NO\u00cbL 2022 - Manuela Luchtmeijer","description":"Manuela Luchtmeijer est une artiste\/peintre n\u00e9erlandaise bas\u00e9e \u00e0 Paris : biographie-collections-expositions-contact.","robots":{"index":"index","follow":"follow","max-snippet":"max-snippet:-1","max-image-preview":"max-image-preview:large","max-video-preview":"max-video-preview:-1"},"canonical":"https:\/\/manuelaluchtmeijer.com\/en\/expos\/noel-2022\/","og_locale":"en_US","og_type":"article","og_title":"NO\u00cbL 2022 - Manuela Luchtmeijer","og_description":"Manuela Luchtmeijer est une artiste\/peintre n\u00e9erlandaise bas\u00e9e \u00e0 Paris : biographie-collections-expositions-contact.","og_url":"https:\/\/manuelaluchtmeijer.com\/en\/expos\/noel-2022\/","og_site_name":"Manuela Luchtmeijer","article_modified_time":"2022-12-10T11:02:02+00:00","og_image":[{"url":"https:\/\/manuelaluchtmeijer.com\/wp-content\/uploads\/2022\/12\/Expo-vente-Noel-invitation.jpg","type":"","width":"","height":""}],"twitter_card":"summary_large_image","twitter_misc":{"Est. reading time":"2 minutes"},"schema":{"@context":"https:\/\/schema.org","@graph":[{"@type":"WebPage","@id":"https:\/\/manuelaluchtmeijer.com\/expos\/noel-2022\/","url":"https:\/\/manuelaluchtmeijer.com\/expos\/noel-2022\/","name":"NO\u00cbL 2022 - Manuela Luchtmeijer","isPartOf":{"@id":"https:\/\/manuelaluchtmeijer.com\/#website"},"primaryImageOfPage":{"@id":"https:\/\/manuelaluchtmeijer.com\/expos\/noel-2022\/#primaryimage"},"image":{"@id":"https:\/\/manuelaluchtmeijer.com\/expos\/noel-2022\/#primaryimage"},"thumbnailUrl":"https:\/\/manuelaluchtmeijer.com\/wp-content\/uploads\/2022\/12\/Expo-vente-Noel-invitation.jpg","datePublished":"2022-12-06T17:01:39+00:00","dateModified":"2022-12-10T11:02:02+00:00","description":"Manuela Luchtmeijer est une artiste\/peintre n\u00e9erlandaise bas\u00e9e \u00e0 Paris : biographie-collections-expositions-contact.","breadcrumb":{"@id":"https:\/\/manuelaluchtmeijer.com\/expos\/noel-2022\/#breadcrumb"},"inLanguage":"en-US","potentialAction":[{"@type":"ReadAction","target":["https:\/\/manuelaluchtmeijer.com\/expos\/noel-2022\/"]}]},{"@type":"ImageObject","inLanguage":"en-US","@id":"https:\/\/manuelaluchtmeijer.com\/expos\/noel-2022\/#primaryimage","url":"https:\/\/manuelaluchtmeijer.com\/wp-content\/uploads\/2022\/12\/Expo-vente-Noel-invitation.jpg","contentUrl":"https:\/\/manuelaluchtmeijer.com\/wp-content\/uploads\/2022\/12\/Expo-vente-Noel-invitation.jpg"},{"@type":"BreadcrumbList","@id":"https:\/\/manuelaluchtmeijer.com\/expos\/noel-2022\/#breadcrumb","itemListElement":[{"@type":"ListItem","position":1,"name":"Accueil","item":"https:\/\/manuelaluchtmeijer.com\/"},{"@type":"ListItem","position":2,"name":"EXPOS","item":"https:\/\/manuelaluchtmeijer.com\/expos\/"},{"@type":"ListItem","position":3,"name":"NO\u00cbL 2022"}]},{"@type":"WebSite","@id":"https:\/\/manuelaluchtmeijer.com\/#website","url":"https:\/\/manuelaluchtmeijer.com\/","name":"Manuela Luchtmeijer","description":"artiste - plasticienne","publisher":{"@id":"https:\/\/manuelaluchtmeijer.com\/#\/schema\/person\/f8c7c781339f5778d7c26efdc7d88323"},"potentialAction":[{"@type":"SearchAction","target":{"@type":"EntryPoint","urlTemplate":"https:\/\/manuelaluchtmeijer.com\/?s={search_term_string}"},"query-input":{"@type":"PropertyValueSpecification","valueRequired":true,"valueName":"search_term_string"}}],"inLanguage":"en-US"},{"@type":["Person","Organization"],"@id":"https:\/\/manuelaluchtmeijer.com\/#\/schema\/person\/f8c7c781339f5778d7c26efdc7d88323","name":"Atelier Manuela Luchtmeijer","image":{"@type":"ImageObject","inLanguage":"en-US","@id":"https:\/\/i0.wp.com\/manuelaluchtmeijer.com\/wp-content\/uploads\/2020\/10\/LOGO-Manuela-Luchtmeijer-2-e1617879483252.png?fit=743%2C116&ssl=1","url":"https:\/\/i0.wp.com\/manuelaluchtmeijer.com\/wp-content\/uploads\/2020\/10\/LOGO-Manuela-Luchtmeijer-2-e1617879483252.png?fit=743%2C116&ssl=1","contentUrl":"https:\/\/i0.wp.com\/manuelaluchtmeijer.com\/wp-content\/uploads\/2020\/10\/LOGO-Manuela-Luchtmeijer-2-e1617879483252.png?fit=743%2C116&ssl=1","width":743,"height":116,"caption":"Atelier Manuela Luchtmeijer"},"logo":{"@id":"https:\/\/i0.wp.com\/manuelaluchtmeijer.com\/wp-content\/uploads\/2020\/10\/LOGO-Manuela-Luchtmeijer-2-e1617879483252.png?fit=743%2C116&ssl=1"}}]}},"jetpack_sharing_enabled":true,"_links":{"self":[{"href":"https:\/\/manuelaluchtmeijer.com\/en\/wp-json\/wp\/v2\/pages\/1614","targetHints":{"allow":["GET"]}}],"collection":[{"href":"https:\/\/manuelaluchtmeijer.com\/en\/wp-json\/wp\/v2\/pages"}],"about":[{"href":"https:\/\/manuelaluchtmeijer.com\/en\/wp-json\/wp\/v2\/types\/page"}],"author":[{"embeddable":true,"href":"https:\/\/manuelaluchtmeijer.com\/en\/wp-json\/wp\/v2\/users\/1"}],"replies":[{"embeddable":true,"href":"https:\/\/manuelaluchtmeijer.com\/en\/wp-json\/wp\/v2\/comments?post=1614"}],"version-history":[{"count":36,"href":"https:\/\/manuelaluchtmeijer.com\/en\/wp-json\/wp\/v2\/pages\/1614\/revisions"}],"predecessor-version":[{"id":1728,"href":"https:\/\/manuelaluchtmeijer.com\/en\/wp-json\/wp\/v2\/pages\/1614\/revisions\/1728"}],"up":[{"embeddable":true,"href":"https:\/\/manuelaluchtmeijer.com\/en\/wp-json\/wp\/v2\/pages\/78"}],"wp:attachment":[{"href":"https:\/\/manuelaluchtmeijer.com\/en\/wp-json\/wp\/v2\/media?parent=1614"}],"curies":[{"name":"wp","href":"https:\/\/api.w.org\/{rel}","templated":true}]}}