{"id":1068,"date":"2021-04-27T16:35:05","date_gmt":"2021-04-27T14:35:05","guid":{"rendered":"https:\/\/manuelaluchtmeijer.com\/mon-compte\/"},"modified":"2021-04-27T16:35:05","modified_gmt":"2021-04-27T14:35:05","slug":"mon-compte","status":"publish","type":"page","link":"https:\/\/manuelaluchtmeijer.com\/en\/mon-compte\/","title":{"rendered":"Mon compte"},"content":{"rendered":"<div class=\"woocommerce\"><\/div>","protected":false},"excerpt":{"rendered":"","protected":false},"author":1,"featured_media":0,"parent":0,"menu_order":0,"comment_status":"closed","ping_status":"closed","template":"","meta":{"_et_pb_use_builder":"","_et_pb_old_content":"","_et_gb_content_width":"","ngg_post_thumbnail":0,"footnotes":""},"class_list":["post-1068","page","type-page","status-publish","hentry"],"yoast_head":"<!-- This site is optimized with the Yoast SEO plugin v27.4 - https:\/\/yoast.com\/product\/yoast-seo-wordpress\/ -->\n<title>Mon compte - Manuela Luchtmeijer<\/title>\n<meta name=\"description\" content=\"Manuela Luchtmeijer est une artiste\/peintre n\u00e9erlandaise bas\u00e9e \u00e0 Paris : biographie-collections-expositions-contact.\" \/>\n<meta name=\"robots\" content=\"index, follow, max-snippet:-1, max-image-preview:large, max-video-preview:-1\" \/>\n<link rel=\"canonical\" href=\"https:\/\/manuelaluchtmeijer.com\/en\/mon-compte\/\" \/>\n<meta property=\"og:locale\" content=\"en_US\" \/>\n<meta property=\"og:type\" content=\"article\" \/>\n<meta property=\"og:title\" content=\"Mon compte - Manuela Luchtmeijer\" \/>\n<meta property=\"og:description\" content=\"Manuela Luchtmeijer est une artiste\/peintre n\u00e9erlandaise bas\u00e9e \u00e0 Paris : biographie-collections-expositions-contact.\" \/>\n<meta property=\"og:url\" content=\"https:\/\/manuelaluchtmeijer.com\/en\/mon-compte\/\" \/>\n<meta property=\"og:site_name\" content=\"Manuela Luchtmeijer\" \/>\n<meta name=\"twitter:card\" content=\"summary_large_image\" \/>\n<script type=\"application\/ld+json\" class=\"yoast-schema-graph\">{\"@context\":\"https:\\\/\\\/schema.org\",\"@graph\":[{\"@type\":\"WebPage\",\"@id\":\"https:\\\/\\\/manuelaluchtmeijer.com\\\/mon-compte\\\/\",\"url\":\"https:\\\/\\\/manuelaluchtmeijer.com\\\/mon-compte\\\/\",\"name\":\"Mon compte - Manuela Luchtmeijer\",\"isPartOf\":{\"@id\":\"https:\\\/\\\/manuelaluchtmeijer.com\\\/#website\"},\"datePublished\":\"2021-04-27T14:35:05+00:00\",\"description\":\"Manuela Luchtmeijer est une artiste\\\/peintre n\u00e9erlandaise bas\u00e9e \u00e0 Paris : biographie-collections-expositions-contact.\",\"breadcrumb\":{\"@id\":\"https:\\\/\\\/manuelaluchtmeijer.com\\\/mon-compte\\\/#breadcrumb\"},\"inLanguage\":\"en-US\",\"potentialAction\":[{\"@type\":\"ReadAction\",\"target\":[\"https:\\\/\\\/manuelaluchtmeijer.com\\\/mon-compte\\\/\"]}]},{\"@type\":\"BreadcrumbList\",\"@id\":\"https:\\\/\\\/manuelaluchtmeijer.com\\\/mon-compte\\\/#breadcrumb\",\"itemListElement\":[{\"@type\":\"ListItem\",\"position\":1,\"name\":\"Accueil\",\"item\":\"https:\\\/\\\/manuelaluchtmeijer.com\\\/\"},{\"@type\":\"ListItem\",\"position\":2,\"name\":\"Mon compte\"}]},{\"@type\":\"WebSite\",\"@id\":\"https:\\\/\\\/manuelaluchtmeijer.com\\\/#website\",\"url\":\"https:\\\/\\\/manuelaluchtmeijer.com\\\/\",\"name\":\"Manuela Luchtmeijer\",\"description\":\"artiste - plasticienne\",\"publisher\":{\"@id\":\"https:\\\/\\\/manuelaluchtmeijer.com\\\/#\\\/schema\\\/person\\\/f8c7c781339f5778d7c26efdc7d88323\"},\"potentialAction\":[{\"@type\":\"SearchAction\",\"target\":{\"@type\":\"EntryPoint\",\"urlTemplate\":\"https:\\\/\\\/manuelaluchtmeijer.com\\\/?s={search_term_string}\"},\"query-input\":{\"@type\":\"PropertyValueSpecification\",\"valueRequired\":true,\"valueName\":\"search_term_string\"}}],\"inLanguage\":\"en-US\"},{\"@type\":[\"Person\",\"Organization\"],\"@id\":\"https:\\\/\\\/manuelaluchtmeijer.com\\\/#\\\/schema\\\/person\\\/f8c7c781339f5778d7c26efdc7d88323\",\"name\":\"Atelier Manuela Luchtmeijer\",\"image\":{\"@type\":\"ImageObject\",\"inLanguage\":\"en-US\",\"@id\":\"https:\\\/\\\/i0.wp.com\\\/manuelaluchtmeijer.com\\\/wp-content\\\/uploads\\\/2020\\\/10\\\/LOGO-Manuela-Luchtmeijer-2-e1617879483252.png?fit=743%2C116&ssl=1\",\"url\":\"https:\\\/\\\/i0.wp.com\\\/manuelaluchtmeijer.com\\\/wp-content\\\/uploads\\\/2020\\\/10\\\/LOGO-Manuela-Luchtmeijer-2-e1617879483252.png?fit=743%2C116&ssl=1\",\"contentUrl\":\"https:\\\/\\\/i0.wp.com\\\/manuelaluchtmeijer.com\\\/wp-content\\\/uploads\\\/2020\\\/10\\\/LOGO-Manuela-Luchtmeijer-2-e1617879483252.png?fit=743%2C116&ssl=1\",\"width\":743,\"height\":116,\"caption\":\"Atelier Manuela Luchtmeijer\"},\"logo\":{\"@id\":\"https:\\\/\\\/i0.wp.com\\\/manuelaluchtmeijer.com\\\/wp-content\\\/uploads\\\/2020\\\/10\\\/LOGO-Manuela-Luchtmeijer-2-e1617879483252.png?fit=743%2C116&ssl=1\"}}]}<\/script>\n<!-- \/ Yoast SEO plugin. -->","yoast_head_json":{"title":"Mon compte - Manuela Luchtmeijer","description":"Manuela Luchtmeijer est une artiste\/peintre n\u00e9erlandaise bas\u00e9e \u00e0 Paris : biographie-collections-expositions-contact.","robots":{"index":"index","follow":"follow","max-snippet":"max-snippet:-1","max-image-preview":"max-image-preview:large","max-video-preview":"max-video-preview:-1"},"canonical":"https:\/\/manuelaluchtmeijer.com\/en\/mon-compte\/","og_locale":"en_US","og_type":"article","og_title":"Mon compte - Manuela Luchtmeijer","og_description":"Manuela Luchtmeijer est une artiste\/peintre n\u00e9erlandaise bas\u00e9e \u00e0 Paris : biographie-collections-expositions-contact.","og_url":"https:\/\/manuelaluchtmeijer.com\/en\/mon-compte\/","og_site_name":"Manuela Luchtmeijer","twitter_card":"summary_large_image","schema":{"@context":"https:\/\/schema.org","@graph":[{"@type":"WebPage","@id":"https:\/\/manuelaluchtmeijer.com\/mon-compte\/","url":"https:\/\/manuelaluchtmeijer.com\/mon-compte\/","name":"Mon compte - Manuela Luchtmeijer","isPartOf":{"@id":"https:\/\/manuelaluchtmeijer.com\/#website"},"datePublished":"2021-04-27T14:35:05+00:00","description":"Manuela Luchtmeijer est une artiste\/peintre n\u00e9erlandaise bas\u00e9e \u00e0 Paris : biographie-collections-expositions-contact.","breadcrumb":{"@id":"https:\/\/manuelaluchtmeijer.com\/mon-compte\/#breadcrumb"},"inLanguage":"en-US","potentialAction":[{"@type":"ReadAction","target":["https:\/\/manuelaluchtmeijer.com\/mon-compte\/"]}]},{"@type":"BreadcrumbList","@id":"https:\/\/manuelaluchtmeijer.com\/mon-compte\/#breadcrumb","itemListElement":[{"@type":"ListItem","position":1,"name":"Accueil","item":"https:\/\/manuelaluchtmeijer.com\/"},{"@type":"ListItem","position":2,"name":"Mon compte"}]},{"@type":"WebSite","@id":"https:\/\/manuelaluchtmeijer.com\/#website","url":"https:\/\/manuelaluchtmeijer.com\/","name":"Manuela Luchtmeijer","description":"artiste - plasticienne","publisher":{"@id":"https:\/\/manuelaluchtmeijer.com\/#\/schema\/person\/f8c7c781339f5778d7c26efdc7d88323"},"potentialAction":[{"@type":"SearchAction","target":{"@type":"EntryPoint","urlTemplate":"https:\/\/manuelaluchtmeijer.com\/?s={search_term_string}"},"query-input":{"@type":"PropertyValueSpecification","valueRequired":true,"valueName":"search_term_string"}}],"inLanguage":"en-US"},{"@type":["Person","Organization"],"@id":"https:\/\/manuelaluchtmeijer.com\/#\/schema\/person\/f8c7c781339f5778d7c26efdc7d88323","name":"Atelier Manuela Luchtmeijer","image":{"@type":"ImageObject","inLanguage":"en-US","@id":"https:\/\/i0.wp.com\/manuelaluchtmeijer.com\/wp-content\/uploads\/2020\/10\/LOGO-Manuela-Luchtmeijer-2-e1617879483252.png?fit=743%2C116&ssl=1","url":"https:\/\/i0.wp.com\/manuelaluchtmeijer.com\/wp-content\/uploads\/2020\/10\/LOGO-Manuela-Luchtmeijer-2-e1617879483252.png?fit=743%2C116&ssl=1","contentUrl":"https:\/\/i0.wp.com\/manuelaluchtmeijer.com\/wp-content\/uploads\/2020\/10\/LOGO-Manuela-Luchtmeijer-2-e1617879483252.png?fit=743%2C116&ssl=1","width":743,"height":116,"caption":"Atelier Manuela Luchtmeijer"},"logo":{"@id":"https:\/\/i0.wp.com\/manuelaluchtmeijer.com\/wp-content\/uploads\/2020\/10\/LOGO-Manuela-Luchtmeijer-2-e1617879483252.png?fit=743%2C116&ssl=1"}}]}},"jetpack_sharing_enabled":true,"_links":{"self":[{"href":"https:\/\/manuelaluchtmeijer.com\/en\/wp-json\/wp\/v2\/pages\/1068","targetHints":{"allow":["GET"]}}],"collection":[{"href":"https:\/\/manuelaluchtmeijer.com\/en\/wp-json\/wp\/v2\/pages"}],"about":[{"href":"https:\/\/manuelaluchtmeijer.com\/en\/wp-json\/wp\/v2\/types\/page"}],"author":[{"embeddable":true,"href":"https:\/\/manuelaluchtmeijer.com\/en\/wp-json\/wp\/v2\/users\/1"}],"replies":[{"embeddable":true,"href":"https:\/\/manuelaluchtmeijer.com\/en\/wp-json\/wp\/v2\/comments?post=1068"}],"version-history":[{"count":0,"href":"https:\/\/manuelaluchtmeijer.com\/en\/wp-json\/wp\/v2\/pages\/1068\/revisions"}],"wp:attachment":[{"href":"https:\/\/manuelaluchtmeijer.com\/en\/wp-json\/wp\/v2\/media?parent=1068"}],"curies":[{"name":"wp","href":"https:\/\/api.w.org\/{rel}","templated":true}]}}